{"id":51627,"date":"2025-10-12T19:26:22","date_gmt":"2025-10-12T16:26:22","guid":{"rendered":"https:\/\/www.tuky.fi\/etusivu\/?page_id=51627"},"modified":"2026-04-10T19:15:29","modified_gmt":"2026-04-10T16:15:29","slug":"taloustoimikunnan-puheenjohtaja","status":"publish","type":"page","link":"https:\/\/www.tuky.fi\/etusivu\/taloustoimikunnan-puheenjohtaja\/","title":{"rendered":"Taloustoimikunnan puheenjohtaja"},"content":{"rendered":"<p>[et_pb_section fb_built=&#8221;1&#8243; _builder_version=&#8221;4.27.4&#8243; _module_preset=&#8221;default&#8221; global_colors_info=&#8221;{}&#8221;][et_pb_row _builder_version=&#8221;4.27.4&#8243; _module_preset=&#8221;default&#8221;][et_pb_column _builder_version=&#8221;4.27.4&#8243; _module_preset=&#8221;default&#8221; type=&#8221;4_4&#8243;][et_pb_text _builder_version=&#8221;4.27.4&#8243; _module_preset=&#8221;default&#8221; hover_enabled=&#8221;0&#8243; sticky_enabled=&#8221;0&#8243;]<\/p>\n<p>In English below.<\/p>\n<p>[\/et_pb_text][\/et_pb_column][\/et_pb_row][et_pb_row column_structure=&#8221;3_4,1_4&#8243; _builder_version=&#8221;4.16&#8243; global_colors_info=&#8221;{}&#8221; min_height=&#8221;1588px&#8221;][et_pb_column type=&#8221;3_4&#8243; _builder_version=&#8221;4.16&#8243; custom_padding=&#8221;|||&#8221; global_colors_info=&#8221;{}&#8221; custom_padding__hover=&#8221;|||&#8221;][et_pb_text _builder_version=&#8221;4.27.4&#8243; global_colors_info=&#8221;{}&#8221;]<\/p>\n<h1>Taloustoimikunnan puheenjohtaja<\/h1>\n<p>&nbsp;<\/p>\n<h4><span style=\"color: #000000;\">Mit\u00e4 luottamustoimeeni kuuluu?<\/span><\/h4>\n<p><span style=\"color: #000000;\"><\/span><\/p>\n<p><span style=\"font-weight: 400;\">Taloustoimikunnan puheenjohtaja vastaa yhdistyksen talouden johtamisesta. TalToPJ:n vastuulla on yhdistyksen talouden suunnittelu, seuranta ja kehitt\u00e4minen yhteisty\u00f6ss\u00e4 yhdistyksen hallituksen, taloustoimikunnan ja talousp\u00e4\u00e4llik\u00f6n kanssa. K\u00e4yt\u00e4nn\u00f6ss\u00e4 t\u00e4m\u00e4 tarkoittaa talousarvion laatimista, toteumien seurantaa, kustannuslaskentaa, tilinp\u00e4\u00e4t\u00f6ksen laatimisen valvomista, rahoitus- ja kassasuunnittelua ja investointibudjetin p\u00e4ivitt\u00e4mist\u00e4.\u00a0<\/span><\/p>\n<p><span style=\"font-weight: 400;\">Vastaavasti TalToPJ:n ty\u00f6p\u00f6yd\u00e4lle kuuluu yhdistyksen omistamien yritysten (Monttu Ventures Oy, TuKY Tapahtumat Oy) omistajaohjaus, joka k\u00e4sitt\u00e4\u00e4 omistajan edun valvomisen yhti\u00f6iden hallituksen kokouksissa, yhti\u00f6kokousedustamisen sek\u00e4 linkkin\u00e4 toimimisen yritysten ja Turun KY:n v\u00e4lill\u00e4, unohtamatta kuitenkaan osallistumista liiketoiminnan kehitt\u00e4miseen ja tukemiseen tilanteen mukaan. TalToPJ:n teht\u00e4v\u00e4kentt\u00e4\u00e4n kuuluu my\u00f6s TuKYn sijoitussalkun hallinnointi, tuottojen- ja allokaation seuranta sek\u00e4 raportointi ohjes\u00e4\u00e4nt\u00f6jen mukaisesti.\u00a0<\/span><\/p>\n<p><span style=\"font-weight: 400;\">Taloustoimikunnan toiminnan johtaminen on olennainen osa TalToPJ:n toimenkuvaa, samoin kuin elimellisen\u00e4 osana p\u00f6yt\u00e4kuntaa toimiminen; Taloustoimikunnan puheenjohtaja osallistuu puhe- ja l\u00e4sn\u00e4olo-oikeudella yhdistyksen hallituksen kokouksiin. TalToPJ:n valitsee yhdistyksen kokous. Taloustoimikunnan puheenjohtaja puolestaan esitt\u00e4\u00e4 taloustoimikunnan kokoonpanoa yhdistyksen hallitukselle.\u00a0<\/span><\/p>\n<p><span style=\"font-weight: 400;\">Taloustoimikunta toimii asiantuntijaelimen\u00e4 yhdistyksen ja sen osien talouteen liittyviss\u00e4 kysymyksiss\u00e4, varsinkin riskienhallinnassa, investoinneissa ja Parkkiin liittyviss\u00e4 strategisissa teemoissa. TalToPJ k\u00e4y jatkuvaa keskustelua eri sidosryhmien kanssa tilannekuvan muodostamiseksi. Keskeisi\u00e4 sparrauskumppaneita ovat talousp\u00e4\u00e4llikk\u00f6, yhdistyksen puheenjohtaja, projektien p\u00e4\u00e4tuottajat ja controllerit, yritysten ylin johto sek\u00e4 kuntamestari.<\/span><\/p>\n<p><span style=\"font-weight: 400;\">Taloustoimikunnan puheenjohtajan pesti on kaksivuotinen, mik\u00e4 heijastelee roolin luonnetta: teht\u00e4v\u00e4 sis\u00e4lt\u00e4\u00e4 sek\u00e4 lyhyen ett\u00e4 pitk\u00e4n aikav\u00e4lin suunnittelua. Toisaalta pestiss\u00e4 on toistuvia prosesseja (raportoinnit, talousarviot, tilinp\u00e4\u00e4t\u00f6kset), joiden sis\u00e4ist\u00e4miseen kaksivuotinen kausi on tarkoituksenmukainen. Teht\u00e4v\u00e4ss\u00e4 on hy\u00f6ty\u00e4 analyyttisest\u00e4 ja ennakoivasta otteesta, laskentatoimen ja rahoituksen osaamisesta sek\u00e4 valmiudesta johtaa asiantuntijaelint\u00e4 eli taloustoimikuntaa.\u00a0<\/span><\/p>\n<p><span style=\"font-weight: 400;\">Luottamustoimi valmistaa erinomaisesti ty\u00f6el\u00e4m\u00e4n vaatimuksiin, sill\u00e4 pestiss\u00e4 on mahdollista kerrytt\u00e4\u00e4 ainutlaatuista osaamista talousjohtamisen, salkunhallinnan ja yhti\u00f6oikeuden saralla. Toimen arvokkain anti on kuitenkin TuKY-yhteis\u00f6, josta voi l\u00f6yt\u00e4\u00e4 syv\u00e4\u00e4 merkityst\u00e4 ja yst\u00e4vi\u00e4. Yhteisen yhdistyksemme edun eteen ponnistelu taloustoimikunnan puheenjohtajana on suurin etuoikeus.<\/span><\/p>\n<p><span style=\"font-weight: 400;\">Vastaan mielell\u00e4ni kysymyksiin liittyen taloustoimikunnan puheenjohtajan toimeen, kysymykset voi osoittaa s\u00e4hk\u00f6postitse talous@tuky.fi.<\/span><br style=\"font-weight: 400;\" \/><\/p>\n<p>&nbsp;<\/p>\n<p><b style=\"color: #000000;\"><br style=\"font-weight: 400;\" \/>Kysymykset:<\/b><\/p>\n<p><b><\/b><\/p>\n<p><strong>Yleiset:<\/strong><\/p>\n<ol>\n<li style=\"font-weight: 400;\" aria-level=\"1\"><span style=\"font-weight: 400;\">Nimi ja vuosikurssi<\/span><\/li>\n<li style=\"font-weight: 400;\" aria-level=\"1\"><span style=\"font-weight: 400;\">Aktiivisuutesi Turun KY:ll\u00e4 ja muut aiemmat luottamustoimet?<\/span><\/li>\n<li style=\"font-weight: 400;\" aria-level=\"1\"><span style=\"font-weight: 400;\">Ensi vuoden suunnitelmasi (ts. muut mahdolliset p\u00e4\u00e4llekk\u00e4iset projektit)<\/span><\/li>\n<li style=\"font-weight: 400;\" aria-level=\"1\"><span style=\"font-weight: 400;\">Mahdollinen ty\u00f6kokemus tai osaaminen talousjohtamisesta.<\/span><\/li>\n<\/ol>\n<p><span style=\"font-weight: 400;\"><\/span><\/p>\n<p><strong>Sektorikohtaiset:<\/strong><strong><\/strong><\/p>\n<ol>\n<li style=\"font-weight: 400;\" aria-level=\"1\"><span style=\"font-weight: 400;\">Suunnitelmallisuus ja vastuullisuus: Mit\u00e4 sinulle tarkoittaa vastuullinen taloudenhoito? Kuinka vastuullisuus n\u00e4kyy Turun KY:n taloudenhoidossa?<\/span><\/li>\n<li style=\"font-weight: 400;\" aria-level=\"1\"><span style=\"font-weight: 400;\">Johtaminen ja reagointikyky: Aamukahvilla avatessasi Turun Sanomat luet otsikon, jossa yhdistyksen yksi taloudellisesti merkitt\u00e4vimmist\u00e4 yhteisty\u00f6kumppaneista on hakeutunut konkurssiin. Mit\u00e4 ajattelet ja kuinka l\u00e4hdet tilannetta purkamaan?<\/span><\/li>\n<li style=\"font-weight: 400;\" aria-level=\"1\"><span style=\"font-weight: 400;\">Omistajaohjaus ja yhteisty\u00f6: Taloustoimikunnan Puheenjohtajana istuu\u00a0 Monttu Ventures Oy:n ja TuKY Tapahtumat Oy:n hallituksessa. TuKY Tapahtumat Oy:ss\u00e4 uusi liiketoiminta on vaatinut omistajalta aktiivisempaa otetta liiketoiminnan k\u00e4ynnist\u00e4misess\u00e4. Mink\u00e4laisena n\u00e4et tulevaisuudessa omistajan ohjaavan roolin yhti\u00f6iden toiminnassa?<\/span><span style=\"font-weight: 400;\">\n<p><\/span><\/li>\n<\/ol>\n<p>[\/et_pb_text][\/et_pb_column][et_pb_column type=&#8221;1_4&#8243; _builder_version=&#8221;4.16&#8243; custom_padding=&#8221;|||&#8221; global_colors_info=&#8221;{}&#8221; custom_padding__hover=&#8221;|||&#8221;][et_pb_team_member name=&#8221;Leevi Vesanen&#8221; position=&#8221;Taloustoimikunnan puheenjohtaja&#8221; image_url=&#8221;https:\/\/www.tuky.fi\/wp-content\/uploads\/2025\/03\/Leevi-Vesanen.jpg&#8221; _builder_version=&#8221;4.27.4&#8243; header_text_color=&#8221;#000000&#8243; global_colors_info=&#8221;{}&#8221;]<\/p>\n<p>talous@tuky.fi<\/p>\n<p>[\/et_pb_team_member][\/et_pb_column][\/et_pb_row][et_pb_row column_structure=&#8221;3_4,1_4&#8243; _builder_version=&#8221;4.16&#8243; global_colors_info=&#8221;{}&#8221;][et_pb_column type=&#8221;3_4&#8243; _builder_version=&#8221;4.16&#8243; custom_padding=&#8221;|||&#8221; global_colors_info=&#8221;{}&#8221; custom_padding__hover=&#8221;|||&#8221;][et_pb_text _builder_version=&#8221;4.27.4&#8243; hover_enabled=&#8221;0&#8243; global_colors_info=&#8221;{}&#8221; sticky_enabled=&#8221;0&#8243;]<\/p>\n<h1>Chair of the Finance Committee<\/h1>\n<p>&nbsp;<\/p>\n<h4><b>What does my position of trust include?<\/b><\/h4>\n<p><span style=\"color: #000000;\"><\/span><\/p>\n<p><span style=\"font-weight: 400;\">The Chair of the Finance Committee (TalToPJ) is responsible for managing the association\u2019s financial affairs. The role involves planning, monitoring, and developing the association\u2019s finances in cooperation with the Board, the Finance Committee, and the Financial Manager. In practice, this includes preparing the annual budget, monitoring actuals, conducting cost accounting, overseeing the preparation of financial statements, and managing financial and cash flow planning as well as updating the investment budget.<\/span><\/p>\n<p><span style=\"font-weight: 400;\">The TalToPJ is also responsible for the ownership steering of the companies owned by the association (Monttu Ventures Oy and TuKY Tapahtumat Oy). This includes safeguarding the owner\u2019s interests in board meetings, representing the association in shareholders\u2019 meetings, and acting as a liaison between the companies and Turun KY. The role also involves contributing to business development and providing support when needed. Additionally, the TalToPJ oversees the management of TuKY\u2019s investment portfolio, including monitoring returns and allocation, and reporting according to internal regulations.<\/span><\/p>\n<p><span style=\"font-weight: 400;\">Leading the operations of the Finance Committee is a central part of the role, as is serving as an integral member of the association\u2019s extended leadership. The Chair of the Finance Committee participates in the association\u2019s board meetings with the right to speak and be present. The TalToPJ is elected by the association\u2019s general meeting, while the Chair, in turn, proposes the composition of the Finance Committee to the Board.<\/span><\/p>\n<p><span style=\"font-weight: 400;\">The Finance Committee functions as an expert body on financial matters related to the association and its entities\u2014particularly in areas such as risk management, investments, and strategic issues related to Parkki. The TalToPJ maintains ongoing dialogue with various stakeholders to form an up-to-date situational picture. Key sparring partners include the Financial Manager, the Chair of the association, project producers and controllers, the executive management of the companies, and the Kuntamestari.<\/span><\/p>\n<p><span style=\"font-weight: 400;\">The position of the Finance Committee Chair is a two-year term, reflecting the nature of the role: it involves both short- and long-term planning. At the same time, it includes recurring processes (reporting, budgeting, financial statements) that require a longer learning curve, making a two-year term practical. Analytical and proactive thinking, knowledge of accounting and finance, and the ability to lead an expert body are all valuable in this position.<\/span><\/p>\n<p><span style=\"font-weight: 400;\">This position of trust provides excellent preparation for professional life, offering unique experience in financial management, portfolio management, and corporate governance. However, its greatest value lies in the TuKY community itself \u2014 a source of meaning, growth, and lifelong friendships. Serving as Chair of the Finance Committee and working for the good of our shared association is a great privilege.<\/span><\/p>\n<p><span style=\"font-weight: 400;\">For any questions regarding the role of the Finance Committee Chair, feel free to contact <\/span><b>talous@tuky.fi<\/b><span style=\"font-weight: 400;\">.<\/span><\/p>\n<p>&nbsp;<\/p>\n<p><b style=\"color: #000000;\"><br style=\"font-weight: 400;\" \/>Questions:<\/b><\/p>\n<p><b><\/b><\/p>\n<p><strong>General:<\/strong><\/p>\n<ol>\n<li style=\"font-weight: 400;\" aria-level=\"1\"><span style=\"font-weight: 400;\">Name and year of study<\/span><\/li>\n<li style=\"font-weight: 400;\" aria-level=\"1\"><span style=\"font-weight: 400;\">Your activity in Turun KY and previous positions of trust<\/span><\/li>\n<li style=\"font-weight: 400;\" aria-level=\"1\"><span style=\"font-weight: 400;\">Your plans for the next year (i.e., any overlapping projects)<\/span><\/li>\n<li style=\"font-weight: 400;\" aria-level=\"1\"><span style=\"font-weight: 400;\">Possible work experience or expertise in financial management<\/span><\/li>\n<\/ol>\n<p><span style=\"font-weight: 400;\"><\/span><\/p>\n<p><strong>Sector-specific:<\/strong><strong><\/strong><\/p>\n<ol>\n<li style=\"font-weight: 400;\" aria-level=\"1\">Planning and responsibility: What does responsible financial management mean to you? How does responsibility manifest in the financial operations of Turun KY?<\/li>\n<li style=\"font-weight: 400;\" aria-level=\"1\">Leadership and responsiveness: While reading your morning newspaper, you discover that one of the association\u2019s most significant financial partners has declared bankruptcy. What are your first thoughts, and how would you approach the situation?<\/li>\n<li style=\"font-weight: 400;\" aria-level=\"1\">Ownership steering and cooperation: As Chair of the Finance Committee, you serve on the boards of Monttu Ventures Oy and TuKY Tapahtumat Oy. In TuKY Tapahtumat Oy, new business activities have required a more active role from the owner in getting operations started. How do you see the owner\u2019s steering role developing in the future for these companies?<\/li>\n<\/ol>\n<p>[\/et_pb_text][\/et_pb_column][et_pb_column type=&#8221;1_4&#8243; _builder_version=&#8221;4.16&#8243; custom_padding=&#8221;|||&#8221; global_colors_info=&#8221;{}&#8221; custom_padding__hover=&#8221;|||&#8221;][et_pb_team_member name=&#8221;Leevi Vesanen&#8221; position=&#8221;Taloustoimikunnan puheenjohtaja&#8221; image_url=&#8221;https:\/\/www.tuky.fi\/wp-content\/uploads\/2025\/03\/Leevi-Vesanen.jpg&#8221; _builder_version=&#8221;4.27.4&#8243; header_text_color=&#8221;#000000&#8243; global_colors_info=&#8221;{}&#8221;]<\/p>\n<p>talous@tuky.fi<\/p>\n<p>[\/et_pb_team_member][\/et_pb_column][\/et_pb_row][\/et_pb_section]<\/p>\n","protected":false},"excerpt":{"rendered":"<p>In English below.Taloustoimikunnan puheenjohtaja &nbsp; Mit\u00e4 luottamustoimeeni kuuluu? Taloustoimikunnan puheenjohtaja vastaa yhdistyksen talouden johtamisesta. TalToPJ:n vastuulla on yhdistyksen talouden suunnittelu, seuranta ja kehitt\u00e4minen yhteisty\u00f6ss\u00e4 yhdistyksen hallituksen, taloustoimikunnan ja talousp\u00e4\u00e4llik\u00f6n kanssa. [&hellip;]<\/p>\n","protected":false},"author":43,"featured_media":0,"parent":0,"menu_order":0,"comment_status":"closed","ping_status":"closed","template":"","meta":{"_et_pb_use_builder":"on","_et_pb_old_content":"","_et_gb_content_width":"","footnotes":""},"class_list":["post-51627","page","type-page","status-publish","hentry"],"yoast_head":"<!-- This site is optimized with the Yoast SEO plugin v27.2 - https:\/\/yoast.com\/product\/yoast-seo-wordpress\/ -->\n<title>Turun KY Taloustoimikunnan puheenjohtaja<\/title>\n<meta name=\"robots\" content=\"index, follow, max-snippet:-1, max-image-preview:large, max-video-preview:-1\" \/>\n<link rel=\"canonical\" href=\"https:\/\/www.tuky.fi\/etusivu\/taloustoimikunnan-puheenjohtaja\/\" \/>\n<meta property=\"og:locale\" content=\"fi_FI\" \/>\n<meta property=\"og:type\" content=\"article\" \/>\n<meta property=\"og:title\" content=\"Turun KY Taloustoimikunnan puheenjohtaja\" \/>\n<meta property=\"og:description\" content=\"In English below.Taloustoimikunnan puheenjohtaja &nbsp; Mit\u00e4 luottamustoimeeni kuuluu? Taloustoimikunnan puheenjohtaja vastaa yhdistyksen talouden johtamisesta. TalToPJ:n vastuulla on yhdistyksen talouden suunnittelu, seuranta ja kehitt\u00e4minen yhteisty\u00f6ss\u00e4 yhdistyksen hallituksen, taloustoimikunnan ja talousp\u00e4\u00e4llik\u00f6n kanssa. [&hellip;]\" \/>\n<meta property=\"og:url\" content=\"https:\/\/www.tuky.fi\/etusivu\/taloustoimikunnan-puheenjohtaja\/\" \/>\n<meta property=\"og:site_name\" content=\"Turun KY\" \/>\n<meta property=\"article:modified_time\" content=\"2026-04-10T16:15:29+00:00\" \/>\n<meta name=\"twitter:card\" content=\"summary_large_image\" \/>\n<meta name=\"twitter:label1\" content=\"Arvioitu lukuaika\" \/>\n\t<meta name=\"twitter:data1\" content=\"3 minuuttia\" \/>\n<script type=\"application\/ld+json\" class=\"yoast-schema-graph\">{\"@context\":\"https:\/\/schema.org\",\"@graph\":[{\"@type\":\"WebPage\",\"@id\":\"https:\/\/www.tuky.fi\/etusivu\/taloustoimikunnan-puheenjohtaja\/\",\"url\":\"https:\/\/www.tuky.fi\/etusivu\/taloustoimikunnan-puheenjohtaja\/\",\"name\":\"Turun KY Taloustoimikunnan puheenjohtaja\",\"isPartOf\":{\"@id\":\"https:\/\/www.tuky.fi\/etusivu\/#website\"},\"datePublished\":\"2025-10-12T16:26:22+00:00\",\"dateModified\":\"2026-04-10T16:15:29+00:00\",\"breadcrumb\":{\"@id\":\"https:\/\/www.tuky.fi\/etusivu\/taloustoimikunnan-puheenjohtaja\/#breadcrumb\"},\"inLanguage\":\"fi\",\"potentialAction\":[{\"@type\":\"ReadAction\",\"target\":[\"https:\/\/www.tuky.fi\/etusivu\/taloustoimikunnan-puheenjohtaja\/\"]}]},{\"@type\":\"BreadcrumbList\",\"@id\":\"https:\/\/www.tuky.fi\/etusivu\/taloustoimikunnan-puheenjohtaja\/#breadcrumb\",\"itemListElement\":[{\"@type\":\"ListItem\",\"position\":1,\"name\":\"Etusivu\",\"item\":\"https:\/\/www.tuky.fi\/etusivu\/\"},{\"@type\":\"ListItem\",\"position\":2,\"name\":\"Taloustoimikunnan puheenjohtaja\"}]},{\"@type\":\"WebSite\",\"@id\":\"https:\/\/www.tuky.fi\/etusivu\/#website\",\"url\":\"https:\/\/www.tuky.fi\/etusivu\/\",\"name\":\"Turun KY\",\"description\":\"TuKY\",\"publisher\":{\"@id\":\"https:\/\/www.tuky.fi\/etusivu\/#organization\"},\"alternateName\":\"TuKY\",\"potentialAction\":[{\"@type\":\"SearchAction\",\"target\":{\"@type\":\"EntryPoint\",\"urlTemplate\":\"https:\/\/www.tuky.fi\/etusivu\/?s={search_term_string}\"},\"query-input\":{\"@type\":\"PropertyValueSpecification\",\"valueRequired\":true,\"valueName\":\"search_term_string\"}}],\"inLanguage\":\"fi\"},{\"@type\":\"Organization\",\"@id\":\"https:\/\/www.tuky.fi\/etusivu\/#organization\",\"name\":\"Turun KY\",\"alternateName\":\"TuKY\",\"url\":\"https:\/\/www.tuky.fi\/etusivu\/\",\"logo\":{\"@type\":\"ImageObject\",\"inLanguage\":\"fi\",\"@id\":\"https:\/\/www.tuky.fi\/etusivu\/#\/schema\/logo\/image\/\",\"url\":\"https:\/\/www.tuky.fi\/wp-content\/uploads\/2024\/09\/TuKY-logo-kulta-1.png\",\"contentUrl\":\"https:\/\/www.tuky.fi\/wp-content\/uploads\/2024\/09\/TuKY-logo-kulta-1.png\",\"width\":1080,\"height\":1080,\"caption\":\"Turun KY\"},\"image\":{\"@id\":\"https:\/\/www.tuky.fi\/etusivu\/#\/schema\/logo\/image\/\"},\"sameAs\":[\"https:\/\/instagram.com\/turunky\",\"https:\/\/linkedin.com\/turunky\"]}]}<\/script>\n<!-- \/ Yoast SEO plugin. -->","yoast_head_json":{"title":"Turun KY Taloustoimikunnan puheenjohtaja","robots":{"index":"index","follow":"follow","max-snippet":"max-snippet:-1","max-image-preview":"max-image-preview:large","max-video-preview":"max-video-preview:-1"},"canonical":"https:\/\/www.tuky.fi\/etusivu\/taloustoimikunnan-puheenjohtaja\/","og_locale":"fi_FI","og_type":"article","og_title":"Turun KY Taloustoimikunnan puheenjohtaja","og_description":"In English below.Taloustoimikunnan puheenjohtaja &nbsp; Mit\u00e4 luottamustoimeeni kuuluu? Taloustoimikunnan puheenjohtaja vastaa yhdistyksen talouden johtamisesta. TalToPJ:n vastuulla on yhdistyksen talouden suunnittelu, seuranta ja kehitt\u00e4minen yhteisty\u00f6ss\u00e4 yhdistyksen hallituksen, taloustoimikunnan ja talousp\u00e4\u00e4llik\u00f6n kanssa. [&hellip;]","og_url":"https:\/\/www.tuky.fi\/etusivu\/taloustoimikunnan-puheenjohtaja\/","og_site_name":"Turun KY","article_modified_time":"2026-04-10T16:15:29+00:00","twitter_card":"summary_large_image","twitter_misc":{"Arvioitu lukuaika":"3 minuuttia"},"schema":{"@context":"https:\/\/schema.org","@graph":[{"@type":"WebPage","@id":"https:\/\/www.tuky.fi\/etusivu\/taloustoimikunnan-puheenjohtaja\/","url":"https:\/\/www.tuky.fi\/etusivu\/taloustoimikunnan-puheenjohtaja\/","name":"Turun KY Taloustoimikunnan puheenjohtaja","isPartOf":{"@id":"https:\/\/www.tuky.fi\/etusivu\/#website"},"datePublished":"2025-10-12T16:26:22+00:00","dateModified":"2026-04-10T16:15:29+00:00","breadcrumb":{"@id":"https:\/\/www.tuky.fi\/etusivu\/taloustoimikunnan-puheenjohtaja\/#breadcrumb"},"inLanguage":"fi","potentialAction":[{"@type":"ReadAction","target":["https:\/\/www.tuky.fi\/etusivu\/taloustoimikunnan-puheenjohtaja\/"]}]},{"@type":"BreadcrumbList","@id":"https:\/\/www.tuky.fi\/etusivu\/taloustoimikunnan-puheenjohtaja\/#breadcrumb","itemListElement":[{"@type":"ListItem","position":1,"name":"Etusivu","item":"https:\/\/www.tuky.fi\/etusivu\/"},{"@type":"ListItem","position":2,"name":"Taloustoimikunnan puheenjohtaja"}]},{"@type":"WebSite","@id":"https:\/\/www.tuky.fi\/etusivu\/#website","url":"https:\/\/www.tuky.fi\/etusivu\/","name":"Turun KY","description":"TuKY","publisher":{"@id":"https:\/\/www.tuky.fi\/etusivu\/#organization"},"alternateName":"TuKY","potentialAction":[{"@type":"SearchAction","target":{"@type":"EntryPoint","urlTemplate":"https:\/\/www.tuky.fi\/etusivu\/?s={search_term_string}"},"query-input":{"@type":"PropertyValueSpecification","valueRequired":true,"valueName":"search_term_string"}}],"inLanguage":"fi"},{"@type":"Organization","@id":"https:\/\/www.tuky.fi\/etusivu\/#organization","name":"Turun KY","alternateName":"TuKY","url":"https:\/\/www.tuky.fi\/etusivu\/","logo":{"@type":"ImageObject","inLanguage":"fi","@id":"https:\/\/www.tuky.fi\/etusivu\/#\/schema\/logo\/image\/","url":"https:\/\/www.tuky.fi\/wp-content\/uploads\/2024\/09\/TuKY-logo-kulta-1.png","contentUrl":"https:\/\/www.tuky.fi\/wp-content\/uploads\/2024\/09\/TuKY-logo-kulta-1.png","width":1080,"height":1080,"caption":"Turun KY"},"image":{"@id":"https:\/\/www.tuky.fi\/etusivu\/#\/schema\/logo\/image\/"},"sameAs":["https:\/\/instagram.com\/turunky","https:\/\/linkedin.com\/turunky"]}]}},"lang":"fi","translations":{"fi":51627},"pll_sync_post":[],"_links":{"self":[{"href":"https:\/\/www.tuky.fi\/etusivu\/wp-json\/wp\/v2\/pages\/51627","targetHints":{"allow":["GET"]}}],"collection":[{"href":"https:\/\/www.tuky.fi\/etusivu\/wp-json\/wp\/v2\/pages"}],"about":[{"href":"https:\/\/www.tuky.fi\/etusivu\/wp-json\/wp\/v2\/types\/page"}],"author":[{"embeddable":true,"href":"https:\/\/www.tuky.fi\/etusivu\/wp-json\/wp\/v2\/users\/43"}],"replies":[{"embeddable":true,"href":"https:\/\/www.tuky.fi\/etusivu\/wp-json\/wp\/v2\/comments?post=51627"}],"version-history":[{"count":1,"href":"https:\/\/www.tuky.fi\/etusivu\/wp-json\/wp\/v2\/pages\/51627\/revisions"}],"predecessor-version":[{"id":53138,"href":"https:\/\/www.tuky.fi\/etusivu\/wp-json\/wp\/v2\/pages\/51627\/revisions\/53138"}],"wp:attachment":[{"href":"https:\/\/www.tuky.fi\/etusivu\/wp-json\/wp\/v2\/media?parent=51627"}],"curies":[{"name":"wp","href":"https:\/\/api.w.org\/{rel}","templated":true}]}}