{"id":42751,"date":"2022-11-02T16:26:08","date_gmt":"2022-11-02T13:26:08","guid":{"rendered":"https:\/\/www.tuky.fi\/etusivu\/?page_id=42751"},"modified":"2026-04-23T13:25:58","modified_gmt":"2026-04-23T10:25:58","slug":"jasenille-2","status":"publish","type":"page","link":"https:\/\/www.tuky.fi\/etusivu\/jasenille-2\/","title":{"rendered":"J\u00e4senille"},"content":{"rendered":"<p>[et_pb_section fb_built=&#8221;1&#8243; fullwidth=&#8221;on&#8221; _builder_version=&#8221;4.27.3&#8243; hover_enabled=&#8221;0&#8243; global_colors_info=&#8221;{}&#8221; background_color=&#8221;RGBA(255,255,255,0)&#8221; title_text=&#8221;54035172405_aec7cee98d_k&#8221; background_image=&#8221;https:\/\/www.tuky.fi\/wp-content\/uploads\/2024\/11\/54035172405_aec7cee98d_k.jpg&#8221; height=&#8221;450px&#8221; sticky_enabled=&#8221;0&#8243;][et_pb_fullwidth_header _builder_version=&#8221;4.27.3&#8243; _module_preset=&#8221;default&#8221; title=&#8221;J\u00e4senille&#8221; title_font=&#8221;&#8211;et_global_heading_font|800||on|||||&#8221; title_text_align=&#8221;center&#8221; title_text_color=&#8221;#FFFFFF&#8221; hover_enabled=&#8221;0&#8243; sticky_enabled=&#8221;0&#8243; background_color=&#8221;RGBA(255,255,255,0)&#8221; min_height=&#8221;447px&#8221; title_font_size=&#8221;60px&#8221;][\/et_pb_fullwidth_header][\/et_pb_section][et_pb_section fb_built=&#8221;1&#8243; _builder_version=&#8221;4.16&#8243; global_colors_info=&#8221;{}&#8221;][et_pb_row column_structure=&#8221;1_2,1_2&#8243; _builder_version=&#8221;4.16&#8243; background_size=&#8221;initial&#8221; background_position=&#8221;top_left&#8221; background_repeat=&#8221;repeat&#8221; global_colors_info=&#8221;{}&#8221;][et_pb_column type=&#8221;1_2&#8243; _builder_version=&#8221;4.16&#8243; custom_padding=&#8221;|||&#8221; global_colors_info=&#8221;{}&#8221; custom_padding__hover=&#8221;|||&#8221;][et_pb_image src=&#8221;http:\/\/www.tuky.fi\/wp-content\/uploads\/2017\/07\/11884684_935588616512680_6111024165250457326_o.jpg&#8221; align=&#8221;center&#8221; align_tablet=&#8221;center&#8221; align_phone=&#8221;center&#8221; align_last_edited=&#8221;on|desktop&#8221; _builder_version=&#8221;4.16&#8243; animation=&#8221;off&#8221; global_colors_info=&#8221;{}&#8221;][\/et_pb_image][\/et_pb_column][et_pb_column type=&#8221;1_2&#8243; _builder_version=&#8221;4.16&#8243; custom_padding=&#8221;|||&#8221; global_colors_info=&#8221;{}&#8221; custom_padding__hover=&#8221;|||&#8221;][et_pb_text _builder_version=&#8221;4.27.3&#8243; hover_enabled=&#8221;0&#8243; global_colors_info=&#8221;{}&#8221; sticky_enabled=&#8221;0&#8243;]<\/p>\n<p>Turun KY tarjoaa j\u00e4senilleen laajan valikoiman upeita tapahtumia, el\u00e4myksi\u00e4 ja asiantuntevaa edunvalvontaa, joilla varmistamme, ett\u00e4 j\u00e4senemme saavat opiskelijael\u00e4m\u00e4st\u00e4\u00e4n kaiken irti.<\/p>\n<p>Tapahtumakalenterissamme p\u00e4\u00e4set tutustumaan kaikkiin Turun KY:n alaisuudessa j\u00e4rjestett\u00e4viin tapahtumiin, aina bileist\u00e4 yritysvierailuihin ja kulttuuriel\u00e4myksiin.<\/p>\n<p>TuKYn j\u00e4senen\u00e4 p\u00e4\u00e4set nauttimaan paitsi Suomen Ekonomien eduista, my\u00f6s omista huikeista j\u00e4seneduistamme t\u00e4\u00e4ll\u00e4 Turussa.<\/p>\n<p>&#8217;Opinnot&#8217; -sivulta l\u00f6yd\u00e4t tenttiarkiston sek\u00e4 anonyymiin palautelomakkeen, jonka kautta voit olla yhteydess\u00e4 Turun KY:n koulutuspoliittiseen vastaavaan, mik\u00e4li sinulla on huolia johonkin kurssiin liittyen tai muuten opintoihin liittyen.<\/p>\n<p>[\/et_pb_text][\/et_pb_column][\/et_pb_row][\/et_pb_section]<\/p>\n","protected":false},"excerpt":{"rendered":"<p>Turun KY tarjoaa j\u00e4senilleen laajan valikoiman upeita tapahtumia, el\u00e4myksi\u00e4 ja asiantuntevaa edunvalvontaa, joilla varmistamme, ett\u00e4 j\u00e4senemme saavat opiskelijael\u00e4m\u00e4st\u00e4\u00e4n kaiken irti. Tapahtumakalenterissamme p\u00e4\u00e4set tutustumaan kaikkiin Turun KY:n alaisuudessa j\u00e4rjestett\u00e4viin tapahtumiin, aina [&hellip;]<\/p>\n","protected":false},"author":47,"featured_media":0,"parent":0,"menu_order":0,"comment_status":"closed","ping_status":"closed","template":"","meta":{"_et_pb_use_builder":"on","_et_pb_old_content":"","_et_gb_content_width":"","footnotes":""},"class_list":["post-42751","page","type-page","status-publish","hentry"],"yoast_head":"<!-- This site is optimized with the Yoast SEO plugin v27.2 - https:\/\/yoast.com\/product\/yoast-seo-wordpress\/ -->\n<title>Turun KY J\u00e4senille<\/title>\n<meta name=\"robots\" content=\"index, follow, max-snippet:-1, max-image-preview:large, max-video-preview:-1\" \/>\n<link rel=\"canonical\" href=\"https:\/\/www.tuky.fi\/etusivu\/jasenille-2\/\" \/>\n<meta property=\"og:locale\" content=\"fi_FI\" \/>\n<meta property=\"og:type\" content=\"article\" \/>\n<meta property=\"og:title\" content=\"Turun KY J\u00e4senille\" \/>\n<meta property=\"og:description\" content=\"Turun KY tarjoaa j\u00e4senilleen laajan valikoiman upeita tapahtumia, el\u00e4myksi\u00e4 ja asiantuntevaa edunvalvontaa, joilla varmistamme, ett\u00e4 j\u00e4senemme saavat opiskelijael\u00e4m\u00e4st\u00e4\u00e4n kaiken irti. Tapahtumakalenterissamme p\u00e4\u00e4set tutustumaan kaikkiin Turun KY:n alaisuudessa j\u00e4rjestett\u00e4viin tapahtumiin, aina [&hellip;]\" \/>\n<meta property=\"og:url\" content=\"https:\/\/www.tuky.fi\/etusivu\/jasenille-2\/\" \/>\n<meta property=\"og:site_name\" content=\"Turun KY\" \/>\n<meta property=\"article:modified_time\" content=\"2026-04-23T10:25:58+00:00\" \/>\n<meta name=\"twitter:card\" content=\"summary_large_image\" \/>\n<meta name=\"twitter:label1\" content=\"Arvioitu lukuaika\" \/>\n\t<meta name=\"twitter:data1\" content=\"2 minuuttia\" \/>\n<script type=\"application\/ld+json\" class=\"yoast-schema-graph\">{\"@context\":\"https:\/\/schema.org\",\"@graph\":[{\"@type\":\"WebPage\",\"@id\":\"https:\/\/www.tuky.fi\/etusivu\/jasenille-2\/\",\"url\":\"https:\/\/www.tuky.fi\/etusivu\/jasenille-2\/\",\"name\":\"Turun KY J\u00e4senille\",\"isPartOf\":{\"@id\":\"https:\/\/www.tuky.fi\/etusivu\/#website\"},\"datePublished\":\"2022-11-02T13:26:08+00:00\",\"dateModified\":\"2026-04-23T10:25:58+00:00\",\"breadcrumb\":{\"@id\":\"https:\/\/www.tuky.fi\/etusivu\/jasenille-2\/#breadcrumb\"},\"inLanguage\":\"fi\",\"potentialAction\":[{\"@type\":\"ReadAction\",\"target\":[\"https:\/\/www.tuky.fi\/etusivu\/jasenille-2\/\"]}]},{\"@type\":\"BreadcrumbList\",\"@id\":\"https:\/\/www.tuky.fi\/etusivu\/jasenille-2\/#breadcrumb\",\"itemListElement\":[{\"@type\":\"ListItem\",\"position\":1,\"name\":\"Etusivu\",\"item\":\"https:\/\/www.tuky.fi\/etusivu\/\"},{\"@type\":\"ListItem\",\"position\":2,\"name\":\"J\u00e4senille\"}]},{\"@type\":\"WebSite\",\"@id\":\"https:\/\/www.tuky.fi\/etusivu\/#website\",\"url\":\"https:\/\/www.tuky.fi\/etusivu\/\",\"name\":\"Turun KY\",\"description\":\"TuKY\",\"publisher\":{\"@id\":\"https:\/\/www.tuky.fi\/etusivu\/#organization\"},\"alternateName\":\"TuKY\",\"potentialAction\":[{\"@type\":\"SearchAction\",\"target\":{\"@type\":\"EntryPoint\",\"urlTemplate\":\"https:\/\/www.tuky.fi\/etusivu\/?s={search_term_string}\"},\"query-input\":{\"@type\":\"PropertyValueSpecification\",\"valueRequired\":true,\"valueName\":\"search_term_string\"}}],\"inLanguage\":\"fi\"},{\"@type\":\"Organization\",\"@id\":\"https:\/\/www.tuky.fi\/etusivu\/#organization\",\"name\":\"Turun KY\",\"alternateName\":\"TuKY\",\"url\":\"https:\/\/www.tuky.fi\/etusivu\/\",\"logo\":{\"@type\":\"ImageObject\",\"inLanguage\":\"fi\",\"@id\":\"https:\/\/www.tuky.fi\/etusivu\/#\/schema\/logo\/image\/\",\"url\":\"https:\/\/www.tuky.fi\/wp-content\/uploads\/2024\/09\/TuKY-logo-kulta-1.png\",\"contentUrl\":\"https:\/\/www.tuky.fi\/wp-content\/uploads\/2024\/09\/TuKY-logo-kulta-1.png\",\"width\":1080,\"height\":1080,\"caption\":\"Turun KY\"},\"image\":{\"@id\":\"https:\/\/www.tuky.fi\/etusivu\/#\/schema\/logo\/image\/\"},\"sameAs\":[\"https:\/\/instagram.com\/turunky\",\"https:\/\/linkedin.com\/turunky\"]}]}<\/script>\n<!-- \/ Yoast SEO plugin. -->","yoast_head_json":{"title":"Turun KY J\u00e4senille","robots":{"index":"index","follow":"follow","max-snippet":"max-snippet:-1","max-image-preview":"max-image-preview:large","max-video-preview":"max-video-preview:-1"},"canonical":"https:\/\/www.tuky.fi\/etusivu\/jasenille-2\/","og_locale":"fi_FI","og_type":"article","og_title":"Turun KY J\u00e4senille","og_description":"Turun KY tarjoaa j\u00e4senilleen laajan valikoiman upeita tapahtumia, el\u00e4myksi\u00e4 ja asiantuntevaa edunvalvontaa, joilla varmistamme, ett\u00e4 j\u00e4senemme saavat opiskelijael\u00e4m\u00e4st\u00e4\u00e4n kaiken irti. Tapahtumakalenterissamme p\u00e4\u00e4set tutustumaan kaikkiin Turun KY:n alaisuudessa j\u00e4rjestett\u00e4viin tapahtumiin, aina [&hellip;]","og_url":"https:\/\/www.tuky.fi\/etusivu\/jasenille-2\/","og_site_name":"Turun KY","article_modified_time":"2026-04-23T10:25:58+00:00","twitter_card":"summary_large_image","twitter_misc":{"Arvioitu lukuaika":"2 minuuttia"},"schema":{"@context":"https:\/\/schema.org","@graph":[{"@type":"WebPage","@id":"https:\/\/www.tuky.fi\/etusivu\/jasenille-2\/","url":"https:\/\/www.tuky.fi\/etusivu\/jasenille-2\/","name":"Turun KY J\u00e4senille","isPartOf":{"@id":"https:\/\/www.tuky.fi\/etusivu\/#website"},"datePublished":"2022-11-02T13:26:08+00:00","dateModified":"2026-04-23T10:25:58+00:00","breadcrumb":{"@id":"https:\/\/www.tuky.fi\/etusivu\/jasenille-2\/#breadcrumb"},"inLanguage":"fi","potentialAction":[{"@type":"ReadAction","target":["https:\/\/www.tuky.fi\/etusivu\/jasenille-2\/"]}]},{"@type":"BreadcrumbList","@id":"https:\/\/www.tuky.fi\/etusivu\/jasenille-2\/#breadcrumb","itemListElement":[{"@type":"ListItem","position":1,"name":"Etusivu","item":"https:\/\/www.tuky.fi\/etusivu\/"},{"@type":"ListItem","position":2,"name":"J\u00e4senille"}]},{"@type":"WebSite","@id":"https:\/\/www.tuky.fi\/etusivu\/#website","url":"https:\/\/www.tuky.fi\/etusivu\/","name":"Turun KY","description":"TuKY","publisher":{"@id":"https:\/\/www.tuky.fi\/etusivu\/#organization"},"alternateName":"TuKY","potentialAction":[{"@type":"SearchAction","target":{"@type":"EntryPoint","urlTemplate":"https:\/\/www.tuky.fi\/etusivu\/?s={search_term_string}"},"query-input":{"@type":"PropertyValueSpecification","valueRequired":true,"valueName":"search_term_string"}}],"inLanguage":"fi"},{"@type":"Organization","@id":"https:\/\/www.tuky.fi\/etusivu\/#organization","name":"Turun KY","alternateName":"TuKY","url":"https:\/\/www.tuky.fi\/etusivu\/","logo":{"@type":"ImageObject","inLanguage":"fi","@id":"https:\/\/www.tuky.fi\/etusivu\/#\/schema\/logo\/image\/","url":"https:\/\/www.tuky.fi\/wp-content\/uploads\/2024\/09\/TuKY-logo-kulta-1.png","contentUrl":"https:\/\/www.tuky.fi\/wp-content\/uploads\/2024\/09\/TuKY-logo-kulta-1.png","width":1080,"height":1080,"caption":"Turun KY"},"image":{"@id":"https:\/\/www.tuky.fi\/etusivu\/#\/schema\/logo\/image\/"},"sameAs":["https:\/\/instagram.com\/turunky","https:\/\/linkedin.com\/turunky"]}]}},"lang":"fi","translations":{"fi":42751,"en":49329},"pll_sync_post":[],"_links":{"self":[{"href":"https:\/\/www.tuky.fi\/etusivu\/wp-json\/wp\/v2\/pages\/42751","targetHints":{"allow":["GET"]}}],"collection":[{"href":"https:\/\/www.tuky.fi\/etusivu\/wp-json\/wp\/v2\/pages"}],"about":[{"href":"https:\/\/www.tuky.fi\/etusivu\/wp-json\/wp\/v2\/types\/page"}],"author":[{"embeddable":true,"href":"https:\/\/www.tuky.fi\/etusivu\/wp-json\/wp\/v2\/users\/47"}],"replies":[{"embeddable":true,"href":"https:\/\/www.tuky.fi\/etusivu\/wp-json\/wp\/v2\/comments?post=42751"}],"version-history":[{"count":1,"href":"https:\/\/www.tuky.fi\/etusivu\/wp-json\/wp\/v2\/pages\/42751\/revisions"}],"predecessor-version":[{"id":53120,"href":"https:\/\/www.tuky.fi\/etusivu\/wp-json\/wp\/v2\/pages\/42751\/revisions\/53120"}],"wp:attachment":[{"href":"https:\/\/www.tuky.fi\/etusivu\/wp-json\/wp\/v2\/media?parent=42751"}],"curies":[{"name":"wp","href":"https:\/\/api.w.org\/{rel}","templated":true}]}}