{"id":41170,"date":"2022-03-21T16:31:47","date_gmt":"2022-03-21T13:31:47","guid":{"rendered":"https:\/\/www.tuky.fi\/etusivu\/?page_id=41170"},"modified":"2026-04-10T19:15:30","modified_gmt":"2026-04-10T16:15:30","slug":"tse-mentor","status":"publish","type":"page","link":"https:\/\/www.tuky.fi\/etusivu\/tse-mentor\/","title":{"rendered":"TSE-Mentor"},"content":{"rendered":"<p>[et_pb_section fb_built=&#8221;1&#8243; module_id=&#8221;tuky8&#8243; _builder_version=&#8221;4.16&#8243; global_colors_info=&#8221;{}&#8221;][et_pb_row _builder_version=&#8221;4.16&#8243; _module_preset=&#8221;default&#8221; global_colors_info=&#8221;{}&#8221;][et_pb_column type=&#8221;4_4&#8243; _builder_version=&#8221;4.16&#8243; _module_preset=&#8221;default&#8221; global_colors_info=&#8221;{}&#8221;][et_pb_divider _builder_version=&#8221;4.27.4&#8243; _module_preset=&#8221;default&#8221; global_colors_info=&#8221;{}&#8221;][\/et_pb_divider][et_pb_divider _builder_version=&#8221;4.27.4&#8243; _module_preset=&#8221;default&#8221; global_colors_info=&#8221;{}&#8221;][\/et_pb_divider][\/et_pb_column][\/et_pb_row][et_pb_row _builder_version=&#8221;4.16&#8243; custom_padding=&#8221;4px|0px|19px|0px&#8221; global_colors_info=&#8221;{}&#8221;][et_pb_column type=&#8221;4_4&#8243; _builder_version=&#8221;4.16&#8243; custom_padding=&#8221;|||&#8221; global_colors_info=&#8221;{}&#8221; custom_padding__hover=&#8221;|||&#8221;][et_pb_text _builder_version=&#8221;4.16&#8243; global_colors_info=&#8221;{}&#8221;]<\/p>\n<h1 style=\"text-align: center;\">TSE-Mentor<\/h1>\n<p>[\/et_pb_text][\/et_pb_column][\/et_pb_row][et_pb_row _builder_version=&#8221;4.16&#8243; _module_preset=&#8221;default&#8221; global_colors_info=&#8221;{}&#8221;][et_pb_column type=&#8221;4_4&#8243; _builder_version=&#8221;4.16&#8243; _module_preset=&#8221;default&#8221; global_colors_info=&#8221;{}&#8221;][et_pb_text _builder_version=&#8221;4.27.4&#8243; _module_preset=&#8221;default&#8221; global_colors_info=&#8221;{}&#8221;]<\/p>\n<p><span>TSE-Mentor-ohjelma on Turun kauppakorkeakoulun, Turun seudun ekonomien ja Turun KY:n maksuton ohjelma kauppakorkeakoulun opiskelijoille, joka alkaa maaliskuussa 2026 ja jatkuu marraskuuhun saakka. Ohjelmaan mentoroitavaksi saa osallistua kuka tahansa Turun kauppakorkeakoulun opiskelija ja Turun KY:n j\u00e4sen.\u00a0<\/span><\/p>\n<p><span class=\"c-mrkdwn__br\" data-stringify-type=\"paragraph-break\"><\/span><span>Opiskelijat saavat henkil\u00f6kohtaista mentorointia, jossa mentori tukee opiskelijaa esimerkiksi koventuneissa suorituspaineissa, urasuunnittelussa ja jaksamisessa. Tapaamiset ovat luottamuksellisia ja ne voidaan tarvittaessa toteuttaa my\u00f6s et\u00e4n\u00e4. Tapaamiskertoja on nelj\u00e4st\u00e4 kuuteen vuoden 2026 aikana ja mentorointi voidaan mahdollisesti my\u00f6s keskeytt\u00e4\u00e4 koska tahansa opiskelijan niin halutessa.<\/span><\/p>\n<p><span class=\"c-mrkdwn__br\" data-stringify-type=\"paragraph-break\"><\/span><span>Hakuaika ohjelmaan alkaa 2.2. ja kest\u00e4\u00e4 1.3. saakka. Opiskelijat saavat ilmoittautumislomakkeen kautta toivoa, millaisessa asemassa tai toimialalla mentori on ty\u00f6skennellyt. Lopulliset valinnat tekee TSE-Mentor -ohjausryhm\u00e4 johon kuuluu TSE ry:n edustaja Hannele Larkovuo, TuKYn koulutuspoliittinen vastaava Juho Virolainen ja sosiaalipoliittinen vastaava Maria Kekkonen. <\/span><\/p>\n<p><span>Ohjelman aloitustapaaminen j\u00e4rjestet\u00e4\u00e4n 25.3. Turun kauppakorkeakoululla Osuuskauppa-salissa ja p\u00e4\u00e4t\u00f6stilaisuus 10.11 L\u00e4hiTapiola-salissa<\/span><span class=\"c-mrkdwn__br\" data-stringify-type=\"paragraph-break\"><\/span><\/p>\n<p>[\/et_pb_text][\/et_pb_column][\/et_pb_row][\/et_pb_section][et_pb_section fb_built=&#8221;1&#8243; disabled_on=&#8221;off|off|on&#8221; _builder_version=&#8221;4.27.4&#8243; _module_preset=&#8221;default&#8221; global_colors_info=&#8221;{}&#8221;][et_pb_row _builder_version=&#8221;4.27.4&#8243; _module_preset=&#8221;default&#8221; global_colors_info=&#8221;{}&#8221;][et_pb_column type=&#8221;4_4&#8243; _builder_version=&#8221;4.27.4&#8243; _module_preset=&#8221;default&#8221; global_colors_info=&#8221;{}&#8221;][et_pb_divider _builder_version=&#8221;4.27.4&#8243; _module_preset=&#8221;default&#8221; global_colors_info=&#8221;{}&#8221;][\/et_pb_divider][\/et_pb_column][\/et_pb_row][\/et_pb_section][et_pb_section fb_built=&#8221;1&#8243; _builder_version=&#8221;4.27.4&#8243; _module_preset=&#8221;default&#8221; global_colors_info=&#8221;{}&#8221;][et_pb_row _builder_version=&#8221;4.27.4&#8243; _module_preset=&#8221;default&#8221; global_colors_info=&#8221;{}&#8221;][et_pb_column type=&#8221;4_4&#8243; _builder_version=&#8221;4.27.4&#8243; _module_preset=&#8221;default&#8221; global_colors_info=&#8221;{}&#8221;][et_pb_cta title=&#8221;Miten mukaan mentorointiohjelmaan?&#8221; button_url=&#8221;https:\/\/docs.google.com\/forms\/d\/e\/1FAIpQLSfizwT620a24d5aF_ceq6nZoC1fOWUZzOFQHlnFWAYBoJP1vQ\/viewform?usp=dialog&#8221; url_new_window=&#8221;on&#8221; button_text=&#8221;Ilmoittautumislomakkeeseen&#8221; _builder_version=&#8221;4.27.5&#8243; _module_preset=&#8221;default&#8221; body_text_align=&#8221;center&#8221; body_text_color=&#8221;#000000&#8243; custom_button=&#8221;on&#8221; button_text_color=&#8221;#FFFFFF&#8221; button_bg_color=&#8221;#003a6d&#8221; button_border_color=&#8221;#003a6d&#8221; button_alignment=&#8221;center&#8221; background_layout=&#8221;light&#8221; hover_enabled=&#8221;0&#8243; global_colors_info=&#8221;{}&#8221; sticky_enabled=&#8221;0&#8243;]<\/p>\n<p><span>Mentorointiohjelmaan haetaan Google Forms -lomakkeen kautta. Antamasi tiedot v\u00e4litet\u00e4\u00e4n ty\u00f6ryhm\u00e4lle, joka vastaa opiskelijoiden yhdist\u00e4misest\u00e4 mentoreille. Ryhm\u00e4 v\u00e4litt\u00e4\u00e4 tiedot mentorille. Kaikki tiedot k\u00e4sitell\u00e4\u00e4n luottamuksellisesti eik\u00e4 tietoja k\u00e4ytet\u00e4 muuhun tarkoitukseen.<\/span><\/p>\n<p>[\/et_pb_cta][\/et_pb_column][\/et_pb_row][\/et_pb_section][et_pb_section fb_built=&#8221;1&#8243; disabled_on=&#8221;off|off|on&#8221; _builder_version=&#8221;4.27.4&#8243; _module_preset=&#8221;default&#8221; global_colors_info=&#8221;{}&#8221;][et_pb_row _builder_version=&#8221;4.27.4&#8243; _module_preset=&#8221;default&#8221; global_colors_info=&#8221;{}&#8221;][et_pb_column type=&#8221;4_4&#8243; _builder_version=&#8221;4.27.4&#8243; _module_preset=&#8221;default&#8221; global_colors_info=&#8221;{}&#8221;][et_pb_divider _builder_version=&#8221;4.27.4&#8243; _module_preset=&#8221;default&#8221; global_colors_info=&#8221;{}&#8221;][\/et_pb_divider][\/et_pb_column][\/et_pb_row][\/et_pb_section]<\/p>\n","protected":false},"excerpt":{"rendered":"<p>TSE-MentorTSE-Mentor-ohjelma on Turun kauppakorkeakoulun, Turun seudun ekonomien ja Turun KY:n maksuton ohjelma kauppakorkeakoulun opiskelijoille, joka alkaa maaliskuussa 2026 ja jatkuu marraskuuhun saakka. Ohjelmaan mentoroitavaksi saa osallistua kuka tahansa Turun kauppakorkeakoulun [&hellip;]<\/p>\n","protected":false},"author":47,"featured_media":0,"parent":0,"menu_order":0,"comment_status":"closed","ping_status":"closed","template":"","meta":{"_et_pb_use_builder":"on","_et_pb_old_content":"","_et_gb_content_width":"","footnotes":""},"class_list":["post-41170","page","type-page","status-publish","hentry"],"yoast_head":"<!-- This site is optimized with the Yoast SEO plugin v27.2 - https:\/\/yoast.com\/product\/yoast-seo-wordpress\/ -->\n<title>Turun KY TSE-Mentor<\/title>\n<meta name=\"robots\" content=\"index, follow, max-snippet:-1, max-image-preview:large, max-video-preview:-1\" \/>\n<link rel=\"canonical\" href=\"https:\/\/www.tuky.fi\/etusivu\/tse-mentor\/\" \/>\n<meta property=\"og:locale\" content=\"fi_FI\" \/>\n<meta property=\"og:type\" content=\"article\" \/>\n<meta property=\"og:title\" content=\"Turun KY TSE-Mentor\" \/>\n<meta property=\"og:description\" content=\"TSE-MentorTSE-Mentor-ohjelma on Turun kauppakorkeakoulun, Turun seudun ekonomien ja Turun KY:n maksuton ohjelma kauppakorkeakoulun opiskelijoille, joka alkaa maaliskuussa 2026 ja jatkuu marraskuuhun saakka. Ohjelmaan mentoroitavaksi saa osallistua kuka tahansa Turun kauppakorkeakoulun [&hellip;]\" \/>\n<meta property=\"og:url\" content=\"https:\/\/www.tuky.fi\/etusivu\/tse-mentor\/\" \/>\n<meta property=\"og:site_name\" content=\"Turun KY\" \/>\n<meta property=\"article:modified_time\" content=\"2026-04-10T16:15:30+00:00\" \/>\n<meta name=\"twitter:card\" content=\"summary_large_image\" \/>\n<meta name=\"twitter:label1\" content=\"Arvioitu lukuaika\" \/>\n\t<meta name=\"twitter:data1\" content=\"3 minuuttia\" \/>\n<script type=\"application\/ld+json\" class=\"yoast-schema-graph\">{\"@context\":\"https:\/\/schema.org\",\"@graph\":[{\"@type\":\"WebPage\",\"@id\":\"https:\/\/www.tuky.fi\/etusivu\/tse-mentor\/\",\"url\":\"https:\/\/www.tuky.fi\/etusivu\/tse-mentor\/\",\"name\":\"Turun KY TSE-Mentor\",\"isPartOf\":{\"@id\":\"https:\/\/www.tuky.fi\/etusivu\/#website\"},\"datePublished\":\"2022-03-21T13:31:47+00:00\",\"dateModified\":\"2026-04-10T16:15:30+00:00\",\"breadcrumb\":{\"@id\":\"https:\/\/www.tuky.fi\/etusivu\/tse-mentor\/#breadcrumb\"},\"inLanguage\":\"fi\",\"potentialAction\":[{\"@type\":\"ReadAction\",\"target\":[\"https:\/\/www.tuky.fi\/etusivu\/tse-mentor\/\"]}]},{\"@type\":\"BreadcrumbList\",\"@id\":\"https:\/\/www.tuky.fi\/etusivu\/tse-mentor\/#breadcrumb\",\"itemListElement\":[{\"@type\":\"ListItem\",\"position\":1,\"name\":\"Etusivu\",\"item\":\"https:\/\/www.tuky.fi\/etusivu\/\"},{\"@type\":\"ListItem\",\"position\":2,\"name\":\"TSE-Mentor\"}]},{\"@type\":\"WebSite\",\"@id\":\"https:\/\/www.tuky.fi\/etusivu\/#website\",\"url\":\"https:\/\/www.tuky.fi\/etusivu\/\",\"name\":\"Turun KY\",\"description\":\"TuKY\",\"publisher\":{\"@id\":\"https:\/\/www.tuky.fi\/etusivu\/#organization\"},\"alternateName\":\"TuKY\",\"potentialAction\":[{\"@type\":\"SearchAction\",\"target\":{\"@type\":\"EntryPoint\",\"urlTemplate\":\"https:\/\/www.tuky.fi\/etusivu\/?s={search_term_string}\"},\"query-input\":{\"@type\":\"PropertyValueSpecification\",\"valueRequired\":true,\"valueName\":\"search_term_string\"}}],\"inLanguage\":\"fi\"},{\"@type\":\"Organization\",\"@id\":\"https:\/\/www.tuky.fi\/etusivu\/#organization\",\"name\":\"Turun KY\",\"alternateName\":\"TuKY\",\"url\":\"https:\/\/www.tuky.fi\/etusivu\/\",\"logo\":{\"@type\":\"ImageObject\",\"inLanguage\":\"fi\",\"@id\":\"https:\/\/www.tuky.fi\/etusivu\/#\/schema\/logo\/image\/\",\"url\":\"https:\/\/www.tuky.fi\/wp-content\/uploads\/2024\/09\/TuKY-logo-kulta-1.png\",\"contentUrl\":\"https:\/\/www.tuky.fi\/wp-content\/uploads\/2024\/09\/TuKY-logo-kulta-1.png\",\"width\":1080,\"height\":1080,\"caption\":\"Turun KY\"},\"image\":{\"@id\":\"https:\/\/www.tuky.fi\/etusivu\/#\/schema\/logo\/image\/\"},\"sameAs\":[\"https:\/\/instagram.com\/turunky\",\"https:\/\/linkedin.com\/turunky\"]}]}<\/script>\n<!-- \/ Yoast SEO plugin. -->","yoast_head_json":{"title":"Turun KY TSE-Mentor","robots":{"index":"index","follow":"follow","max-snippet":"max-snippet:-1","max-image-preview":"max-image-preview:large","max-video-preview":"max-video-preview:-1"},"canonical":"https:\/\/www.tuky.fi\/etusivu\/tse-mentor\/","og_locale":"fi_FI","og_type":"article","og_title":"Turun KY TSE-Mentor","og_description":"TSE-MentorTSE-Mentor-ohjelma on Turun kauppakorkeakoulun, Turun seudun ekonomien ja Turun KY:n maksuton ohjelma kauppakorkeakoulun opiskelijoille, joka alkaa maaliskuussa 2026 ja jatkuu marraskuuhun saakka. Ohjelmaan mentoroitavaksi saa osallistua kuka tahansa Turun kauppakorkeakoulun [&hellip;]","og_url":"https:\/\/www.tuky.fi\/etusivu\/tse-mentor\/","og_site_name":"Turun KY","article_modified_time":"2026-04-10T16:15:30+00:00","twitter_card":"summary_large_image","twitter_misc":{"Arvioitu lukuaika":"3 minuuttia"},"schema":{"@context":"https:\/\/schema.org","@graph":[{"@type":"WebPage","@id":"https:\/\/www.tuky.fi\/etusivu\/tse-mentor\/","url":"https:\/\/www.tuky.fi\/etusivu\/tse-mentor\/","name":"Turun KY TSE-Mentor","isPartOf":{"@id":"https:\/\/www.tuky.fi\/etusivu\/#website"},"datePublished":"2022-03-21T13:31:47+00:00","dateModified":"2026-04-10T16:15:30+00:00","breadcrumb":{"@id":"https:\/\/www.tuky.fi\/etusivu\/tse-mentor\/#breadcrumb"},"inLanguage":"fi","potentialAction":[{"@type":"ReadAction","target":["https:\/\/www.tuky.fi\/etusivu\/tse-mentor\/"]}]},{"@type":"BreadcrumbList","@id":"https:\/\/www.tuky.fi\/etusivu\/tse-mentor\/#breadcrumb","itemListElement":[{"@type":"ListItem","position":1,"name":"Etusivu","item":"https:\/\/www.tuky.fi\/etusivu\/"},{"@type":"ListItem","position":2,"name":"TSE-Mentor"}]},{"@type":"WebSite","@id":"https:\/\/www.tuky.fi\/etusivu\/#website","url":"https:\/\/www.tuky.fi\/etusivu\/","name":"Turun KY","description":"TuKY","publisher":{"@id":"https:\/\/www.tuky.fi\/etusivu\/#organization"},"alternateName":"TuKY","potentialAction":[{"@type":"SearchAction","target":{"@type":"EntryPoint","urlTemplate":"https:\/\/www.tuky.fi\/etusivu\/?s={search_term_string}"},"query-input":{"@type":"PropertyValueSpecification","valueRequired":true,"valueName":"search_term_string"}}],"inLanguage":"fi"},{"@type":"Organization","@id":"https:\/\/www.tuky.fi\/etusivu\/#organization","name":"Turun KY","alternateName":"TuKY","url":"https:\/\/www.tuky.fi\/etusivu\/","logo":{"@type":"ImageObject","inLanguage":"fi","@id":"https:\/\/www.tuky.fi\/etusivu\/#\/schema\/logo\/image\/","url":"https:\/\/www.tuky.fi\/wp-content\/uploads\/2024\/09\/TuKY-logo-kulta-1.png","contentUrl":"https:\/\/www.tuky.fi\/wp-content\/uploads\/2024\/09\/TuKY-logo-kulta-1.png","width":1080,"height":1080,"caption":"Turun KY"},"image":{"@id":"https:\/\/www.tuky.fi\/etusivu\/#\/schema\/logo\/image\/"},"sameAs":["https:\/\/instagram.com\/turunky","https:\/\/linkedin.com\/turunky"]}]}},"lang":"fi","translations":{"fi":41170,"en":49831},"pll_sync_post":[],"_links":{"self":[{"href":"https:\/\/www.tuky.fi\/etusivu\/wp-json\/wp\/v2\/pages\/41170","targetHints":{"allow":["GET"]}}],"collection":[{"href":"https:\/\/www.tuky.fi\/etusivu\/wp-json\/wp\/v2\/pages"}],"about":[{"href":"https:\/\/www.tuky.fi\/etusivu\/wp-json\/wp\/v2\/types\/page"}],"author":[{"embeddable":true,"href":"https:\/\/www.tuky.fi\/etusivu\/wp-json\/wp\/v2\/users\/47"}],"replies":[{"embeddable":true,"href":"https:\/\/www.tuky.fi\/etusivu\/wp-json\/wp\/v2\/comments?post=41170"}],"version-history":[{"count":1,"href":"https:\/\/www.tuky.fi\/etusivu\/wp-json\/wp\/v2\/pages\/41170\/revisions"}],"predecessor-version":[{"id":52893,"href":"https:\/\/www.tuky.fi\/etusivu\/wp-json\/wp\/v2\/pages\/41170\/revisions\/52893"}],"wp:attachment":[{"href":"https:\/\/www.tuky.fi\/etusivu\/wp-json\/wp\/v2\/media?parent=41170"}],"curies":[{"name":"wp","href":"https:\/\/api.w.org\/{rel}","templated":true}]}}