{"id":39549,"date":"2021-10-29T13:10:05","date_gmt":"2021-10-29T10:10:05","guid":{"rendered":"https:\/\/www.tuky.fi\/etusivu\/?page_id=39549"},"modified":"2026-04-23T13:25:56","modified_gmt":"2026-04-23T10:25:56","slug":"hairintayhdyshenkilot","status":"publish","type":"page","link":"https:\/\/www.tuky.fi\/etusivu\/hairintayhdyshenkilot\/","title":{"rendered":"H\u00e4irint\u00e4yhdyshenkil\u00f6t"},"content":{"rendered":"<p>[et_pb_section fb_built=&#8221;1&#8243; _builder_version=&#8221;4.16&#8243; global_colors_info=&#8221;{}&#8221;][et_pb_row _builder_version=&#8221;4.16&#8243; global_colors_info=&#8221;{}&#8221;][et_pb_column type=&#8221;4_4&#8243; _builder_version=&#8221;4.16&#8243; global_colors_info=&#8221;{}&#8221;][et_pb_text _builder_version=&#8221;4.27.4&#8243; global_colors_info=&#8221;{}&#8221;]<\/p>\n<h2 style=\"text-align: center;\">H\u00e4irint\u00e4yhdyshenkil\u00f6t<\/h2>\n<p style=\"text-align: center;\"><!-- \/divi:heading --><\/p>\n<p style=\"text-align: center;\">Turun KY:ll\u00e4 on nollatoleranssi kaikkeen h\u00e4irint\u00e4\u00e4n. Emme suvaitse fyysist\u00e4 tai verbaalista h\u00e4irint\u00e4\u00e4, kiusaamista tai muuta ep\u00e4asiallista k\u00e4yt\u00f6st\u00e4. Jos kuitenkin kohtaat t\u00e4llaisia tilanteita, voit ottaa yhteytt\u00e4 h\u00e4irint\u00e4yhdyshenkil\u00f6ihimme. Turun KY:n h\u00e4irint\u00e4yhdyshenkil\u00f6in\u00e4 toimivat toiminnanjohtaja Helmi Kojonen sek\u00e4 hallituksen Kuntamestari Oskar M\u00e4kel\u00e4.<\/p>\n<p style=\"text-align: center;\">Yhteytt\u00e4 voit ottaa alla olevalla lomakkeella, jossa on my\u00f6s mahdollisuus pysy\u00e4 t\u00e4ysin anonyymina. Lomake ohjautuu <a href=\"mailto:hairinta@tuky.fi\">hairinta@tuky.fi<\/a> -osoitteeseen, jota molemmat h\u00e4irint\u00e4yhdyshenkil\u00f6ist\u00e4mme lukevat. Voit my\u00f6s ottaa suoraan jompaan kumpaan h\u00e4irint\u00e4yhdyshenkil\u00f6ist\u00e4mme yhteytt\u00e4 <a href=\"mailto:helmi.m.kojonen@utu.fi\">helmi.m.kojonen@utu.fi<\/a> tai <a href=\"mailto:mohamed.abdullahi@tuky.fi\">oskar.m.makela@utu.fi.\u00a0<\/a><\/p>\n<p style=\"text-align: center;\">Tapaustasi k\u00e4sittelev\u00e4t vain joko toinen tai molemmat h\u00e4irint\u00e4yhdyshenkil\u00f6ist\u00e4mme, riippuen yhteydenottotavastasi ja toiveistasi. H\u00e4irint\u00e4yhdyshenkil\u00f6t ovat t\u00e4ysin salassapitovelvollisia kaikkia tahoja kohtaan, eik\u00e4 ket\u00e4\u00e4n ulkopuolista tuoda tapaukseesi mukaan ilman lupaasi. Tarvittaessa h\u00e4rint\u00e4yhdyshenkil\u00f6mme konsultoivat TYY:n h\u00e4irint\u00e4yhdyshenkil\u00f6it\u00e4, ja mahdollisten sanktioiden m\u00e4\u00e4r\u00e4\u00e4misest\u00e4 p\u00e4\u00e4tt\u00e4\u00e4 Turun KY:n hallituksen puheenjohtaja.<\/p>\n<p style=\"text-align: center;\">Ymm\u00e4rr\u00e4mme, ett\u00e4 joidenkin asioiden tuominen esille omalla nimell\u00e4 voi tuntua hankalalta, mink\u00e4 takia lomakkeen kautta on my\u00f6s mahdollisuus pysytell\u00e4 anonyymin\u00e4. Huomaathan kuitenkin, ett\u00e4 tapauksia, joissa ilmoittaja on anonyymi voi olla hankalampi k\u00e4sitell\u00e4.<\/p>\n<p style=\"text-align: center;\">[\/et_pb_text][\/et_pb_column][\/et_pb_row][\/et_pb_section][et_pb_section fb_built=&#8221;1&#8243; _builder_version=&#8221;4.16&#8243; global_colors_info=&#8221;{}&#8221;][et_pb_row _builder_version=&#8221;4.16&#8243; global_colors_info=&#8221;{}&#8221;][et_pb_column type=&#8221;4_4&#8243; _builder_version=&#8221;4.16&#8243; global_colors_info=&#8221;{}&#8221;][et_pb_divider color=&#8221;#043464&#8243; _builder_version=&#8221;4.16&#8243; global_colors_info=&#8221;{}&#8221;][\/et_pb_divider][\/et_pb_column][\/et_pb_row][\/et_pb_section][et_pb_section fb_built=&#8221;1&#8243; _builder_version=&#8221;4.16&#8243; background_color=&#8221;#043464&#8243; global_colors_info=&#8221;{}&#8221;][et_pb_row _builder_version=&#8221;4.16&#8243; global_colors_info=&#8221;{}&#8221;][et_pb_column type=&#8221;4_4&#8243; _builder_version=&#8221;4.16&#8243; global_colors_info=&#8221;{}&#8221;][et_pb_text _builder_version=&#8221;4.16&#8243; text_text_color=&#8221;#FFFFFF&#8221; background_layout=&#8221;dark&#8221; global_colors_info=&#8221;{}&#8221;]<\/p>\n<h2 style=\"text-align: center;\">Ota yhteytt\u00e4 h\u00e4irint\u00e4yhdyshenkil\u00f6\u00f6n<\/h2>\n<p style=\"text-align: center;\">Lomake ohjautuu <a href=\"mailto:hairinta@tuky.fi\">hairinta@tuky.fi<\/a> -osoitteeseen, jota molemmat h\u00e4irint\u00e4yhdyshenkil\u00f6t lukevat. Lomakkeella on mahdollisuus kuitenkin valita toinen h\u00e4irint\u00e4yhdyshenkil\u00f6ist\u00e4 tapauksesi k\u00e4sittelij\u00e4ksi, jos n\u00e4in haluat. Voit valita t\u00e4ysin anonyymin\u00e4 pysymisen, t\u00e4ll\u00f6in voit j\u00e4tt\u00e4\u00e4 nimi-kohdan t\u00e4ysin tyhj\u00e4ksi. Lomake ilmoittaa, kun viesti on onnistuneesti l\u00e4hetetty.<\/p>\n<p>[\/et_pb_text][et_pb_contact_form email=&#8221;hairinta@tuky.fi, toiminnanjohtaja@tuky.fi, kuntamestari@tuky.fi&#8221; title=&#8221;Yhteydenottolomake&#8221; custom_message=&#8221;Nimi: %%Name%%||et_pb_line_break_holder||S\u00e4hk\u00f6postiosoite: %%Email%%||et_pb_line_break_holder||Valittu h\u00e4irint\u00e4yhdyshenkil\u00f6: %%H\u00e4irint\u00e4yhdyshenkil\u00f6n_valinta%%||et_pb_line_break_holder||Kuvaile tapausta: %%Message%%&#8221; success_message=&#8221;Lomakkeen tiedot l\u00e4hetettiin onnistuneesti. Jos j\u00e4tit yhteystietosi, sinuun ollaan pian yhteydess\u00e4 h\u00e4irint\u00e4yhdyshenkil\u00f6n toimesta.&#8221; _builder_version=&#8221;4.27.6&#8243; _module_preset=&#8221;default&#8221; _unique_id=&#8221;ebf8d513-2cf7-476b-8af0-2b3ba8574fad&#8221; title_text_color=&#8221;#FFFFFF&#8221; captcha_text_color=&#8221;#FFFFFF&#8221; hover_enabled=&#8221;0&#8243; global_colors_info=&#8221;{}&#8221; sticky_enabled=&#8221;0&#8243;][et_pb_contact_field field_id=&#8221;Name&#8221; field_title=&#8221;Nimi (Vapaaehtoinen)&#8221; required_mark=&#8221;off&#8221; _builder_version=&#8221;4.16&#8243; global_colors_info=&#8221;{}&#8221; button_text_size__hover_enabled=&#8221;off&#8221; button_one_text_size__hover_enabled=&#8221;off&#8221; button_two_text_size__hover_enabled=&#8221;off&#8221; button_text_color__hover_enabled=&#8221;off&#8221; button_one_text_color__hover_enabled=&#8221;off&#8221; button_two_text_color__hover_enabled=&#8221;off&#8221; button_border_width__hover_enabled=&#8221;off&#8221; button_one_border_width__hover_enabled=&#8221;off&#8221; button_two_border_width__hover_enabled=&#8221;off&#8221; button_border_color__hover_enabled=&#8221;off&#8221; button_one_border_color__hover_enabled=&#8221;off&#8221; button_two_border_color__hover_enabled=&#8221;off&#8221; button_border_radius__hover_enabled=&#8221;off&#8221; button_one_border_radius__hover_enabled=&#8221;off&#8221; button_two_border_radius__hover_enabled=&#8221;off&#8221; button_letter_spacing__hover_enabled=&#8221;off&#8221; button_one_letter_spacing__hover_enabled=&#8221;off&#8221; button_two_letter_spacing__hover_enabled=&#8221;off&#8221; button_bg_color__hover_enabled=&#8221;off&#8221; button_one_bg_color__hover_enabled=&#8221;off&#8221; button_two_bg_color__hover_enabled=&#8221;off&#8221;][\/et_pb_contact_field][et_pb_contact_field field_id=&#8221;Email&#8221; field_title=&#8221;S\u00e4hk\u00f6postiosoite (Vapaaehtoinen tieto)&#8221; field_type=&#8221;email&#8221; required_mark=&#8221;off&#8221; _builder_version=&#8221;4.16&#8243; global_colors_info=&#8221;{}&#8221; button_text_size__hover_enabled=&#8221;off&#8221; button_one_text_size__hover_enabled=&#8221;off&#8221; button_two_text_size__hover_enabled=&#8221;off&#8221; button_text_color__hover_enabled=&#8221;off&#8221; button_one_text_color__hover_enabled=&#8221;off&#8221; button_two_text_color__hover_enabled=&#8221;off&#8221; button_border_width__hover_enabled=&#8221;off&#8221; button_one_border_width__hover_enabled=&#8221;off&#8221; button_two_border_width__hover_enabled=&#8221;off&#8221; button_border_color__hover_enabled=&#8221;off&#8221; button_one_border_color__hover_enabled=&#8221;off&#8221; button_two_border_color__hover_enabled=&#8221;off&#8221; button_border_radius__hover_enabled=&#8221;off&#8221; button_one_border_radius__hover_enabled=&#8221;off&#8221; button_two_border_radius__hover_enabled=&#8221;off&#8221; button_letter_spacing__hover_enabled=&#8221;off&#8221; button_one_letter_spacing__hover_enabled=&#8221;off&#8221; button_two_letter_spacing__hover_enabled=&#8221;off&#8221; button_bg_color__hover_enabled=&#8221;off&#8221; button_one_bg_color__hover_enabled=&#8221;off&#8221; button_two_bg_color__hover_enabled=&#8221;off&#8221;][\/et_pb_contact_field][et_pb_contact_field field_id=&#8221;H\u00e4irint\u00e4yhdyshenkil\u00f6n_valinta&#8221; field_title=&#8221;Kumman h\u00e4irint\u00e4yhdyshenkil\u00f6ist\u00e4 haluat k\u00e4sittelev\u00e4n tapaustasi? (vapaaehtoinen tieto)&#8221; field_type=&#8221;select&#8221; select_options=&#8221;%91{%22value%22:%22Oskar M\u00e4kel\u00e4%22,%22checked%22:0,%22dragID%22:-1},{%22value%22:%22Helmi Kojonen%22,%22checked%22:0,%22dragID%22:0}%93&#8243; required_mark=&#8221;off&#8221; fullwidth_field=&#8221;on&#8221; _builder_version=&#8221;4.27.4&#8243; _module_preset=&#8221;default&#8221; global_colors_info=&#8221;{}&#8221;][\/et_pb_contact_field][et_pb_contact_field field_id=&#8221;Message&#8221; field_title=&#8221;Kuvaile tapaustasi&#8221; field_type=&#8221;text&#8221; fullwidth_field=&#8221;on&#8221; _builder_version=&#8221;4.16&#8243; global_colors_info=&#8221;{}&#8221; button_text_size__hover_enabled=&#8221;off&#8221; button_one_text_size__hover_enabled=&#8221;off&#8221; button_two_text_size__hover_enabled=&#8221;off&#8221; button_text_color__hover_enabled=&#8221;off&#8221; button_one_text_color__hover_enabled=&#8221;off&#8221; button_two_text_color__hover_enabled=&#8221;off&#8221; button_border_width__hover_enabled=&#8221;off&#8221; button_one_border_width__hover_enabled=&#8221;off&#8221; button_two_border_width__hover_enabled=&#8221;off&#8221; button_border_color__hover_enabled=&#8221;off&#8221; button_one_border_color__hover_enabled=&#8221;off&#8221; button_two_border_color__hover_enabled=&#8221;off&#8221; button_border_radius__hover_enabled=&#8221;off&#8221; button_one_border_radius__hover_enabled=&#8221;off&#8221; button_two_border_radius__hover_enabled=&#8221;off&#8221; button_letter_spacing__hover_enabled=&#8221;off&#8221; button_one_letter_spacing__hover_enabled=&#8221;off&#8221; button_two_letter_spacing__hover_enabled=&#8221;off&#8221; button_bg_color__hover_enabled=&#8221;off&#8221; button_one_bg_color__hover_enabled=&#8221;off&#8221; button_two_bg_color__hover_enabled=&#8221;off&#8221;][\/et_pb_contact_field][\/et_pb_contact_form][\/et_pb_column][\/et_pb_row][\/et_pb_section]<\/p>\n","protected":false},"excerpt":{"rendered":"<p>H\u00e4irint\u00e4yhdyshenkil\u00f6t Turun KY:ll\u00e4 on nollatoleranssi kaikkeen h\u00e4irint\u00e4\u00e4n. Emme suvaitse fyysist\u00e4 tai verbaalista h\u00e4irint\u00e4\u00e4, kiusaamista tai muuta ep\u00e4asiallista k\u00e4yt\u00f6st\u00e4. Jos kuitenkin kohtaat t\u00e4llaisia tilanteita, voit ottaa yhteytt\u00e4 h\u00e4irint\u00e4yhdyshenkil\u00f6ihimme. Turun KY:n h\u00e4irint\u00e4yhdyshenkil\u00f6in\u00e4 [&hellip;]<\/p>\n","protected":false},"author":7,"featured_media":0,"parent":0,"menu_order":0,"comment_status":"closed","ping_status":"closed","template":"","meta":{"_et_pb_use_builder":"on","_et_pb_old_content":"","_et_gb_content_width":"","footnotes":""},"class_list":["post-39549","page","type-page","status-publish","hentry"],"yoast_head":"<!-- This site is optimized with the Yoast SEO plugin v27.2 - https:\/\/yoast.com\/product\/yoast-seo-wordpress\/ -->\n<title>Turun KY H\u00e4irint\u00e4yhdyshenkil\u00f6t<\/title>\n<meta name=\"robots\" content=\"index, follow, max-snippet:-1, max-image-preview:large, max-video-preview:-1\" \/>\n<link rel=\"canonical\" href=\"https:\/\/www.tuky.fi\/etusivu\/hairintayhdyshenkilot\/\" \/>\n<meta property=\"og:locale\" content=\"fi_FI\" \/>\n<meta property=\"og:type\" content=\"article\" \/>\n<meta property=\"og:title\" content=\"Turun KY H\u00e4irint\u00e4yhdyshenkil\u00f6t\" \/>\n<meta property=\"og:description\" content=\"H\u00e4irint\u00e4yhdyshenkil\u00f6t Turun KY:ll\u00e4 on nollatoleranssi kaikkeen h\u00e4irint\u00e4\u00e4n. Emme suvaitse fyysist\u00e4 tai verbaalista h\u00e4irint\u00e4\u00e4, kiusaamista tai muuta ep\u00e4asiallista k\u00e4yt\u00f6st\u00e4. Jos kuitenkin kohtaat t\u00e4llaisia tilanteita, voit ottaa yhteytt\u00e4 h\u00e4irint\u00e4yhdyshenkil\u00f6ihimme. Turun KY:n h\u00e4irint\u00e4yhdyshenkil\u00f6in\u00e4 [&hellip;]\" \/>\n<meta property=\"og:url\" content=\"https:\/\/www.tuky.fi\/etusivu\/hairintayhdyshenkilot\/\" \/>\n<meta property=\"og:site_name\" content=\"Turun KY\" \/>\n<meta property=\"article:modified_time\" content=\"2026-04-23T10:25:56+00:00\" \/>\n<meta name=\"twitter:card\" content=\"summary_large_image\" \/>\n<meta name=\"twitter:label1\" content=\"Arvioitu lukuaika\" \/>\n\t<meta name=\"twitter:data1\" content=\"5 minuuttia\" \/>\n<script type=\"application\/ld+json\" class=\"yoast-schema-graph\">{\"@context\":\"https:\/\/schema.org\",\"@graph\":[{\"@type\":\"WebPage\",\"@id\":\"https:\/\/www.tuky.fi\/etusivu\/hairintayhdyshenkilot\/\",\"url\":\"https:\/\/www.tuky.fi\/etusivu\/hairintayhdyshenkilot\/\",\"name\":\"Turun KY H\u00e4irint\u00e4yhdyshenkil\u00f6t\",\"isPartOf\":{\"@id\":\"https:\/\/www.tuky.fi\/etusivu\/#website\"},\"datePublished\":\"2021-10-29T10:10:05+00:00\",\"dateModified\":\"2026-04-23T10:25:56+00:00\",\"breadcrumb\":{\"@id\":\"https:\/\/www.tuky.fi\/etusivu\/hairintayhdyshenkilot\/#breadcrumb\"},\"inLanguage\":\"fi\",\"potentialAction\":[{\"@type\":\"ReadAction\",\"target\":[\"https:\/\/www.tuky.fi\/etusivu\/hairintayhdyshenkilot\/\"]}]},{\"@type\":\"BreadcrumbList\",\"@id\":\"https:\/\/www.tuky.fi\/etusivu\/hairintayhdyshenkilot\/#breadcrumb\",\"itemListElement\":[{\"@type\":\"ListItem\",\"position\":1,\"name\":\"Etusivu\",\"item\":\"https:\/\/www.tuky.fi\/etusivu\/\"},{\"@type\":\"ListItem\",\"position\":2,\"name\":\"H\u00e4irint\u00e4yhdyshenkil\u00f6t\"}]},{\"@type\":\"WebSite\",\"@id\":\"https:\/\/www.tuky.fi\/etusivu\/#website\",\"url\":\"https:\/\/www.tuky.fi\/etusivu\/\",\"name\":\"Turun KY\",\"description\":\"TuKY\",\"publisher\":{\"@id\":\"https:\/\/www.tuky.fi\/etusivu\/#organization\"},\"alternateName\":\"TuKY\",\"potentialAction\":[{\"@type\":\"SearchAction\",\"target\":{\"@type\":\"EntryPoint\",\"urlTemplate\":\"https:\/\/www.tuky.fi\/etusivu\/?s={search_term_string}\"},\"query-input\":{\"@type\":\"PropertyValueSpecification\",\"valueRequired\":true,\"valueName\":\"search_term_string\"}}],\"inLanguage\":\"fi\"},{\"@type\":\"Organization\",\"@id\":\"https:\/\/www.tuky.fi\/etusivu\/#organization\",\"name\":\"Turun KY\",\"alternateName\":\"TuKY\",\"url\":\"https:\/\/www.tuky.fi\/etusivu\/\",\"logo\":{\"@type\":\"ImageObject\",\"inLanguage\":\"fi\",\"@id\":\"https:\/\/www.tuky.fi\/etusivu\/#\/schema\/logo\/image\/\",\"url\":\"https:\/\/www.tuky.fi\/wp-content\/uploads\/2024\/09\/TuKY-logo-kulta-1.png\",\"contentUrl\":\"https:\/\/www.tuky.fi\/wp-content\/uploads\/2024\/09\/TuKY-logo-kulta-1.png\",\"width\":1080,\"height\":1080,\"caption\":\"Turun KY\"},\"image\":{\"@id\":\"https:\/\/www.tuky.fi\/etusivu\/#\/schema\/logo\/image\/\"},\"sameAs\":[\"https:\/\/instagram.com\/turunky\",\"https:\/\/linkedin.com\/turunky\"]}]}<\/script>\n<!-- \/ Yoast SEO plugin. -->","yoast_head_json":{"title":"Turun KY H\u00e4irint\u00e4yhdyshenkil\u00f6t","robots":{"index":"index","follow":"follow","max-snippet":"max-snippet:-1","max-image-preview":"max-image-preview:large","max-video-preview":"max-video-preview:-1"},"canonical":"https:\/\/www.tuky.fi\/etusivu\/hairintayhdyshenkilot\/","og_locale":"fi_FI","og_type":"article","og_title":"Turun KY H\u00e4irint\u00e4yhdyshenkil\u00f6t","og_description":"H\u00e4irint\u00e4yhdyshenkil\u00f6t Turun KY:ll\u00e4 on nollatoleranssi kaikkeen h\u00e4irint\u00e4\u00e4n. Emme suvaitse fyysist\u00e4 tai verbaalista h\u00e4irint\u00e4\u00e4, kiusaamista tai muuta ep\u00e4asiallista k\u00e4yt\u00f6st\u00e4. Jos kuitenkin kohtaat t\u00e4llaisia tilanteita, voit ottaa yhteytt\u00e4 h\u00e4irint\u00e4yhdyshenkil\u00f6ihimme. Turun KY:n h\u00e4irint\u00e4yhdyshenkil\u00f6in\u00e4 [&hellip;]","og_url":"https:\/\/www.tuky.fi\/etusivu\/hairintayhdyshenkilot\/","og_site_name":"Turun KY","article_modified_time":"2026-04-23T10:25:56+00:00","twitter_card":"summary_large_image","twitter_misc":{"Arvioitu lukuaika":"5 minuuttia"},"schema":{"@context":"https:\/\/schema.org","@graph":[{"@type":"WebPage","@id":"https:\/\/www.tuky.fi\/etusivu\/hairintayhdyshenkilot\/","url":"https:\/\/www.tuky.fi\/etusivu\/hairintayhdyshenkilot\/","name":"Turun KY H\u00e4irint\u00e4yhdyshenkil\u00f6t","isPartOf":{"@id":"https:\/\/www.tuky.fi\/etusivu\/#website"},"datePublished":"2021-10-29T10:10:05+00:00","dateModified":"2026-04-23T10:25:56+00:00","breadcrumb":{"@id":"https:\/\/www.tuky.fi\/etusivu\/hairintayhdyshenkilot\/#breadcrumb"},"inLanguage":"fi","potentialAction":[{"@type":"ReadAction","target":["https:\/\/www.tuky.fi\/etusivu\/hairintayhdyshenkilot\/"]}]},{"@type":"BreadcrumbList","@id":"https:\/\/www.tuky.fi\/etusivu\/hairintayhdyshenkilot\/#breadcrumb","itemListElement":[{"@type":"ListItem","position":1,"name":"Etusivu","item":"https:\/\/www.tuky.fi\/etusivu\/"},{"@type":"ListItem","position":2,"name":"H\u00e4irint\u00e4yhdyshenkil\u00f6t"}]},{"@type":"WebSite","@id":"https:\/\/www.tuky.fi\/etusivu\/#website","url":"https:\/\/www.tuky.fi\/etusivu\/","name":"Turun KY","description":"TuKY","publisher":{"@id":"https:\/\/www.tuky.fi\/etusivu\/#organization"},"alternateName":"TuKY","potentialAction":[{"@type":"SearchAction","target":{"@type":"EntryPoint","urlTemplate":"https:\/\/www.tuky.fi\/etusivu\/?s={search_term_string}"},"query-input":{"@type":"PropertyValueSpecification","valueRequired":true,"valueName":"search_term_string"}}],"inLanguage":"fi"},{"@type":"Organization","@id":"https:\/\/www.tuky.fi\/etusivu\/#organization","name":"Turun KY","alternateName":"TuKY","url":"https:\/\/www.tuky.fi\/etusivu\/","logo":{"@type":"ImageObject","inLanguage":"fi","@id":"https:\/\/www.tuky.fi\/etusivu\/#\/schema\/logo\/image\/","url":"https:\/\/www.tuky.fi\/wp-content\/uploads\/2024\/09\/TuKY-logo-kulta-1.png","contentUrl":"https:\/\/www.tuky.fi\/wp-content\/uploads\/2024\/09\/TuKY-logo-kulta-1.png","width":1080,"height":1080,"caption":"Turun KY"},"image":{"@id":"https:\/\/www.tuky.fi\/etusivu\/#\/schema\/logo\/image\/"},"sameAs":["https:\/\/instagram.com\/turunky","https:\/\/linkedin.com\/turunky"]}]}},"lang":"fi","translations":{"fi":39549},"pll_sync_post":[],"_links":{"self":[{"href":"https:\/\/www.tuky.fi\/etusivu\/wp-json\/wp\/v2\/pages\/39549","targetHints":{"allow":["GET"]}}],"collection":[{"href":"https:\/\/www.tuky.fi\/etusivu\/wp-json\/wp\/v2\/pages"}],"about":[{"href":"https:\/\/www.tuky.fi\/etusivu\/wp-json\/wp\/v2\/types\/page"}],"author":[{"embeddable":true,"href":"https:\/\/www.tuky.fi\/etusivu\/wp-json\/wp\/v2\/users\/7"}],"replies":[{"embeddable":true,"href":"https:\/\/www.tuky.fi\/etusivu\/wp-json\/wp\/v2\/comments?post=39549"}],"version-history":[{"count":2,"href":"https:\/\/www.tuky.fi\/etusivu\/wp-json\/wp\/v2\/pages\/39549\/revisions"}],"predecessor-version":[{"id":53792,"href":"https:\/\/www.tuky.fi\/etusivu\/wp-json\/wp\/v2\/pages\/39549\/revisions\/53792"}],"wp:attachment":[{"href":"https:\/\/www.tuky.fi\/etusivu\/wp-json\/wp\/v2\/media?parent=39549"}],"curies":[{"name":"wp","href":"https:\/\/api.w.org\/{rel}","templated":true}]}}