{"id":38751,"date":"2021-04-21T18:20:28","date_gmt":"2021-04-21T15:20:28","guid":{"rendered":"https:\/\/www.tuky.fi\/etusivu\/?page_id=38751"},"modified":"2026-04-10T19:15:30","modified_gmt":"2026-04-10T16:15:30","slug":"mielenterveyskysely","status":"publish","type":"page","link":"https:\/\/www.tuky.fi\/etusivu\/mielenterveyskysely\/","title":{"rendered":"Mielenterveyskysely"},"content":{"rendered":"<p>[et_pb_section fb_built=&#8221;1&#8243; _builder_version=&#8221;4.16&#8243; _module_preset=&#8221;default&#8221; global_colors_info=&#8221;{}&#8221;][et_pb_row _builder_version=&#8221;4.16&#8243; _module_preset=&#8221;default&#8221; global_colors_info=&#8221;{}&#8221;][et_pb_column type=&#8221;4_4&#8243; _builder_version=&#8221;4.16&#8243; _module_preset=&#8221;default&#8221; global_colors_info=&#8221;{}&#8221;][et_pb_image src=&#8221;http:\/\/www.tuky.fi\/wp-content\/uploads\/2024\/01\/Terve-Mieli-nettisivut-banneri-1.png&#8221; _builder_version=&#8221;4.23.4&#8243; _module_preset=&#8221;default&#8221; global_colors_info=&#8221;{}&#8221;][\/et_pb_image][\/et_pb_column][\/et_pb_row][\/et_pb_section][et_pb_section fb_built=&#8221;1&#8243; _builder_version=&#8221;4.16&#8243; _module_preset=&#8221;default&#8221; global_colors_info=&#8221;{}&#8221;][et_pb_row _builder_version=&#8221;4.16&#8243; _module_preset=&#8221;default&#8221; global_colors_info=&#8221;{}&#8221;][et_pb_column type=&#8221;4_4&#8243; _builder_version=&#8221;4.16&#8243; _module_preset=&#8221;default&#8221; global_colors_info=&#8221;{}&#8221;][et_pb_text _builder_version=&#8221;4.23.1&#8243; text_text_color=&#8221;#000000&#8243; global_colors_info=&#8221;{}&#8221;]<\/p>\n<h2 style=\"text-align: center;\">Mielenterveyskysely<\/h2>\n<p style=\"text-align: center;\"><!-- \/divi:heading --><\/p>\n<p style=\"text-align: center;\">Turun KY kartoittaa opiskelijoiden vointia joka kev\u00e4isin toteutettavalla mielenterveyskyselyll\u00e4. Haluamme tiet\u00e4\u00e4, mit\u00e4 opiskelijoillemme oikeasti kuuluu ja siksi jokainen vastaus on todella t\u00e4rke\u00e4. T\u00e4lt\u00e4 sivulta l\u00f6yd\u00e4t kootusti kyselyn tuloksia, sek\u00e4 linkin kyselyyn, silloin kun se on auki!<\/p>\n<p>[\/et_pb_text][\/et_pb_column][\/et_pb_row][\/et_pb_section][et_pb_section fb_built=&#8221;1&#8243; _builder_version=&#8221;4.16&#8243; background_color=&#8221;rgba(0,0,0,0)&#8221; global_colors_info=&#8221;{}&#8221;][et_pb_row _builder_version=&#8221;4.16&#8243; global_colors_info=&#8221;{}&#8221;][et_pb_column type=&#8221;4_4&#8243; _builder_version=&#8221;4.16&#8243; global_colors_info=&#8221;{}&#8221;][et_pb_text _builder_version=&#8221;4.23.1&#8243; text_text_color=&#8221;#000000&#8243; global_colors_info=&#8221;{}&#8221;]<\/p>\n<h2 style=\"text-align: center;\">Vertaistukea tilastoista<\/h2>\n<p style=\"text-align: center;\"><!-- \/divi:heading --><\/p>\n<p style=\"text-align: center;\">T\u00e4ss\u00e4 muutamia nostoja kev\u00e4\u00e4n 2023 mielenterveyskyselyst\u00e4, johon saimme l\u00e4hes 300 Turun kauppatieteiden ylioppilaan vastausta. Vastaukset ovat opiskelijoiden kokemuksia viimeisen vuoden ajalta.<\/p>\n<p>[\/et_pb_text][\/et_pb_column][\/et_pb_row][et_pb_row column_structure=&#8221;1_3,1_3,1_3&#8243; _builder_version=&#8221;4.16&#8243; global_colors_info=&#8221;{}&#8221;][et_pb_column type=&#8221;1_3&#8243; _builder_version=&#8221;4.16&#8243; global_colors_info=&#8221;{}&#8221;][et_pb_circle_counter title=&#8221;Kokenut kiusaamista toisten opiskelijoiden toimesta v\u00e4hint\u00e4\u00e4n satunnaisesti&#8221; number=&#8221;9&#8243; bar_bg_color=&#8221;#e09900&#8243; circle_color=&#8221;#ffffff&#8221; _builder_version=&#8221;4.23.4&#8243; background_color=&#8221;rgba(0,0,0,0)&#8221; hover_enabled=&#8221;0&#8243; text_shadow_style=&#8221;preset4&#8243; text_shadow_color=&#8221;rgba(0,0,0,0.25)&#8221; global_colors_info=&#8221;{}&#8221; sticky_enabled=&#8221;0&#8243;][\/et_pb_circle_counter][\/et_pb_column][et_pb_column type=&#8221;1_3&#8243; _builder_version=&#8221;4.16&#8243; global_colors_info=&#8221;{}&#8221;][et_pb_circle_counter title=&#8221;Kokenut yksin\u00e4isyytt\u00e4 v\u00e4hint\u00e4\u00e4 muutaman kerran vuodessa&#8221; number=&#8221;80&#8243; bar_bg_color=&#8221;#e09900&#8243; circle_color=&#8221;#ffffff&#8221; _builder_version=&#8221;4.23.4&#8243; background_color=&#8221;rgba(0,0,0,0)&#8221; hover_enabled=&#8221;0&#8243; text_shadow_style=&#8221;preset4&#8243; text_shadow_color=&#8221;rgba(0,0,0,0.25)&#8221; global_colors_info=&#8221;{}&#8221; sticky_enabled=&#8221;0&#8243;][\/et_pb_circle_counter][\/et_pb_column][et_pb_column type=&#8221;1_3&#8243; _builder_version=&#8221;4.16&#8243; global_colors_info=&#8221;{}&#8221;][et_pb_circle_counter title=&#8221;Kokenut voimakasta uupumusta v\u00e4hint\u00e4\u00e4n kuukausittain&#8221; number=&#8221;41&#8243; bar_bg_color=&#8221;#e09900&#8243; circle_color=&#8221;#ffffff&#8221; _builder_version=&#8221;4.23.4&#8243; background_color=&#8221;rgba(0,0,0,0)&#8221; hover_enabled=&#8221;0&#8243; text_shadow_style=&#8221;preset4&#8243; text_shadow_color=&#8221;rgba(0,0,0,0.25)&#8221; global_colors_info=&#8221;{}&#8221; sticky_enabled=&#8221;0&#8243;][\/et_pb_circle_counter][\/et_pb_column][\/et_pb_row][et_pb_row column_structure=&#8221;1_3,1_3,1_3&#8243; _builder_version=&#8221;4.16&#8243; global_colors_info=&#8221;{}&#8221;][et_pb_column type=&#8221;1_3&#8243; _builder_version=&#8221;4.16&#8243; global_colors_info=&#8221;{}&#8221;][et_pb_circle_counter title=&#8221;Kokenut ahdistusta tulevaisuudesta v\u00e4hint\u00e4\u00e4n viikottain&#8221; number=&#8221;27&#8243; bar_bg_color=&#8221;#e09900&#8243; circle_color=&#8221;#ffffff&#8221; _builder_version=&#8221;4.23.4&#8243; background_color=&#8221;rgba(0,0,0,0)&#8221; hover_enabled=&#8221;0&#8243; text_shadow_style=&#8221;preset4&#8243; text_shadow_color=&#8221;rgba(0,0,0,0.25)&#8221; global_colors_info=&#8221;{}&#8221; sticky_enabled=&#8221;0&#8243;][\/et_pb_circle_counter][\/et_pb_column][et_pb_column type=&#8221;1_3&#8243; _builder_version=&#8221;4.16&#8243; global_colors_info=&#8221;{}&#8221;][et_pb_circle_counter title=&#8221;Melkein jokaista huolestuttaa ty\u00f6n saanti v\u00e4hint\u00e4\u00e4n hieman. Jopa 37 %:a v\u00e4hint\u00e4\u00e4n melko paljon.&#8221; number=&#8221;86&#8243; bar_bg_color=&#8221;#e09900&#8243; circle_color=&#8221;#ffffff&#8221; _builder_version=&#8221;4.23.4&#8243; background_color=&#8221;rgba(0,0,0,0)&#8221; hover_enabled=&#8221;0&#8243; text_shadow_style=&#8221;preset4&#8243; text_shadow_color=&#8221;rgba(0,0,0,0.25)&#8221; global_colors_info=&#8221;{}&#8221; sticky_enabled=&#8221;0&#8243;][\/et_pb_circle_counter][\/et_pb_column][et_pb_column type=&#8221;1_3&#8243; _builder_version=&#8221;4.16&#8243; global_colors_info=&#8221;{}&#8221;][et_pb_circle_counter title=&#8221;Huolestuttaa opintomenestys v\u00e4hint\u00e4\u00e4n hieman. Yli yht\u00e4 kolmasosaa v\u00e4hint\u00e4\u00e4n melko paljon&#8221; number=&#8221;88&#8243; bar_bg_color=&#8221;#e09900&#8243; circle_color=&#8221;#ffffff&#8221; _builder_version=&#8221;4.23.4&#8243; background_color=&#8221;rgba(0,0,0,0)&#8221; hover_enabled=&#8221;0&#8243; text_shadow_style=&#8221;preset4&#8243; text_shadow_color=&#8221;rgba(0,0,0,0.25)&#8221; global_colors_info=&#8221;{}&#8221; sticky_enabled=&#8221;0&#8243;][\/et_pb_circle_counter][\/et_pb_column][\/et_pb_row][et_pb_row column_structure=&#8221;1_3,1_3,1_3&#8243; _builder_version=&#8221;4.16&#8243; global_colors_info=&#8221;{}&#8221;][et_pb_column type=&#8221;1_3&#8243; _builder_version=&#8221;4.16&#8243; global_colors_info=&#8221;{}&#8221;][et_pb_circle_counter title=&#8221;Sy\u00f6 korkeintaan 3 ateriaa p\u00e4iv\u00e4ss\u00e4&#8221; number=&#8221;41&#8243; bar_bg_color=&#8221;#e09900&#8243; circle_color=&#8221;#ffffff&#8221; _builder_version=&#8221;4.23.4&#8243; background_color=&#8221;rgba(0,0,0,0)&#8221; hover_enabled=&#8221;0&#8243; text_shadow_style=&#8221;preset4&#8243; text_shadow_color=&#8221;rgba(0,0,0,0.25)&#8221; global_colors_info=&#8221;{}&#8221; sticky_enabled=&#8221;0&#8243;][\/et_pb_circle_counter][\/et_pb_column][et_pb_column type=&#8221;1_3&#8243; _builder_version=&#8221;4.16&#8243; global_colors_info=&#8221;{}&#8221;][et_pb_circle_counter title=&#8221;Tuntee itsens\u00e4 alakuloiseksi, masentuneeksi tai toivottomaksi v\u00e4hint\u00e4\u00e4n kuukausittain&#8221; number=&#8221;55&#8243; bar_bg_color=&#8221;#e09900&#8243; circle_color=&#8221;#ffffff&#8221; _builder_version=&#8221;4.23.4&#8243; background_color=&#8221;rgba(0,0,0,0)&#8221; hover_enabled=&#8221;0&#8243; text_shadow_style=&#8221;preset4&#8243; text_shadow_color=&#8221;rgba(0,0,0,0.25)&#8221; global_colors_info=&#8221;{}&#8221; sticky_enabled=&#8221;0&#8243;][\/et_pb_circle_counter][\/et_pb_column][et_pb_column type=&#8221;1_3&#8243; _builder_version=&#8221;4.16&#8243; global_colors_info=&#8221;{}&#8221;][et_pb_circle_counter title=&#8221;On huolissaan jonkun toisen alkoholink\u00e4yt\u00f6st\u00e4&#8221; number=&#8221;56&#8243; bar_bg_color=&#8221;#e09900&#8243; circle_color=&#8221;#ffffff&#8221; _builder_version=&#8221;4.23.4&#8243; background_color=&#8221;rgba(0,0,0,0)&#8221; hover_enabled=&#8221;0&#8243; text_shadow_style=&#8221;preset4&#8243; text_shadow_color=&#8221;rgba(0,0,0,0.25)&#8221; global_colors_info=&#8221;{}&#8221; sticky_enabled=&#8221;0&#8243;][\/et_pb_circle_counter][\/et_pb_column][\/et_pb_row][\/et_pb_section]<\/p>\n","protected":false},"excerpt":{"rendered":"<p>Mielenterveyskysely Turun KY kartoittaa opiskelijoiden vointia joka kev\u00e4isin toteutettavalla mielenterveyskyselyll\u00e4. Haluamme tiet\u00e4\u00e4, mit\u00e4 opiskelijoillemme oikeasti kuuluu ja siksi jokainen vastaus on todella t\u00e4rke\u00e4. T\u00e4lt\u00e4 sivulta l\u00f6yd\u00e4t kootusti kyselyn tuloksia, sek\u00e4 [&hellip;]<\/p>\n","protected":false},"author":7,"featured_media":0,"parent":0,"menu_order":0,"comment_status":"closed","ping_status":"closed","template":"","meta":{"_et_pb_use_builder":"on","_et_pb_old_content":"","_et_gb_content_width":"","footnotes":""},"class_list":["post-38751","page","type-page","status-publish","hentry"],"yoast_head":"<!-- This site is optimized with the Yoast SEO plugin v27.2 - https:\/\/yoast.com\/product\/yoast-seo-wordpress\/ -->\n<title>Turun KY Mielenterveyskysely<\/title>\n<meta name=\"robots\" content=\"index, follow, max-snippet:-1, max-image-preview:large, max-video-preview:-1\" \/>\n<link rel=\"canonical\" href=\"https:\/\/www.tuky.fi\/etusivu\/mielenterveyskysely\/\" \/>\n<meta property=\"og:locale\" content=\"fi_FI\" \/>\n<meta property=\"og:type\" content=\"article\" \/>\n<meta property=\"og:title\" content=\"Turun KY Mielenterveyskysely\" \/>\n<meta property=\"og:description\" content=\"Mielenterveyskysely Turun KY kartoittaa opiskelijoiden vointia joka kev\u00e4isin toteutettavalla mielenterveyskyselyll\u00e4. Haluamme tiet\u00e4\u00e4, mit\u00e4 opiskelijoillemme oikeasti kuuluu ja siksi jokainen vastaus on todella t\u00e4rke\u00e4. T\u00e4lt\u00e4 sivulta l\u00f6yd\u00e4t kootusti kyselyn tuloksia, sek\u00e4 [&hellip;]\" \/>\n<meta property=\"og:url\" content=\"https:\/\/www.tuky.fi\/etusivu\/mielenterveyskysely\/\" \/>\n<meta property=\"og:site_name\" content=\"Turun KY\" \/>\n<meta property=\"article:modified_time\" content=\"2026-04-10T16:15:30+00:00\" \/>\n<meta name=\"twitter:card\" content=\"summary_large_image\" \/>\n<meta name=\"twitter:label1\" content=\"Arvioitu lukuaika\" \/>\n\t<meta name=\"twitter:data1\" content=\"4 minuuttia\" \/>\n<script type=\"application\/ld+json\" class=\"yoast-schema-graph\">{\"@context\":\"https:\/\/schema.org\",\"@graph\":[{\"@type\":\"WebPage\",\"@id\":\"https:\/\/www.tuky.fi\/etusivu\/mielenterveyskysely\/\",\"url\":\"https:\/\/www.tuky.fi\/etusivu\/mielenterveyskysely\/\",\"name\":\"Turun KY Mielenterveyskysely\",\"isPartOf\":{\"@id\":\"https:\/\/www.tuky.fi\/etusivu\/#website\"},\"datePublished\":\"2021-04-21T15:20:28+00:00\",\"dateModified\":\"2026-04-10T16:15:30+00:00\",\"breadcrumb\":{\"@id\":\"https:\/\/www.tuky.fi\/etusivu\/mielenterveyskysely\/#breadcrumb\"},\"inLanguage\":\"fi\",\"potentialAction\":[{\"@type\":\"ReadAction\",\"target\":[\"https:\/\/www.tuky.fi\/etusivu\/mielenterveyskysely\/\"]}]},{\"@type\":\"BreadcrumbList\",\"@id\":\"https:\/\/www.tuky.fi\/etusivu\/mielenterveyskysely\/#breadcrumb\",\"itemListElement\":[{\"@type\":\"ListItem\",\"position\":1,\"name\":\"Etusivu\",\"item\":\"https:\/\/www.tuky.fi\/etusivu\/\"},{\"@type\":\"ListItem\",\"position\":2,\"name\":\"Mielenterveyskysely\"}]},{\"@type\":\"WebSite\",\"@id\":\"https:\/\/www.tuky.fi\/etusivu\/#website\",\"url\":\"https:\/\/www.tuky.fi\/etusivu\/\",\"name\":\"Turun KY\",\"description\":\"TuKY\",\"publisher\":{\"@id\":\"https:\/\/www.tuky.fi\/etusivu\/#organization\"},\"alternateName\":\"TuKY\",\"potentialAction\":[{\"@type\":\"SearchAction\",\"target\":{\"@type\":\"EntryPoint\",\"urlTemplate\":\"https:\/\/www.tuky.fi\/etusivu\/?s={search_term_string}\"},\"query-input\":{\"@type\":\"PropertyValueSpecification\",\"valueRequired\":true,\"valueName\":\"search_term_string\"}}],\"inLanguage\":\"fi\"},{\"@type\":\"Organization\",\"@id\":\"https:\/\/www.tuky.fi\/etusivu\/#organization\",\"name\":\"Turun KY\",\"alternateName\":\"TuKY\",\"url\":\"https:\/\/www.tuky.fi\/etusivu\/\",\"logo\":{\"@type\":\"ImageObject\",\"inLanguage\":\"fi\",\"@id\":\"https:\/\/www.tuky.fi\/etusivu\/#\/schema\/logo\/image\/\",\"url\":\"https:\/\/www.tuky.fi\/wp-content\/uploads\/2024\/09\/TuKY-logo-kulta-1.png\",\"contentUrl\":\"https:\/\/www.tuky.fi\/wp-content\/uploads\/2024\/09\/TuKY-logo-kulta-1.png\",\"width\":1080,\"height\":1080,\"caption\":\"Turun KY\"},\"image\":{\"@id\":\"https:\/\/www.tuky.fi\/etusivu\/#\/schema\/logo\/image\/\"},\"sameAs\":[\"https:\/\/instagram.com\/turunky\",\"https:\/\/linkedin.com\/turunky\"]}]}<\/script>\n<!-- \/ Yoast SEO plugin. -->","yoast_head_json":{"title":"Turun KY Mielenterveyskysely","robots":{"index":"index","follow":"follow","max-snippet":"max-snippet:-1","max-image-preview":"max-image-preview:large","max-video-preview":"max-video-preview:-1"},"canonical":"https:\/\/www.tuky.fi\/etusivu\/mielenterveyskysely\/","og_locale":"fi_FI","og_type":"article","og_title":"Turun KY Mielenterveyskysely","og_description":"Mielenterveyskysely Turun KY kartoittaa opiskelijoiden vointia joka kev\u00e4isin toteutettavalla mielenterveyskyselyll\u00e4. Haluamme tiet\u00e4\u00e4, mit\u00e4 opiskelijoillemme oikeasti kuuluu ja siksi jokainen vastaus on todella t\u00e4rke\u00e4. T\u00e4lt\u00e4 sivulta l\u00f6yd\u00e4t kootusti kyselyn tuloksia, sek\u00e4 [&hellip;]","og_url":"https:\/\/www.tuky.fi\/etusivu\/mielenterveyskysely\/","og_site_name":"Turun KY","article_modified_time":"2026-04-10T16:15:30+00:00","twitter_card":"summary_large_image","twitter_misc":{"Arvioitu lukuaika":"4 minuuttia"},"schema":{"@context":"https:\/\/schema.org","@graph":[{"@type":"WebPage","@id":"https:\/\/www.tuky.fi\/etusivu\/mielenterveyskysely\/","url":"https:\/\/www.tuky.fi\/etusivu\/mielenterveyskysely\/","name":"Turun KY Mielenterveyskysely","isPartOf":{"@id":"https:\/\/www.tuky.fi\/etusivu\/#website"},"datePublished":"2021-04-21T15:20:28+00:00","dateModified":"2026-04-10T16:15:30+00:00","breadcrumb":{"@id":"https:\/\/www.tuky.fi\/etusivu\/mielenterveyskysely\/#breadcrumb"},"inLanguage":"fi","potentialAction":[{"@type":"ReadAction","target":["https:\/\/www.tuky.fi\/etusivu\/mielenterveyskysely\/"]}]},{"@type":"BreadcrumbList","@id":"https:\/\/www.tuky.fi\/etusivu\/mielenterveyskysely\/#breadcrumb","itemListElement":[{"@type":"ListItem","position":1,"name":"Etusivu","item":"https:\/\/www.tuky.fi\/etusivu\/"},{"@type":"ListItem","position":2,"name":"Mielenterveyskysely"}]},{"@type":"WebSite","@id":"https:\/\/www.tuky.fi\/etusivu\/#website","url":"https:\/\/www.tuky.fi\/etusivu\/","name":"Turun KY","description":"TuKY","publisher":{"@id":"https:\/\/www.tuky.fi\/etusivu\/#organization"},"alternateName":"TuKY","potentialAction":[{"@type":"SearchAction","target":{"@type":"EntryPoint","urlTemplate":"https:\/\/www.tuky.fi\/etusivu\/?s={search_term_string}"},"query-input":{"@type":"PropertyValueSpecification","valueRequired":true,"valueName":"search_term_string"}}],"inLanguage":"fi"},{"@type":"Organization","@id":"https:\/\/www.tuky.fi\/etusivu\/#organization","name":"Turun KY","alternateName":"TuKY","url":"https:\/\/www.tuky.fi\/etusivu\/","logo":{"@type":"ImageObject","inLanguage":"fi","@id":"https:\/\/www.tuky.fi\/etusivu\/#\/schema\/logo\/image\/","url":"https:\/\/www.tuky.fi\/wp-content\/uploads\/2024\/09\/TuKY-logo-kulta-1.png","contentUrl":"https:\/\/www.tuky.fi\/wp-content\/uploads\/2024\/09\/TuKY-logo-kulta-1.png","width":1080,"height":1080,"caption":"Turun KY"},"image":{"@id":"https:\/\/www.tuky.fi\/etusivu\/#\/schema\/logo\/image\/"},"sameAs":["https:\/\/instagram.com\/turunky","https:\/\/linkedin.com\/turunky"]}]}},"lang":"fi","translations":{"fi":38751},"pll_sync_post":[],"_links":{"self":[{"href":"https:\/\/www.tuky.fi\/etusivu\/wp-json\/wp\/v2\/pages\/38751","targetHints":{"allow":["GET"]}}],"collection":[{"href":"https:\/\/www.tuky.fi\/etusivu\/wp-json\/wp\/v2\/pages"}],"about":[{"href":"https:\/\/www.tuky.fi\/etusivu\/wp-json\/wp\/v2\/types\/page"}],"author":[{"embeddable":true,"href":"https:\/\/www.tuky.fi\/etusivu\/wp-json\/wp\/v2\/users\/7"}],"replies":[{"embeddable":true,"href":"https:\/\/www.tuky.fi\/etusivu\/wp-json\/wp\/v2\/comments?post=38751"}],"version-history":[{"count":1,"href":"https:\/\/www.tuky.fi\/etusivu\/wp-json\/wp\/v2\/pages\/38751\/revisions"}],"predecessor-version":[{"id":53125,"href":"https:\/\/www.tuky.fi\/etusivu\/wp-json\/wp\/v2\/pages\/38751\/revisions\/53125"}],"wp:attachment":[{"href":"https:\/\/www.tuky.fi\/etusivu\/wp-json\/wp\/v2\/media?parent=38751"}],"curies":[{"name":"wp","href":"https:\/\/api.w.org\/{rel}","templated":true}]}}