{"id":33794,"date":"2019-10-31T22:03:02","date_gmt":"2019-10-31T19:03:02","guid":{"rendered":"http:\/\/www.tuky.fi\/etusivu\/?page_id=33794"},"modified":"2026-04-10T19:15:31","modified_gmt":"2026-04-10T16:15:31","slug":"opiskelu","status":"publish","type":"page","link":"https:\/\/www.tuky.fi\/etusivu\/opiskelu\/","title":{"rendered":"Opiskelu"},"content":{"rendered":"<p>[et_pb_section fb_built=&#8221;1&#8243; _builder_version=&#8221;4.27.0&#8243; background_image=&#8221;http:\/\/www.tuky.fi\/wp-content\/uploads\/2024\/10\/Turun-kauppatieteiden-ylioppilaat-ry-4.png&#8221; min_height=&#8221;480px&#8221; global_colors_info=&#8221;{}&#8221;][\/et_pb_section][et_pb_section fb_built=&#8221;1&#8243; _builder_version=&#8221;4.18.1&#8243; _module_preset=&#8221;default&#8221; global_colors_info=&#8221;{}&#8221;][et_pb_row _builder_version=&#8221;4.16&#8243; background_size=&#8221;initial&#8221; background_position=&#8221;top_left&#8221; background_repeat=&#8221;repeat&#8221; locked=&#8221;off&#8221; global_colors_info=&#8221;{}&#8221;][et_pb_column type=&#8221;4_4&#8243; _builder_version=&#8221;4.16&#8243; custom_padding=&#8221;|||&#8221; global_colors_info=&#8221;{}&#8221; custom_padding__hover=&#8221;|||&#8221;][et_pb_text _builder_version=&#8221;4.16&#8243; background_size=&#8221;initial&#8221; background_position=&#8221;top_left&#8221; background_repeat=&#8221;repeat&#8221; global_colors_info=&#8221;{}&#8221;]<\/p>\n<h1 class=\"entry-title main_title\">Tenttiarkisto<\/h1>\n<div class=\"entry-content\">\n<p>Turun KY yll\u00e4pit\u00e4\u00e4 tenttiarkistoa Turun kauppakorkeakoulun tenteist\u00e4. Ainej\u00e4rjest\u00f6jen koulutuspoliittiset vastaavat kiert\u00e4v\u00e4t laitoksilla hakemassa uusia tenttej\u00e4 useamman kerran vuodessa. Tentit skannataan ja p\u00e4ivitet\u00e4\u00e4n t\u00e4nne j\u00e4senist\u00f6n tentteihin valmistautumisen avuksi. Kaikki vastaanottamamme tentit ladataan tenttiarkistoon heti. Mik\u00e4li kaipaat puuttuvaa tentti\u00e4, otathan yhteytt\u00e4 kyseisen aineen koulutuspoliittiseen vastaavaan. Ainej\u00e4rjest\u00f6jen yhteystiedot l\u00f6yd\u00e4t t\u00e4\u00e4lt\u00e4.<\/p>\n<p>Turun kauppatieteiden ylioppilaat ry:ll\u00e4 ja VTK\/VTM-tutkinto-opiskelijoiden edustajilla sek\u00e4 Porin Kylterit ry:ll\u00e4 on oikeus saada opintojakson ensimm\u00e4isen tentin j\u00e4lkeen j\u00e4ljenn\u00f6s tenttikysymyksist\u00e4 tai mallitentist\u00e4. <span style=\"font-size: 14px;\">T\u00e4m\u00e4 oikeus l\u00f6ytyy Turun kauppakorkeakoulun tutkintoja ja opintoja koskevista m\u00e4\u00e4r\u00e4yksist\u00e4 (kohta 15).<\/span><\/p>\n<p><strong>Tenttiarkiston l\u00f6ytyd\u00e4t <a href=\"https:\/\/drive.google.com\/drive\/folders\/1shtVM9pm99Pjjk1WZQcBpj6t1OkeJre8?usp=sharing\">t\u00e4\u00e4lt\u00e4<\/a>!<\/strong><\/p>\n<\/div>\n<p>&nbsp;<\/p>\n<p>Jos sinulla on kysytt\u00e4v\u00e4\u00e4 tenttiarkistosta, viesti\u00e4 voi laittaa osoitteeseen\u00a0<a href=\"mailto:kopo@tuky.fi\">kopo@tuky.fi<\/a>.\u00a0<\/p>\n<p>&nbsp;<\/p>\n<p>[\/et_pb_text][\/et_pb_column][\/et_pb_row][\/et_pb_section][et_pb_section fb_built=&#8221;1&#8243; _builder_version=&#8221;4.27.0&#8243; background_color=&#8221;#00305d&#8221; locked=&#8221;off&#8221; global_colors_info=&#8221;{}&#8221;][et_pb_row column_structure=&#8221;1_2,1_2&#8243; _builder_version=&#8221;4.16&#8243; background_size=&#8221;initial&#8221; background_position=&#8221;top_left&#8221; background_repeat=&#8221;repeat&#8221; global_colors_info=&#8221;{}&#8221;][et_pb_column type=&#8221;1_2&#8243; _builder_version=&#8221;4.16&#8243; custom_padding=&#8221;|||&#8221; global_colors_info=&#8221;{}&#8221; custom_padding__hover=&#8221;|||&#8221;][et_pb_text _builder_version=&#8221;4.27.0&#8243; text_font=&#8221;||||||||&#8221; text_text_color=&#8221;#FFFFFF&#8221; header_text_color=&#8221;#FFFFFF&#8221; background_size=&#8221;initial&#8221; background_position=&#8221;top_left&#8221; background_repeat=&#8221;repeat&#8221; global_colors_info=&#8221;{}&#8221;]<\/p>\n<h1 class=\"entry-title main_title\">Palaute opetuksesta<\/h1>\n<div class=\"entry-content\">\n<p>Turun KY on aktiivisesti mukana kehitt\u00e4m\u00e4ss\u00e4 kauppakorkeakoulussa tarjottavaa opetusta. Auta meit\u00e4 ja anna palautetta opetuksesta ja kursseista! Lomakkeen tiedot l\u00e4hetet\u00e4\u00e4n aineen valinnan perusteella aineesta vastaavalle ainej\u00e4rjest\u00f6lle ja aineiden, joilla ei ole omaa ainej\u00e4rjest\u00f6\u00e4, palautteet l\u00e4hetet\u00e4\u00e4n suoraan Turun KY:n hallituksen koulutuspoliittiselle vastaavalle.<\/p>\n<p>Kiitos avusta!<\/p>\n<\/div>\n<p>[\/et_pb_text][\/et_pb_column][et_pb_column type=&#8221;1_2&#8243; _builder_version=&#8221;4.16&#8243; custom_padding=&#8221;|||&#8221; global_colors_info=&#8221;{}&#8221; custom_padding__hover=&#8221;|||&#8221;][et_pb_contact_form email=&#8221;kopo@tuky.fi&#8221; title=&#8221;Anna palautetta opetuksesta!&#8221; success_message=&#8221;Kiitos palautteestasi! Toivottavasti pystymme t\u00e4m\u00e4n avulla kehitt\u00e4m\u00e4\u00e4n meid\u00e4n kaikkien opiskelua.&#8221; module_id=&#8221;et_pb_contact_form_0&#8243; _builder_version=&#8221;4.27.4&#8243; _unique_id=&#8221;3392c615-bccb-4660-ac07-8c8ae6f10cdc&#8221; title_level=&#8221;h2&#8243; title_text_color=&#8221;#FFFFFF&#8221; captcha_text_color=&#8221;#FFFFFF&#8221; custom_button=&#8221;on&#8221; button_text_color=&#8221;#ffcf00&#8243; hover_enabled=&#8221;0&#8243; border_radii=&#8221;on|25px|25px|25px|25px&#8221; input_border_radius=&#8221;25px&#8221; global_colors_info=&#8221;{}&#8221; sticky_enabled=&#8221;0&#8243;][et_pb_contact_field field_id=&#8221;Message&#8221; field_title=&#8221;Kirjoita t\u00e4h\u00e4n palautteesi. Jos haluat, ett\u00e4 sinuun ollaan yhteydess\u00e4 palautteen tiimoilta, kirjoitathan my\u00f6s nimesi sek\u00e4 s\u00e4hk\u00f6postiosoitteesi t\u00e4h\u00e4n kentt\u00e4\u00e4n.&#8221; field_type=&#8221;text&#8221; fullwidth_field=&#8221;on&#8221; _builder_version=&#8221;4.18.1&#8243; global_colors_info=&#8221;{}&#8221; button_text_size__hover_enabled=&#8221;off&#8221; button_one_text_size__hover_enabled=&#8221;off&#8221; button_two_text_size__hover_enabled=&#8221;off&#8221; button_text_color__hover_enabled=&#8221;off&#8221; button_one_text_color__hover_enabled=&#8221;off&#8221; button_two_text_color__hover_enabled=&#8221;off&#8221; button_border_width__hover_enabled=&#8221;off&#8221; button_one_border_width__hover_enabled=&#8221;off&#8221; button_two_border_width__hover_enabled=&#8221;off&#8221; button_border_color__hover_enabled=&#8221;off&#8221; button_one_border_color__hover_enabled=&#8221;off&#8221; button_two_border_color__hover_enabled=&#8221;off&#8221; button_border_radius__hover_enabled=&#8221;off&#8221; button_one_border_radius__hover_enabled=&#8221;off&#8221; button_two_border_radius__hover_enabled=&#8221;off&#8221; button_letter_spacing__hover_enabled=&#8221;off&#8221; button_one_letter_spacing__hover_enabled=&#8221;off&#8221; button_two_letter_spacing__hover_enabled=&#8221;off&#8221; button_bg_color__hover_enabled=&#8221;off&#8221; button_one_bg_color__hover_enabled=&#8221;off&#8221; button_two_bg_color__hover_enabled=&#8221;off&#8221;][\/et_pb_contact_field][\/et_pb_contact_form][\/et_pb_column][\/et_pb_row][\/et_pb_section][et_pb_section fb_built=&#8221;1&#8243; _builder_version=&#8221;4.16&#8243; locked=&#8221;off&#8221; global_colors_info=&#8221;{}&#8221;][et_pb_row _builder_version=&#8221;4.16&#8243; global_colors_info=&#8221;{}&#8221;][et_pb_column type=&#8221;4_4&#8243; _builder_version=&#8221;4.16&#8243; global_colors_info=&#8221;{}&#8221;][et_pb_text _builder_version=&#8221;4.27.0&#8243; global_colors_info=&#8221;{}&#8221;]<\/p>\n<h2 style=\"text-align: center;\">T\u00e4rkeit\u00e4 linkkej\u00e4<\/h2>\n<p style=\"text-align: center;\">Milloin se kurssi-ilmoittautuminen olikaan? Miten teen hyv\u00e4ksiluvun? Miten vaihto-opiskeluun meneminen toimii? Kuka se omaopettajani olikaan? Miten vaihdan p\u00e4\u00e4aineeni? Meist\u00e4 l\u00e4hes jokainen kysyy jossain vaiheessa n\u00e4it\u00e4 kysymyksi\u00e4 itselt\u00e4\u00e4n, kaveriltaan ja v\u00e4lill\u00e4 jopa Jodelissa.<\/p>\n<p style=\"text-align: center;\">En\u00e4\u00e4 ei tarvitse kysy\u00e4: katso alla olevasta listasta linkit kaikkiin t\u00e4rkeimpiin tiedonl\u00e4hteisiin.<\/p>\n<p>[\/et_pb_text][\/et_pb_column][\/et_pb_row][et_pb_row column_structure=&#8221;1_2,1_2&#8243; _builder_version=&#8221;4.27.0&#8243; _module_preset=&#8221;default&#8221; custom_padding=&#8221;||0px|||&#8221; global_colors_info=&#8221;{}&#8221;][et_pb_column type=&#8221;1_2&#8243; _builder_version=&#8221;4.27.0&#8243; _module_preset=&#8221;default&#8221; global_colors_info=&#8221;{}&#8221;][et_pb_text _builder_version=&#8221;4.27.0&#8243; locked=&#8221;off&#8221; global_colors_info=&#8221;{}&#8221;]<\/p>\n<ul>\n<li><strong><a href=\"https:\/\/student.peppi.utu.fi\/\">Peppi. T\u00e4\u00e4lt\u00e4 l\u00f6ytyv\u00e4t mm. kurssi- ja tentti-ilmoittautuminen<\/a><\/strong><\/li>\n<li><strong><a href=\"https:\/\/intranet.utu.fi\/fi\/Sivut\/opiskelija.aspx\">Intranet<\/a><\/strong><\/li>\n<li><strong><a href=\"https:\/\/www.tuky.fi\/etusivu\/tenttiarkisto\/\">Vanhoja tenttej\u00e4<\/a><\/strong><\/li>\n<li><strong><a href=\"https:\/\/www.utu.fi\/fi\/yliopisto\/turun-kauppakorkeakoulu\/opiskelu\/opintotoimisto-turku\">Opintotoimiston yhteystiedot<\/a><\/strong><\/li>\n<li><strong><a href=\"https:\/\/intranet.utu.fi\/fi\/yksikot\/tse\/studying\/opintojen-ohjaus\/opintohallinon-henkilokunta\/Sivut\/default.aspx\">Opintotoimiston aukioloajat ja muuta tietoa<\/a><\/strong><\/li>\n<li><strong><a href=\"https:\/\/opas.utu.fi\/tukkk\">Luentojen sijannit ja ajankohdat<\/a><\/strong><\/li>\n<li><strong><a href=\"https:\/\/lukkarit.utu.fi\/#\/schedule\">Ohjeet lukuj\u00e4rjestyksen tekemiseen<\/a><\/strong><\/li>\n<li><strong><a href=\"https:\/\/intranet.utu.fi\/fi\/yksikot\/tse\/studying\/tenttiminenjaopintosuoritukset\/Sivut\/Opintojen-hyv%C3%A4ksiluku.aspx\">Opintojen hyv\u00e4ksilukeminen<\/a><\/strong><\/li>\n<\/ul>\n<p>[\/et_pb_text][\/et_pb_column][et_pb_column type=&#8221;1_2&#8243; _builder_version=&#8221;4.27.0&#8243; _module_preset=&#8221;default&#8221; global_colors_info=&#8221;{}&#8221;][et_pb_text _builder_version=&#8221;4.27.0&#8243; locked=&#8221;off&#8221; global_colors_info=&#8221;{}&#8221;]<\/p>\n<ul>\n<li><strong><a href=\"https:\/\/intranet.utu.fi\/fi\/yksikot\/tse\/studying\/opintojen-ohjaus\/ohjaus-oppiaineissa\/Sivut\/default.aspx\">Aineiden vastuuopettajat ja opintojen ohjaus<\/a><\/strong><\/li>\n<li><strong><a href=\"https:\/\/intranet.utu.fi\/fi\/yksikot\/tse\/faculty\/opettajalle\/omaopettajat\/omaopettajataineittain\/Sivut\/default.aspx\">Omaopettajat<\/a><\/strong><\/li>\n<li><strong><a href=\"https:\/\/intranet.utu.fi\/fi\/yksikot\/tse\/studying\/kansainvalisyysopinnoissa\/hakeminenvaihtoon\/Sivut\/default.aspx\">Vaihto-opiskelu<\/a><\/strong><\/li>\n<li><strong><a href=\"https:\/\/intranet.utu.fi\/fi\/yksikot\/tse\/studying\/valmistuminen_\/kokonaisuusmerkinnat\/Sivut\/default.aspx\">Kokonaisuusmerkinn\u00e4n hakeminen<\/a><\/strong><\/li>\n<li><strong><a href=\"https:\/\/intranet.utu.fi\/fi\/yksikot\/tse\/studying\/opintojensuunnittelu\/harjoittelu\/Sivut\/default.aspx\">Tietoa harjoittelusta<\/a><\/strong><\/li>\n<li><strong><a href=\"http:\/\/www.yrittajyysyliopisto.fi\/#etusivu\">Yritt\u00e4jyys ja opiskelu<\/a><\/strong><\/li>\n<li><strong><a href=\"https:\/\/intranet.utu.fi\/fi\/yksikot\/tse\/studying\/opintojensuunnittelu\/paaaineentaierikoistumissuunnanvaihtaminen\/Sivut\/default.aspx\">P\u00e4\u00e4aineen vaihtaminen<\/a><\/strong><\/li>\n<li><strong><a href=\"https:\/\/intranet.utu.fi\/index\/oikaisumenettely\/Sivut\/default.aspx\">Hae oikaisua &#8211; arvosana tai hyv\u00e4ksiluku ei tyydyt\u00e4<\/a><\/strong><\/li>\n<\/ul>\n<p>[\/et_pb_text][\/et_pb_column][\/et_pb_row][\/et_pb_section]<\/p>\n","protected":false},"excerpt":{"rendered":"<p>Tenttiarkisto Turun KY yll\u00e4pit\u00e4\u00e4 tenttiarkistoa Turun kauppakorkeakoulun tenteist\u00e4. Ainej\u00e4rjest\u00f6jen koulutuspoliittiset vastaavat kiert\u00e4v\u00e4t laitoksilla hakemassa uusia tenttej\u00e4 useamman kerran vuodessa. Tentit skannataan ja p\u00e4ivitet\u00e4\u00e4n t\u00e4nne j\u00e4senist\u00f6n tentteihin valmistautumisen avuksi. Kaikki vastaanottamamme [&hellip;]<\/p>\n","protected":false},"author":8,"featured_media":0,"parent":0,"menu_order":0,"comment_status":"closed","ping_status":"closed","template":"","meta":{"_et_pb_use_builder":"on","_et_pb_old_content":"<!-- wp:paragraph -->\n<p>T\u00e4\u00e4lt\u00e4 l\u00f6yd\u00e4t tietoa niin kurssi-ilmoittautumisien aikatauluista, tilojen varaamisesta kuin kurssien sis\u00e4ll\u00f6ist\u00e4. Osioon on my\u00f6s ker\u00e4tty linkkej\u00e4 t\u00e4rkeimpiin sivuihin.<\/p>\n<!-- \/wp:paragraph -->\n\n<!-- wp:paragraph -->\n<p><\/p>\n<!-- \/wp:paragraph -->\n\n<!-- wp:heading -->\n<h2>Kategoriat<\/h2>\n<!-- \/wp:heading -->\n\n<!-- wp:columns -->\n<div class=\"wp-block-columns has-2-columns\"><!-- wp:column -->\n<div class=\"wp-block-column\"><!-- wp:button {\"align\":\"center\"} -->\n<div class=\"wp-block-button aligncenter\"><a class=\"wp-block-button__link\" href=\"https:\/\/www.tuky.fi\/etusivu\/ajankohtaista\/tilat\/\">Tilat<\/a><\/div>\n<!-- \/wp:button -->\n\n<!-- wp:button {\"align\":\"center\"} -->\n<div class=\"wp-block-button aligncenter\"><a class=\"wp-block-button__link\" href=\"https:\/\/www.tuky.fi\/etusivu\/kurssit\/\">Kurssit<\/a><\/div>\n<!-- \/wp:button -->\n\n<!-- wp:button {\"align\":\"center\"} -->\n<div class=\"wp-block-button aligncenter\"><a class=\"wp-block-button__link\" href=\"https:\/\/www.tuky.fi\/etusivu\/opi-oppimaan\/\">Opi oppimaan<\/a><\/div>\n<!-- \/wp:button --><\/div>\n<!-- \/wp:column -->\n\n<!-- wp:column -->\n<div class=\"wp-block-column\"><!-- wp:button {\"align\":\"center\"} -->\n<div class=\"wp-block-button aligncenter\"><a class=\"wp-block-button__link\" href=\"https:\/\/www.tuky.fi\/etusivu\/jaksaminen\/\">Jaksaminen<\/a><\/div>\n<!-- \/wp:button -->\n\n<!-- wp:button {\"align\":\"center\"} -->\n<div class=\"wp-block-button aligncenter\"><a class=\"wp-block-button__link\" href=\"https:\/\/www.tuky.fi\/etusivu\/tarkeita-linkkeja\/\">T\u00e4rkeit\u00e4 linkkej\u00e4<\/a><\/div>\n<!-- \/wp:button -->\n\n<!-- wp:button {\"align\":\"center\"} -->\n<div class=\"wp-block-button aligncenter\"><a class=\"wp-block-button__link\" href=\"https:\/\/www.tuky.fi\/etusivu\/usein-kysytyt-kysymykset\/\">FAQ<\/a><\/div>\n<!-- \/wp:button --><\/div>\n<!-- \/wp:column --><\/div>\n<!-- \/wp:columns -->","_et_gb_content_width":"","footnotes":""},"class_list":["post-33794","page","type-page","status-publish","hentry"],"yoast_head":"<!-- This site is optimized with the Yoast SEO plugin v27.2 - https:\/\/yoast.com\/product\/yoast-seo-wordpress\/ -->\n<title>Turun KY Opiskelu<\/title>\n<meta name=\"robots\" content=\"index, follow, max-snippet:-1, max-image-preview:large, max-video-preview:-1\" \/>\n<link rel=\"canonical\" href=\"https:\/\/www.tuky.fi\/etusivu\/opiskelu\/\" \/>\n<meta property=\"og:locale\" content=\"fi_FI\" \/>\n<meta property=\"og:type\" content=\"article\" \/>\n<meta property=\"og:title\" content=\"Turun KY Opiskelu\" \/>\n<meta property=\"og:description\" content=\"Tenttiarkisto Turun KY yll\u00e4pit\u00e4\u00e4 tenttiarkistoa Turun kauppakorkeakoulun tenteist\u00e4. Ainej\u00e4rjest\u00f6jen koulutuspoliittiset vastaavat kiert\u00e4v\u00e4t laitoksilla hakemassa uusia tenttej\u00e4 useamman kerran vuodessa. Tentit skannataan ja p\u00e4ivitet\u00e4\u00e4n t\u00e4nne j\u00e4senist\u00f6n tentteihin valmistautumisen avuksi. Kaikki vastaanottamamme [&hellip;]\" \/>\n<meta property=\"og:url\" content=\"https:\/\/www.tuky.fi\/etusivu\/opiskelu\/\" \/>\n<meta property=\"og:site_name\" content=\"Turun KY\" \/>\n<meta property=\"article:modified_time\" content=\"2026-04-10T16:15:31+00:00\" \/>\n<meta name=\"twitter:card\" content=\"summary_large_image\" \/>\n<meta name=\"twitter:label1\" content=\"Arvioitu lukuaika\" \/>\n\t<meta name=\"twitter:data1\" content=\"5 minuuttia\" \/>\n<script type=\"application\/ld+json\" class=\"yoast-schema-graph\">{\"@context\":\"https:\/\/schema.org\",\"@graph\":[{\"@type\":\"WebPage\",\"@id\":\"https:\/\/www.tuky.fi\/etusivu\/opiskelu\/\",\"url\":\"https:\/\/www.tuky.fi\/etusivu\/opiskelu\/\",\"name\":\"Turun KY Opiskelu\",\"isPartOf\":{\"@id\":\"https:\/\/www.tuky.fi\/etusivu\/#website\"},\"datePublished\":\"2019-10-31T19:03:02+00:00\",\"dateModified\":\"2026-04-10T16:15:31+00:00\",\"breadcrumb\":{\"@id\":\"https:\/\/www.tuky.fi\/etusivu\/opiskelu\/#breadcrumb\"},\"inLanguage\":\"fi\",\"potentialAction\":[{\"@type\":\"ReadAction\",\"target\":[\"https:\/\/www.tuky.fi\/etusivu\/opiskelu\/\"]}]},{\"@type\":\"BreadcrumbList\",\"@id\":\"https:\/\/www.tuky.fi\/etusivu\/opiskelu\/#breadcrumb\",\"itemListElement\":[{\"@type\":\"ListItem\",\"position\":1,\"name\":\"Etusivu\",\"item\":\"https:\/\/www.tuky.fi\/etusivu\/\"},{\"@type\":\"ListItem\",\"position\":2,\"name\":\"Opiskelu\"}]},{\"@type\":\"WebSite\",\"@id\":\"https:\/\/www.tuky.fi\/etusivu\/#website\",\"url\":\"https:\/\/www.tuky.fi\/etusivu\/\",\"name\":\"Turun KY\",\"description\":\"TuKY\",\"publisher\":{\"@id\":\"https:\/\/www.tuky.fi\/etusivu\/#organization\"},\"alternateName\":\"TuKY\",\"potentialAction\":[{\"@type\":\"SearchAction\",\"target\":{\"@type\":\"EntryPoint\",\"urlTemplate\":\"https:\/\/www.tuky.fi\/etusivu\/?s={search_term_string}\"},\"query-input\":{\"@type\":\"PropertyValueSpecification\",\"valueRequired\":true,\"valueName\":\"search_term_string\"}}],\"inLanguage\":\"fi\"},{\"@type\":\"Organization\",\"@id\":\"https:\/\/www.tuky.fi\/etusivu\/#organization\",\"name\":\"Turun KY\",\"alternateName\":\"TuKY\",\"url\":\"https:\/\/www.tuky.fi\/etusivu\/\",\"logo\":{\"@type\":\"ImageObject\",\"inLanguage\":\"fi\",\"@id\":\"https:\/\/www.tuky.fi\/etusivu\/#\/schema\/logo\/image\/\",\"url\":\"https:\/\/www.tuky.fi\/wp-content\/uploads\/2024\/09\/TuKY-logo-kulta-1.png\",\"contentUrl\":\"https:\/\/www.tuky.fi\/wp-content\/uploads\/2024\/09\/TuKY-logo-kulta-1.png\",\"width\":1080,\"height\":1080,\"caption\":\"Turun KY\"},\"image\":{\"@id\":\"https:\/\/www.tuky.fi\/etusivu\/#\/schema\/logo\/image\/\"},\"sameAs\":[\"https:\/\/instagram.com\/turunky\",\"https:\/\/linkedin.com\/turunky\"]}]}<\/script>\n<!-- \/ Yoast SEO plugin. -->","yoast_head_json":{"title":"Turun KY Opiskelu","robots":{"index":"index","follow":"follow","max-snippet":"max-snippet:-1","max-image-preview":"max-image-preview:large","max-video-preview":"max-video-preview:-1"},"canonical":"https:\/\/www.tuky.fi\/etusivu\/opiskelu\/","og_locale":"fi_FI","og_type":"article","og_title":"Turun KY Opiskelu","og_description":"Tenttiarkisto Turun KY yll\u00e4pit\u00e4\u00e4 tenttiarkistoa Turun kauppakorkeakoulun tenteist\u00e4. Ainej\u00e4rjest\u00f6jen koulutuspoliittiset vastaavat kiert\u00e4v\u00e4t laitoksilla hakemassa uusia tenttej\u00e4 useamman kerran vuodessa. Tentit skannataan ja p\u00e4ivitet\u00e4\u00e4n t\u00e4nne j\u00e4senist\u00f6n tentteihin valmistautumisen avuksi. Kaikki vastaanottamamme [&hellip;]","og_url":"https:\/\/www.tuky.fi\/etusivu\/opiskelu\/","og_site_name":"Turun KY","article_modified_time":"2026-04-10T16:15:31+00:00","twitter_card":"summary_large_image","twitter_misc":{"Arvioitu lukuaika":"5 minuuttia"},"schema":{"@context":"https:\/\/schema.org","@graph":[{"@type":"WebPage","@id":"https:\/\/www.tuky.fi\/etusivu\/opiskelu\/","url":"https:\/\/www.tuky.fi\/etusivu\/opiskelu\/","name":"Turun KY Opiskelu","isPartOf":{"@id":"https:\/\/www.tuky.fi\/etusivu\/#website"},"datePublished":"2019-10-31T19:03:02+00:00","dateModified":"2026-04-10T16:15:31+00:00","breadcrumb":{"@id":"https:\/\/www.tuky.fi\/etusivu\/opiskelu\/#breadcrumb"},"inLanguage":"fi","potentialAction":[{"@type":"ReadAction","target":["https:\/\/www.tuky.fi\/etusivu\/opiskelu\/"]}]},{"@type":"BreadcrumbList","@id":"https:\/\/www.tuky.fi\/etusivu\/opiskelu\/#breadcrumb","itemListElement":[{"@type":"ListItem","position":1,"name":"Etusivu","item":"https:\/\/www.tuky.fi\/etusivu\/"},{"@type":"ListItem","position":2,"name":"Opiskelu"}]},{"@type":"WebSite","@id":"https:\/\/www.tuky.fi\/etusivu\/#website","url":"https:\/\/www.tuky.fi\/etusivu\/","name":"Turun KY","description":"TuKY","publisher":{"@id":"https:\/\/www.tuky.fi\/etusivu\/#organization"},"alternateName":"TuKY","potentialAction":[{"@type":"SearchAction","target":{"@type":"EntryPoint","urlTemplate":"https:\/\/www.tuky.fi\/etusivu\/?s={search_term_string}"},"query-input":{"@type":"PropertyValueSpecification","valueRequired":true,"valueName":"search_term_string"}}],"inLanguage":"fi"},{"@type":"Organization","@id":"https:\/\/www.tuky.fi\/etusivu\/#organization","name":"Turun KY","alternateName":"TuKY","url":"https:\/\/www.tuky.fi\/etusivu\/","logo":{"@type":"ImageObject","inLanguage":"fi","@id":"https:\/\/www.tuky.fi\/etusivu\/#\/schema\/logo\/image\/","url":"https:\/\/www.tuky.fi\/wp-content\/uploads\/2024\/09\/TuKY-logo-kulta-1.png","contentUrl":"https:\/\/www.tuky.fi\/wp-content\/uploads\/2024\/09\/TuKY-logo-kulta-1.png","width":1080,"height":1080,"caption":"Turun KY"},"image":{"@id":"https:\/\/www.tuky.fi\/etusivu\/#\/schema\/logo\/image\/"},"sameAs":["https:\/\/instagram.com\/turunky","https:\/\/linkedin.com\/turunky"]}]}},"lang":"fi","translations":{"fi":33794},"pll_sync_post":[],"_links":{"self":[{"href":"https:\/\/www.tuky.fi\/etusivu\/wp-json\/wp\/v2\/pages\/33794","targetHints":{"allow":["GET"]}}],"collection":[{"href":"https:\/\/www.tuky.fi\/etusivu\/wp-json\/wp\/v2\/pages"}],"about":[{"href":"https:\/\/www.tuky.fi\/etusivu\/wp-json\/wp\/v2\/types\/page"}],"author":[{"embeddable":true,"href":"https:\/\/www.tuky.fi\/etusivu\/wp-json\/wp\/v2\/users\/8"}],"replies":[{"embeddable":true,"href":"https:\/\/www.tuky.fi\/etusivu\/wp-json\/wp\/v2\/comments?post=33794"}],"version-history":[{"count":1,"href":"https:\/\/www.tuky.fi\/etusivu\/wp-json\/wp\/v2\/pages\/33794\/revisions"}],"predecessor-version":[{"id":53128,"href":"https:\/\/www.tuky.fi\/etusivu\/wp-json\/wp\/v2\/pages\/33794\/revisions\/53128"}],"wp:attachment":[{"href":"https:\/\/www.tuky.fi\/etusivu\/wp-json\/wp\/v2\/media?parent=33794"}],"curies":[{"name":"wp","href":"https:\/\/api.w.org\/{rel}","templated":true}]}}