{"id":22247,"date":"2019-01-06T15:40:07","date_gmt":"2019-01-06T12:40:07","guid":{"rendered":"http:\/\/www.tuky.fi\/?page_id=22247"},"modified":"2026-04-10T18:48:43","modified_gmt":"2026-04-10T15:48:43","slug":"ura","status":"publish","type":"page","link":"https:\/\/www.tuky.fi\/etusivu\/ura\/","title":{"rendered":"URA"},"content":{"rendered":"<p>[et_pb_section fb_built=&#8221;1&#8243; fullwidth=&#8221;on&#8221; disabled_on=&#8221;off|off|off&#8221; _builder_version=&#8221;4.16&#8243; custom_padding=&#8221;0px|0|0|0px|false|false&#8221; global_colors_info=&#8221;{}&#8221;][et_pb_fullwidth_slider admin_label=&#8221;Fullwidth Slider&#8221; _builder_version=&#8221;4.27.0&#8243; header_font=&#8221;|700|||||||&#8221; header_text_color=&#8221;#000000&#8243; body_font=&#8221;|700|||||||&#8221; body_text_color=&#8221;#002d98&#8243; background_image=&#8221;http:\/\/www.tuky.fi\/wp-content\/uploads\/2021\/11\/photo-1499750310107-5fef28a66643.webp&#8221; parallax=&#8221;on&#8221; min_height=&#8221;520.4px&#8221; height=&#8221;670px&#8221; custom_padding=&#8221;|||&#8221; custom_padding_tablet=&#8221;|||&#8221; custom_padding_phone=&#8221;|||&#8221; auto=&#8221;on&#8221; auto_speed=&#8221;6000&#8243; hover_enabled=&#8221;0&#8243; header_text_shadow_style=&#8221;preset5&#8243; header_text_shadow_color=&#8221;#000000&#8243; box_shadow_style=&#8221;preset6&#8243; box_shadow_blur=&#8221;10px&#8221; box_shadow_color=&#8221;rgba(0,0,0,0.1)&#8221; remove_inner_shadow=&#8221;off&#8221; hide_content_on_mobile=&#8221;off&#8221; hide_cta_on_mobile=&#8221;off&#8221; show_inner_shadow=&#8221;on&#8221; button_letter_spacing_hover=&#8221;0&#8243; global_colors_info=&#8221;{}&#8221; button_text_size__hover_enabled=&#8221;off&#8221; button_one_text_size__hover_enabled=&#8221;off&#8221; button_two_text_size__hover_enabled=&#8221;off&#8221; button_text_color__hover_enabled=&#8221;off&#8221; button_one_text_color__hover_enabled=&#8221;off&#8221; button_two_text_color__hover_enabled=&#8221;off&#8221; button_border_width__hover_enabled=&#8221;off&#8221; button_one_border_width__hover_enabled=&#8221;off&#8221; button_two_border_width__hover_enabled=&#8221;off&#8221; button_border_color__hover_enabled=&#8221;off&#8221; button_one_border_color__hover_enabled=&#8221;off&#8221; button_two_border_color__hover_enabled=&#8221;off&#8221; button_border_radius__hover_enabled=&#8221;off&#8221; button_one_border_radius__hover_enabled=&#8221;off&#8221; button_two_border_radius__hover_enabled=&#8221;off&#8221; button_letter_spacing__hover_enabled=&#8221;on&#8221; button_letter_spacing__hover=&#8221;0&#8243; button_one_letter_spacing__hover_enabled=&#8221;off&#8221; button_two_letter_spacing__hover_enabled=&#8221;off&#8221; button_bg_color__hover_enabled=&#8221;off&#8221; button_one_bg_color__hover_enabled=&#8221;off&#8221; button_two_bg_color__hover_enabled=&#8221;off&#8221; body_text_color__hover_enabled=&#8221;on&#8221; body_text_color__hover=&#8221;#002d98&#8243; sticky_enabled=&#8221;0&#8243;][et_pb_slide heading=&#8221;URA&#8221; use_bg_overlay=&#8221;off&#8221; use_text_overlay=&#8221;off&#8221; _builder_version=&#8221;4.27.0&#8243; header_level=&#8221;h3&#8243; header_font=&#8221;Open Sans||||||||&#8221; header_text_color=&#8221;#FFFFFF&#8221; header_font_size=&#8221;100px&#8221; header_letter_spacing=&#8221;5px&#8221; body_font=&#8221;||||||||&#8221; body_text_color=&#8221;#FFFFFF&#8221; body_font_size=&#8221;37px&#8221; body_line_height=&#8221;1em&#8221; background_image=&#8221;http:\/\/www.tuky.fi\/wp-content\/uploads\/2021\/11\/Nimeton-suunn.malli_.png&#8221; background_enable_image=&#8221;on&#8221; background_blend=&#8221;darken&#8221; button_icon_placement=&#8221;right&#8221; button_on_hover=&#8221;on&#8221; hover_enabled=&#8221;0&#8243; header_font_size_tablet=&#8221;60&#8243; header_font_size_phone=&#8221;60&#8243; body_font_size_tablet=&#8221;30&#8243; body_font_size_phone=&#8221;30&#8243; header_text_shadow_style=&#8221;preset2&#8243; header_text_shadow_horizontal_length=&#8221;0.03em&#8221; header_text_shadow_blur_strength=&#8221;0.21em&#8221; header_text_shadow_color=&#8221;#000000&#8243; body_text_shadow_style=&#8221;preset2&#8243; body_text_shadow_blur_strength=&#8221;0.36em&#8221; body_text_shadow_color=&#8221;#000000&#8243; global_colors_info=&#8221;{}&#8221; button_text_size__hover_enabled=&#8221;off&#8221; button_one_text_size__hover_enabled=&#8221;off&#8221; button_two_text_size__hover_enabled=&#8221;off&#8221; button_text_color__hover_enabled=&#8221;off&#8221; button_one_text_color__hover_enabled=&#8221;off&#8221; button_two_text_color__hover_enabled=&#8221;off&#8221; button_border_width__hover_enabled=&#8221;off&#8221; button_one_border_width__hover_enabled=&#8221;off&#8221; button_two_border_width__hover_enabled=&#8221;off&#8221; button_border_color__hover_enabled=&#8221;off&#8221; button_one_border_color__hover_enabled=&#8221;off&#8221; button_two_border_color__hover_enabled=&#8221;off&#8221; button_border_radius__hover_enabled=&#8221;off&#8221; button_one_border_radius__hover_enabled=&#8221;off&#8221; button_two_border_radius__hover_enabled=&#8221;off&#8221; button_letter_spacing__hover_enabled=&#8221;off&#8221; button_one_letter_spacing__hover_enabled=&#8221;off&#8221; button_two_letter_spacing__hover_enabled=&#8221;off&#8221; button_bg_color__hover_enabled=&#8221;off&#8221; button_one_bg_color__hover_enabled=&#8221;off&#8221; button_two_bg_color__hover_enabled=&#8221;off&#8221; sticky_transition=&#8221;on&#8221; sticky_enabled=&#8221;0&#8243;]<\/p>\n<h5 style=\"text-align: center;\">Turun KY ja yhteisty\u00f6kumppanimme tarjoavat monipuolisia uravaihtoehtoja opiskelijoille ja vastavalmistuneille. Tarjoamme yhteisty\u00f6mme kautta mielenkiintoisia uramahdollisuuksia ymp\u00e4ri Suomea lukuisilta eri toimialoilta. T\u00e4lt\u00e4 sivulta l\u00f6yd\u00e4t t\u00e4ll\u00e4 hetkell\u00e4 k\u00e4ynniss\u00e4 olevat haut.<\/h5>\n<h5 style=\"text-align: center;\">Tutustu tarjoamiimme mahdollisuuksiin ja l\u00f6yd\u00e4 tulevaisuuden suuntasi jo t\u00e4n\u00e4\u00e4n!<\/h5>\n<p>[\/et_pb_slide][\/et_pb_fullwidth_slider][\/et_pb_section][et_pb_section fb_built=&#8221;1&#8243; module_id=&#8221;ura1&#8243; _builder_version=&#8221;4.16&#8243; background_color=&#8221;#043464&#8243; background_blend=&#8221;overlay&#8221; custom_padding=&#8221;1px|0px|0px|10px&#8221; global_colors_info=&#8221;{}&#8221;][et_pb_row _builder_version=&#8221;4.16&#8243; min_height=&#8221;96px&#8221; custom_padding=&#8221;19px|0px|13px|0px&#8221; global_colors_info=&#8221;{}&#8221;][et_pb_column type=&#8221;4_4&#8243; _builder_version=&#8221;4.16&#8243; custom_padding=&#8221;|||&#8221; global_colors_info=&#8221;{}&#8221; custom_padding__hover=&#8221;|||&#8221;][et_pb_text _builder_version=&#8221;4.16&#8243; text_font_size=&#8221;24px&#8221; header_font_size=&#8221;53px&#8221; background_layout=&#8221;dark&#8221; header_text_shadow_style=&#8221;preset2&#8243; global_colors_info=&#8221;{}&#8221;]<\/p>\n<h1 style=\"text-align: center;\">AVOIMET\u00a0<br \/>HAUT<\/h1>\n<p>[\/et_pb_text][\/et_pb_column][\/et_pb_row][\/et_pb_section][et_pb_section fb_built=&#8221;1&#8243; _builder_version=&#8221;4.16&#8243; custom_margin=&#8221;||46px|||&#8221; custom_padding=&#8221;27px|0px|1px|0px|false|false&#8221; global_colors_info=&#8221;{}&#8221;][et_pb_row column_structure=&#8221;1_2,1_2&#8243; make_equal=&#8221;on&#8221; disabled_on=&#8221;off|off|off&#8221; _builder_version=&#8221;4.16&#8243; module_alignment=&#8221;center&#8221; link_option_url=&#8221;https:\/\/www.tuky.fi\/etusivu\/ajankohtaista\/ytk-hakee-kausityontekijoita\/&#8221; global_colors_info=&#8221;{}&#8221;][et_pb_column type=&#8221;1_2&#8243; _builder_version=&#8221;4.16&#8243; global_colors_info=&#8221;{}&#8221;][et_pb_blurb title=&#8221;Nordea FFP Program 2024&#8243; url=&#8221;https:\/\/careers.nordea.com\/job\/Helsinki-Future-Finance-Professional-2024-500\/989239901\/&#8221; image=&#8221;http:\/\/www.tuky.fi\/wp-content\/uploads\/2021\/10\/2560px-Nordea.svg.png&#8221; image_icon_width=&#8221;50%&#8221; _builder_version=&#8221;4.22.2&#8243; _module_preset=&#8221;default&#8221; header_text_color=&#8221;#000000&#8243; width=&#8221;100%&#8221; min_height=&#8221;350px&#8221; height=&#8221;300px&#8221; link_option_url=&#8221;https:\/\/careers.nordea.com\/job\/Helsinki-Future-Finance-Professional-2024-500\/989239901\/&#8221; global_colors_info=&#8221;{}&#8221;]<\/p>\n<p><span><\/span><\/p>\n<p>We are currently looking for summer associates to join our Future Finance Professional (FFP) program for 2024 at our Helsinki office. We are recruiting talents with great personalities who strive to beat expectations and take pride in fulfilling our customers\u2019 needs. That is the core of Nordea Markets, Large Corporates &amp; Institutions (LC&amp;I) and Wealth Management. Please see the recruiting teams and roles <a href=\"https:\/\/careers.nordea.com\/job\/Helsinki-Future-Finance-Professional-2024-500\/989239901\/\">here<\/a>.<span class=\"Apple-converted-space\">\u00a0<\/span><\/p>\n<p><span>For additional information please visit: <a href=\"https:\/\/www.nordea.com\/en\/careers\/future-finance-professional-programme\">https:\/\/www.nordea.com\/en\/careers\/future-finance-professional-programme<\/a><\/span><\/p>\n<p>[\/et_pb_blurb][et_pb_blurb title=&#8221;Client Success Representative | Media Intelligence&#8221; url=&#8221;https:\/\/emp.jobylon.com\/jobs\/154430-meltwater-finland-client-success-representative-media-intelligence\/&#8221; image=&#8221;http:\/\/www.tuky.fi\/wp-content\/uploads\/2022\/01\/Nimeton-suunn.malli-5.png&#8221; image_icon_width=&#8221;50%&#8221; _builder_version=&#8221;4.18.0&#8243; _module_preset=&#8221;default&#8221; header_text_color=&#8221;#000000&#8243; width=&#8221;100%&#8221; min_height=&#8221;350px&#8221; height=&#8221;300px&#8221; link_option_url=&#8221;https:\/\/emp.jobylon.com\/jobs\/154430-meltwater-finland-client-success-representative-media-intelligence\/&#8221; global_colors_info=&#8221;{}&#8221;]<span><\/span><br \/>\n<span>Oletko asiakasrajapinnan ammattilainen, joka haluaa toimia ja kasvaa kansainv\u00e4lisess\u00e4 digitaalisen mediaseurannan edell\u00e4k\u00e4vij\u00e4organisaatiossa? Kiinnostaako sinua SaaS-liiketoiminta sek\u00e4 laaja ja vastuullinen toimenkuva? Etsimme nyt Client Success-tiimiimme uutta asiakkuuksienhallinnan ammattilaista vastaamaan merkitt\u00e4v\u00e4st\u00e4 SaaS-asiakkuusportfoliosta Suomessa!<\/span>[\/et_pb_blurb][et_pb_blurb title=&#8221;Junior Growth Executive&#8221; url=&#8221;https:\/\/emp.jobylon.com\/jobs\/153199-meltwater-finland-junior-growth-executive\/&#8221; image=&#8221;http:\/\/www.tuky.fi\/wp-content\/uploads\/2022\/01\/Nimeton-suunn.malli-5.png&#8221; image_icon_width=&#8221;50%&#8221; _builder_version=&#8221;4.18.0&#8243; _module_preset=&#8221;default&#8221; header_text_color=&#8221;#000000&#8243; min_height=&#8221;333px&#8221; link_option_url=&#8221;https:\/\/emp.jobylon.com\/jobs\/153199-meltwater-finland-junior-growth-executive\/&#8221; global_colors_info=&#8221;{}&#8221;]<span><\/span><\/p>\n<p><span>Haluaisitko tehd\u00e4 B2B-ratkaisumyynti\u00e4 roolissa, jossa p\u00e4\u00e4set toimimaan tiiviisti kasvavan SaaS-bisneksen parissa alansa johtavassa media intelligence-organisaatiossa? Tahdotko olla osa globaalia teknologiayrityst\u00e4, joka avaa sinulle ovia my\u00f6s kansainv\u00e4lisiin uramahdollisuuksiin? Etsimme nyt kunnianhimoiseen ja menestyv\u00e4\u00e4n Growth-yksikk\u00f6\u00f6mme Junior Growth Executivea!<\/span>[\/et_pb_blurb][\/et_pb_column][et_pb_column type=&#8221;1_2&#8243; _builder_version=&#8221;4.18.0&#8243; _module_preset=&#8221;default&#8221; global_colors_info=&#8221;{}&#8221;][et_pb_blurb title=&#8221;Columbia Road&#8217;s 2024 associate program&#8221; url=&#8221;https:\/\/www.columbiaroad.com\/careers\/associate-program&#8221; image=&#8221;http:\/\/www.tuky.fi\/wp-content\/uploads\/2022\/04\/URA-LOGO-4.png&#8221; image_icon_width=&#8221;50%&#8221; _builder_version=&#8221;4.22.2&#8243; _module_preset=&#8221;default&#8221; header_text_color=&#8221;#000000&#8243; width=&#8221;100%&#8221; min_height=&#8221;350px&#8221; height=&#8221;300px&#8221; link_option_url=&#8221;https:\/\/www.columbiaroad.com\/careers\/associate-program&#8221; global_colors_info=&#8221;{}&#8221;]<\/p>\n<p><span><\/span><\/p>\n<p>The Associate Program is a full-time summer job with the possibility to start working part-time already in spring of 2024.<\/p>\n<p>The search is on for Marketing Technology and Software developer associates in the final year(s) of their studies. You have already gained some work experience in the field and have a growth hacking mindset.\u00a0<\/p>\n<p>Learn more about the different positions <a href=\"https:\/\/www.columbiaroad.com\/careers\/associate-program\">here<\/a>\u00a0and\u00a0apply by Nov 26th!<\/p>\n<p>[\/et_pb_blurb][et_pb_blurb title=&#8221;Sales Executive | Media Intelligence &#038; Social Media SaaS&#8221; url=&#8221;https:\/\/emp.jobylon.com\/jobs\/153198-meltwater-finland-sales-executive-media-intelligence-social-media-saas\/&#8221; image=&#8221;http:\/\/www.tuky.fi\/wp-content\/uploads\/2022\/01\/Nimeton-suunn.malli-5.png&#8221; image_icon_width=&#8221;50%&#8221; _builder_version=&#8221;4.18.0&#8243; _module_preset=&#8221;default&#8221; header_text_color=&#8221;#000000&#8243; min_height=&#8221;333px&#8221; link_option_url=&#8221;https:\/\/emp.jobylon.com\/jobs\/153198-meltwater-finland-sales-executive-media-intelligence-social-media-saas\/&#8221; global_colors_info=&#8221;{}&#8221;]<span><\/span><\/p>\n<p><span>T\u00e4m\u00e4 teht\u00e4v\u00e4 sopii uraansa aloittelevalle n\u00e4lk\u00e4iselle ja motivoituneelle tulevalle ammattilaiselle, jonka tavoitteena on kehitty\u00e4 rautaiseksi myynnin ja asiakasty\u00f6n osaajaksi. Teht\u00e4v\u00e4ss\u00e4 toimit tiiviisti asiakasrajapinnassa, vastaten itsen\u00e4isesti koko myyntiprosessista alusta loppuun saakka. Asiantuntemuksellasi autat asiakkaitamme l\u00f6yt\u00e4m\u00e4\u00e4n parhaan mahdollisen ratkaisun sosiaalisen median seurannan, vaikuttajamarkkinoinnin sek\u00e4 digitaalisen mediaseurannan haasteisiin. Luot lis\u00e4arvoa asiakkaillemme vahvalla tuoteasiantuntemuksellasi sek\u00e4 toimialan\u00e4kemyksell\u00e4si.<\/span>[\/et_pb_blurb][et_pb_blurb title=&#8221;Digital Marketers &#038; Software developers&#8221; url=&#8221;https:\/\/www.columbiaroad.com\/careers&#8221; image=&#8221;http:\/\/www.tuky.fi\/wp-content\/uploads\/2022\/04\/URA-LOGO-4.png&#8221; image_icon_width=&#8221;50%&#8221; _builder_version=&#8221;4.18.0&#8243; _module_preset=&#8221;default&#8221; header_text_color=&#8221;#000000&#8243; min_height=&#8221;366px&#8221; link_option_url=&#8221;https:\/\/www.columbiaroad.com\/careers&#8221; global_colors_info=&#8221;{}&#8221;]<span><\/span><br \/>\n<span>Hi there you recent or soon-to-be graduate! Thinking about what steps to take next in your career? Come and join Columbia Road to build seamless and commercially effective customer journeys that create impact!\u00a0We\u2019re looking for new digital marketers and software developers\u00a0to join the Roadie team in either Helsinki or our brand new office in Tampere.\u00a0Apply now!<\/span>[\/et_pb_blurb][\/et_pb_column][\/et_pb_row][\/et_pb_section]<\/p>\n","protected":false},"excerpt":{"rendered":"<p>Turun KY ja yhteisty\u00f6kumppanimme tarjoavat monipuolisia uravaihtoehtoja opiskelijoille ja vastavalmistuneille. Tarjoamme yhteisty\u00f6mme kautta mielenkiintoisia uramahdollisuuksia ymp\u00e4ri Suomea lukuisilta eri toimialoilta. T\u00e4lt\u00e4 sivulta l\u00f6yd\u00e4t t\u00e4ll\u00e4 hetkell\u00e4 k\u00e4ynniss\u00e4 olevat haut. Tutustu tarjoamiimme [&hellip;]<\/p>\n","protected":false},"author":1,"featured_media":0,"parent":0,"menu_order":0,"comment_status":"closed","ping_status":"closed","template":"","meta":{"_et_pb_use_builder":"on","_et_pb_old_content":"[et_pb_section bb_built=\"1\"][et_pb_row][\/et_pb_row][\/et_pb_section]","_et_gb_content_width":"","footnotes":""},"class_list":["post-22247","page","type-page","status-publish","hentry"],"yoast_head":"<!-- This site is optimized with the Yoast SEO plugin v27.2 - https:\/\/yoast.com\/product\/yoast-seo-wordpress\/ -->\n<title>Turun KY URA<\/title>\n<meta name=\"robots\" content=\"index, follow, max-snippet:-1, max-image-preview:large, max-video-preview:-1\" \/>\n<link rel=\"canonical\" href=\"https:\/\/www.tuky.fi\/etusivu\/ura\/\" \/>\n<meta property=\"og:locale\" content=\"fi_FI\" \/>\n<meta property=\"og:type\" content=\"article\" \/>\n<meta property=\"og:title\" content=\"Turun KY URA\" \/>\n<meta property=\"og:description\" content=\"Turun KY ja yhteisty\u00f6kumppanimme tarjoavat monipuolisia uravaihtoehtoja opiskelijoille ja vastavalmistuneille. Tarjoamme yhteisty\u00f6mme kautta mielenkiintoisia uramahdollisuuksia ymp\u00e4ri Suomea lukuisilta eri toimialoilta. T\u00e4lt\u00e4 sivulta l\u00f6yd\u00e4t t\u00e4ll\u00e4 hetkell\u00e4 k\u00e4ynniss\u00e4 olevat haut. Tutustu tarjoamiimme [&hellip;]\" \/>\n<meta property=\"og:url\" content=\"https:\/\/www.tuky.fi\/etusivu\/ura\/\" \/>\n<meta property=\"og:site_name\" content=\"Turun KY\" \/>\n<meta property=\"article:modified_time\" content=\"2026-04-10T15:48:43+00:00\" \/>\n<meta name=\"twitter:card\" content=\"summary_large_image\" \/>\n<meta name=\"twitter:label1\" content=\"Arvioitu lukuaika\" \/>\n\t<meta name=\"twitter:data1\" content=\"7 minuuttia\" \/>\n<script type=\"application\/ld+json\" class=\"yoast-schema-graph\">{\"@context\":\"https:\/\/schema.org\",\"@graph\":[{\"@type\":\"WebPage\",\"@id\":\"https:\/\/www.tuky.fi\/etusivu\/ura\/\",\"url\":\"https:\/\/www.tuky.fi\/etusivu\/ura\/\",\"name\":\"Turun KY URA\",\"isPartOf\":{\"@id\":\"https:\/\/www.tuky.fi\/etusivu\/#website\"},\"datePublished\":\"2019-01-06T12:40:07+00:00\",\"dateModified\":\"2026-04-10T15:48:43+00:00\",\"breadcrumb\":{\"@id\":\"https:\/\/www.tuky.fi\/etusivu\/ura\/#breadcrumb\"},\"inLanguage\":\"fi\",\"potentialAction\":[{\"@type\":\"ReadAction\",\"target\":[\"https:\/\/www.tuky.fi\/etusivu\/ura\/\"]}]},{\"@type\":\"BreadcrumbList\",\"@id\":\"https:\/\/www.tuky.fi\/etusivu\/ura\/#breadcrumb\",\"itemListElement\":[{\"@type\":\"ListItem\",\"position\":1,\"name\":\"Etusivu\",\"item\":\"https:\/\/www.tuky.fi\/etusivu\/\"},{\"@type\":\"ListItem\",\"position\":2,\"name\":\"URA\"}]},{\"@type\":\"WebSite\",\"@id\":\"https:\/\/www.tuky.fi\/etusivu\/#website\",\"url\":\"https:\/\/www.tuky.fi\/etusivu\/\",\"name\":\"Turun KY\",\"description\":\"TuKY\",\"publisher\":{\"@id\":\"https:\/\/www.tuky.fi\/etusivu\/#organization\"},\"alternateName\":\"TuKY\",\"potentialAction\":[{\"@type\":\"SearchAction\",\"target\":{\"@type\":\"EntryPoint\",\"urlTemplate\":\"https:\/\/www.tuky.fi\/etusivu\/?s={search_term_string}\"},\"query-input\":{\"@type\":\"PropertyValueSpecification\",\"valueRequired\":true,\"valueName\":\"search_term_string\"}}],\"inLanguage\":\"fi\"},{\"@type\":\"Organization\",\"@id\":\"https:\/\/www.tuky.fi\/etusivu\/#organization\",\"name\":\"Turun KY\",\"alternateName\":\"TuKY\",\"url\":\"https:\/\/www.tuky.fi\/etusivu\/\",\"logo\":{\"@type\":\"ImageObject\",\"inLanguage\":\"fi\",\"@id\":\"https:\/\/www.tuky.fi\/etusivu\/#\/schema\/logo\/image\/\",\"url\":\"https:\/\/www.tuky.fi\/wp-content\/uploads\/2024\/09\/TuKY-logo-kulta-1.png\",\"contentUrl\":\"https:\/\/www.tuky.fi\/wp-content\/uploads\/2024\/09\/TuKY-logo-kulta-1.png\",\"width\":1080,\"height\":1080,\"caption\":\"Turun KY\"},\"image\":{\"@id\":\"https:\/\/www.tuky.fi\/etusivu\/#\/schema\/logo\/image\/\"},\"sameAs\":[\"https:\/\/instagram.com\/turunky\",\"https:\/\/linkedin.com\/turunky\"]}]}<\/script>\n<!-- \/ Yoast SEO plugin. -->","yoast_head_json":{"title":"Turun KY URA","robots":{"index":"index","follow":"follow","max-snippet":"max-snippet:-1","max-image-preview":"max-image-preview:large","max-video-preview":"max-video-preview:-1"},"canonical":"https:\/\/www.tuky.fi\/etusivu\/ura\/","og_locale":"fi_FI","og_type":"article","og_title":"Turun KY URA","og_description":"Turun KY ja yhteisty\u00f6kumppanimme tarjoavat monipuolisia uravaihtoehtoja opiskelijoille ja vastavalmistuneille. Tarjoamme yhteisty\u00f6mme kautta mielenkiintoisia uramahdollisuuksia ymp\u00e4ri Suomea lukuisilta eri toimialoilta. T\u00e4lt\u00e4 sivulta l\u00f6yd\u00e4t t\u00e4ll\u00e4 hetkell\u00e4 k\u00e4ynniss\u00e4 olevat haut. Tutustu tarjoamiimme [&hellip;]","og_url":"https:\/\/www.tuky.fi\/etusivu\/ura\/","og_site_name":"Turun KY","article_modified_time":"2026-04-10T15:48:43+00:00","twitter_card":"summary_large_image","twitter_misc":{"Arvioitu lukuaika":"7 minuuttia"},"schema":{"@context":"https:\/\/schema.org","@graph":[{"@type":"WebPage","@id":"https:\/\/www.tuky.fi\/etusivu\/ura\/","url":"https:\/\/www.tuky.fi\/etusivu\/ura\/","name":"Turun KY URA","isPartOf":{"@id":"https:\/\/www.tuky.fi\/etusivu\/#website"},"datePublished":"2019-01-06T12:40:07+00:00","dateModified":"2026-04-10T15:48:43+00:00","breadcrumb":{"@id":"https:\/\/www.tuky.fi\/etusivu\/ura\/#breadcrumb"},"inLanguage":"fi","potentialAction":[{"@type":"ReadAction","target":["https:\/\/www.tuky.fi\/etusivu\/ura\/"]}]},{"@type":"BreadcrumbList","@id":"https:\/\/www.tuky.fi\/etusivu\/ura\/#breadcrumb","itemListElement":[{"@type":"ListItem","position":1,"name":"Etusivu","item":"https:\/\/www.tuky.fi\/etusivu\/"},{"@type":"ListItem","position":2,"name":"URA"}]},{"@type":"WebSite","@id":"https:\/\/www.tuky.fi\/etusivu\/#website","url":"https:\/\/www.tuky.fi\/etusivu\/","name":"Turun KY","description":"TuKY","publisher":{"@id":"https:\/\/www.tuky.fi\/etusivu\/#organization"},"alternateName":"TuKY","potentialAction":[{"@type":"SearchAction","target":{"@type":"EntryPoint","urlTemplate":"https:\/\/www.tuky.fi\/etusivu\/?s={search_term_string}"},"query-input":{"@type":"PropertyValueSpecification","valueRequired":true,"valueName":"search_term_string"}}],"inLanguage":"fi"},{"@type":"Organization","@id":"https:\/\/www.tuky.fi\/etusivu\/#organization","name":"Turun KY","alternateName":"TuKY","url":"https:\/\/www.tuky.fi\/etusivu\/","logo":{"@type":"ImageObject","inLanguage":"fi","@id":"https:\/\/www.tuky.fi\/etusivu\/#\/schema\/logo\/image\/","url":"https:\/\/www.tuky.fi\/wp-content\/uploads\/2024\/09\/TuKY-logo-kulta-1.png","contentUrl":"https:\/\/www.tuky.fi\/wp-content\/uploads\/2024\/09\/TuKY-logo-kulta-1.png","width":1080,"height":1080,"caption":"Turun KY"},"image":{"@id":"https:\/\/www.tuky.fi\/etusivu\/#\/schema\/logo\/image\/"},"sameAs":["https:\/\/instagram.com\/turunky","https:\/\/linkedin.com\/turunky"]}]}},"lang":"fi","translations":{"fi":22247},"pll_sync_post":[],"_links":{"self":[{"href":"https:\/\/www.tuky.fi\/etusivu\/wp-json\/wp\/v2\/pages\/22247","targetHints":{"allow":["GET"]}}],"collection":[{"href":"https:\/\/www.tuky.fi\/etusivu\/wp-json\/wp\/v2\/pages"}],"about":[{"href":"https:\/\/www.tuky.fi\/etusivu\/wp-json\/wp\/v2\/types\/page"}],"author":[{"embeddable":true,"href":"https:\/\/www.tuky.fi\/etusivu\/wp-json\/wp\/v2\/users\/1"}],"replies":[{"embeddable":true,"href":"https:\/\/www.tuky.fi\/etusivu\/wp-json\/wp\/v2\/comments?post=22247"}],"version-history":[{"count":1,"href":"https:\/\/www.tuky.fi\/etusivu\/wp-json\/wp\/v2\/pages\/22247\/revisions"}],"predecessor-version":[{"id":53143,"href":"https:\/\/www.tuky.fi\/etusivu\/wp-json\/wp\/v2\/pages\/22247\/revisions\/53143"}],"wp:attachment":[{"href":"https:\/\/www.tuky.fi\/etusivu\/wp-json\/wp\/v2\/media?parent=22247"}],"curies":[{"name":"wp","href":"https:\/\/api.w.org\/{rel}","templated":true}]}}