{"id":21663,"date":"2017-07-04T17:46:10","date_gmt":"2017-07-04T14:46:10","guid":{"rendered":"http:\/\/www.tuky.fi\/?page_id=21663"},"modified":"2026-04-10T19:17:28","modified_gmt":"2026-04-10T16:17:28","slug":"jaostot-ja-toimijaryhmat-uusi-2","status":"publish","type":"page","link":"https:\/\/www.tuky.fi\/etusivu\/jaostot-ja-toimijaryhmat-uusi-2\/","title":{"rendered":"Jaostot ja toimijaryhm\u00e4t"},"content":{"rendered":"<p>[et_pb_section fb_built=&#8221;1&#8243; admin_label=&#8221;section&#8221; _builder_version=&#8221;3.0.47&#8243;][et_pb_row admin_label=&#8221;row&#8221; _builder_version=&#8221;3.0.47&#8243; background_size=&#8221;initial&#8221; background_position=&#8221;top_left&#8221; background_repeat=&#8221;repeat&#8221;][et_pb_column type=&#8221;4_4&#8243; _builder_version=&#8221;3.0.47&#8243; parallax=&#8221;off&#8221; parallax_method=&#8221;on&#8221;][et_pb_text admin_label=&#8221;Text&#8221; _builder_version=&#8221;3.0.47&#8243; background_size=&#8221;initial&#8221; background_position=&#8221;top_left&#8221; background_repeat=&#8221;repeat&#8221;]<\/p>\n<p class=\"entry-title main_title\">TuKYn lukuisat toimijaryhm\u00e4-yhdistykset, jaostot, sek\u00e4 Turun yliopiston ylioppilaskunnan alaiset harrasteryhm\u00e4t tarjoavat j\u00e4senille vapaa-ajan mahdollisuuksia laidasta laitaan. Halusit sitten keskitty\u00e4 oman oppiaineesi vapaa-ajantoimintaan, erilaisiin harrastuksiin, musiikkiin tai kulttuuriin, l\u00f6yd\u00e4t eri toimijaryhmist\u00e4 kaltaistasi seuraa. Purjehdusta, hevisaunaa tai laadukkaita viinej\u00e4, n\u00e4m\u00e4 kaikki ovat k\u00e4yt\u00f6ss\u00e4si.<\/p>\n<div class=\"entry-content\">\n<p>Jos et l\u00f6yd\u00e4 itsellesi sopivaa ryhm\u00e4\u00e4\u00a0<a href=\"http:\/\/tuky.fi\/jaostot-ja-toimijaryhmat\/ainejarjestot\/\" target=\"_blank\" rel=\"noopener\">aine-<\/a>\u00a0tai<a href=\"http:\/\/tuky.fi\/jaostot-ja-toimijaryhmat\/harrastekerhot\/\" target=\"_blank\" rel=\"noopener\">\u00a0harrastekerhoista<\/a>, voit harkita my\u00f6s\u00a0<a href=\"http:\/\/tuky.fi\/jaostot-ja-toimijaryhmat\/toimijaryhmaksi-liittyminen\/\" target=\"_blank\" rel=\"noopener\">oman toimijaryhm\u00e4n perustamista<\/a>\u00a0kaveriporukallasi! Suurin osa nykyisist\u00e4 toimijaryhmist\u00e4mme on l\u00e4htenyt juuri t\u00e4m\u00e4ntyyppisist\u00e4 hankkeista liikkelle. TuKY auttaa my\u00f6s mielell\u00e4\u00e4n yhdistyksen perustamisessa ja toiminnan aloittamisessa!<\/p>\n<p>Me teemme opiskeluajastasi parhaan mahdollisen!<\/p>\n<\/div>\n<p>[\/et_pb_text][\/et_pb_column][\/et_pb_row][\/et_pb_section]<\/p>\n","protected":false},"excerpt":{"rendered":"<p>TuKYn lukuisat toimijaryhm\u00e4-yhdistykset, jaostot, sek\u00e4 Turun yliopiston ylioppilaskunnan alaiset harrasteryhm\u00e4t tarjoavat j\u00e4senille vapaa-ajan mahdollisuuksia laidasta laitaan. Halusit sitten keskitty\u00e4 oman oppiaineesi vapaa-ajantoimintaan, erilaisiin harrastuksiin, musiikkiin tai kulttuuriin, l\u00f6yd\u00e4t eri toimijaryhmist\u00e4 [&hellip;]<\/p>\n","protected":false},"author":1,"featured_media":0,"parent":0,"menu_order":0,"comment_status":"closed","ping_status":"closed","template":"","meta":{"_et_pb_use_builder":"on","_et_pb_old_content":"<p class=\"entry-title main_title\">TuKYn lukuisat toimijaryhm\u00e4-yhdistykset, jaostot, sek\u00e4 Turun yliopiston ylioppilaskunnan alaiset harrasteryhm\u00e4t tarjoavat j\u00e4senille vapaa-ajan mahdollisuuksia laidasta laitaan. Halusit sitten keskitty\u00e4 oman oppiaineesi vapaa-ajantoimintaan, erilaisiin harrastuksiin, musiikkiin tai kulttuuriin, l\u00f6yd\u00e4t eri toimijaryhmist\u00e4 kaltaistasi seuraa. Purjehdusta, hevisaunaa tai laadukkaita viinej\u00e4, n\u00e4m\u00e4 kaikki ovat k\u00e4yt\u00f6ss\u00e4si.<\/p>\r\n\r\n<div class=\"entry-content\">\r\n\r\nJos et l\u00f6yd\u00e4 itsellesi sopivaa ryhm\u00e4\u00e4\u00a0<a href=\"http:\/\/tuky.fi\/jaostot-ja-toimijaryhmat\/ainejarjestot\/\" target=\"_blank\" rel=\"noopener\">aine-<\/a>\u00a0tai<a href=\"http:\/\/tuky.fi\/jaostot-ja-toimijaryhmat\/harrastekerhot\/\" target=\"_blank\" rel=\"noopener\">\u00a0harrastekerhoista<\/a>, voit harkita my\u00f6s\u00a0<a href=\"http:\/\/tuky.fi\/jaostot-ja-toimijaryhmat\/toimijaryhmaksi-liittyminen\/\" target=\"_blank\" rel=\"noopener\">oman toimijaryhm\u00e4n perustamista<\/a>\u00a0kaveriporukallasi! Suurin osa nykyisist\u00e4 toimijaryhmist\u00e4mme on l\u00e4htenyt juuri t\u00e4m\u00e4ntyyppisist\u00e4 hankkeista liikkelle. TuKY auttaa my\u00f6s mielell\u00e4\u00e4n yhdistyksen perustamisessa ja toiminnan aloittamisessa!\r\n\r\nMe teemme opiskeluajastasi parhaan mahdollisen!\r\n\r\n<\/div>","_et_gb_content_width":"","footnotes":""},"class_list":["post-21663","page","type-page","status-publish","hentry"],"yoast_head":"<!-- This site is optimized with the Yoast SEO plugin v27.2 - https:\/\/yoast.com\/product\/yoast-seo-wordpress\/ -->\n<title>Turun KY Jaostot ja toimijaryhm\u00e4t<\/title>\n<meta name=\"robots\" content=\"index, follow, max-snippet:-1, max-image-preview:large, max-video-preview:-1\" \/>\n<link rel=\"canonical\" href=\"https:\/\/www.tuky.fi\/etusivu\/jaostot-ja-toimijaryhmat-uusi-2\/\" \/>\n<meta property=\"og:locale\" content=\"fi_FI\" \/>\n<meta property=\"og:type\" content=\"article\" \/>\n<meta property=\"og:title\" content=\"Turun KY Jaostot ja toimijaryhm\u00e4t\" \/>\n<meta property=\"og:description\" content=\"TuKYn lukuisat toimijaryhm\u00e4-yhdistykset, jaostot, sek\u00e4 Turun yliopiston ylioppilaskunnan alaiset harrasteryhm\u00e4t tarjoavat j\u00e4senille vapaa-ajan mahdollisuuksia laidasta laitaan. Halusit sitten keskitty\u00e4 oman oppiaineesi vapaa-ajantoimintaan, erilaisiin harrastuksiin, musiikkiin tai kulttuuriin, l\u00f6yd\u00e4t eri toimijaryhmist\u00e4 [&hellip;]\" \/>\n<meta property=\"og:url\" content=\"https:\/\/www.tuky.fi\/etusivu\/jaostot-ja-toimijaryhmat-uusi-2\/\" \/>\n<meta property=\"og:site_name\" content=\"Turun KY\" \/>\n<meta property=\"article:modified_time\" content=\"2026-04-10T16:17:28+00:00\" \/>\n<meta name=\"twitter:card\" content=\"summary_large_image\" \/>\n<meta name=\"twitter:label1\" content=\"Arvioitu lukuaika\" \/>\n\t<meta name=\"twitter:data1\" content=\"1 minuutti\" \/>\n<script type=\"application\/ld+json\" class=\"yoast-schema-graph\">{\"@context\":\"https:\/\/schema.org\",\"@graph\":[{\"@type\":\"WebPage\",\"@id\":\"https:\/\/www.tuky.fi\/etusivu\/jaostot-ja-toimijaryhmat-uusi-2\/\",\"url\":\"https:\/\/www.tuky.fi\/etusivu\/jaostot-ja-toimijaryhmat-uusi-2\/\",\"name\":\"Turun KY Jaostot ja toimijaryhm\u00e4t\",\"isPartOf\":{\"@id\":\"https:\/\/www.tuky.fi\/etusivu\/#website\"},\"datePublished\":\"2017-07-04T14:46:10+00:00\",\"dateModified\":\"2026-04-10T16:17:28+00:00\",\"breadcrumb\":{\"@id\":\"https:\/\/www.tuky.fi\/etusivu\/jaostot-ja-toimijaryhmat-uusi-2\/#breadcrumb\"},\"inLanguage\":\"fi\",\"potentialAction\":[{\"@type\":\"ReadAction\",\"target\":[\"https:\/\/www.tuky.fi\/etusivu\/jaostot-ja-toimijaryhmat-uusi-2\/\"]}]},{\"@type\":\"BreadcrumbList\",\"@id\":\"https:\/\/www.tuky.fi\/etusivu\/jaostot-ja-toimijaryhmat-uusi-2\/#breadcrumb\",\"itemListElement\":[{\"@type\":\"ListItem\",\"position\":1,\"name\":\"Etusivu\",\"item\":\"https:\/\/www.tuky.fi\/etusivu\/\"},{\"@type\":\"ListItem\",\"position\":2,\"name\":\"Jaostot ja toimijaryhm\u00e4t\"}]},{\"@type\":\"WebSite\",\"@id\":\"https:\/\/www.tuky.fi\/etusivu\/#website\",\"url\":\"https:\/\/www.tuky.fi\/etusivu\/\",\"name\":\"Turun KY\",\"description\":\"TuKY\",\"publisher\":{\"@id\":\"https:\/\/www.tuky.fi\/etusivu\/#organization\"},\"alternateName\":\"TuKY\",\"potentialAction\":[{\"@type\":\"SearchAction\",\"target\":{\"@type\":\"EntryPoint\",\"urlTemplate\":\"https:\/\/www.tuky.fi\/etusivu\/?s={search_term_string}\"},\"query-input\":{\"@type\":\"PropertyValueSpecification\",\"valueRequired\":true,\"valueName\":\"search_term_string\"}}],\"inLanguage\":\"fi\"},{\"@type\":\"Organization\",\"@id\":\"https:\/\/www.tuky.fi\/etusivu\/#organization\",\"name\":\"Turun KY\",\"alternateName\":\"TuKY\",\"url\":\"https:\/\/www.tuky.fi\/etusivu\/\",\"logo\":{\"@type\":\"ImageObject\",\"inLanguage\":\"fi\",\"@id\":\"https:\/\/www.tuky.fi\/etusivu\/#\/schema\/logo\/image\/\",\"url\":\"https:\/\/www.tuky.fi\/wp-content\/uploads\/2024\/09\/TuKY-logo-kulta-1.png\",\"contentUrl\":\"https:\/\/www.tuky.fi\/wp-content\/uploads\/2024\/09\/TuKY-logo-kulta-1.png\",\"width\":1080,\"height\":1080,\"caption\":\"Turun KY\"},\"image\":{\"@id\":\"https:\/\/www.tuky.fi\/etusivu\/#\/schema\/logo\/image\/\"},\"sameAs\":[\"https:\/\/instagram.com\/turunky\",\"https:\/\/linkedin.com\/turunky\"]}]}<\/script>\n<!-- \/ Yoast SEO plugin. -->","yoast_head_json":{"title":"Turun KY Jaostot ja toimijaryhm\u00e4t","robots":{"index":"index","follow":"follow","max-snippet":"max-snippet:-1","max-image-preview":"max-image-preview:large","max-video-preview":"max-video-preview:-1"},"canonical":"https:\/\/www.tuky.fi\/etusivu\/jaostot-ja-toimijaryhmat-uusi-2\/","og_locale":"fi_FI","og_type":"article","og_title":"Turun KY Jaostot ja toimijaryhm\u00e4t","og_description":"TuKYn lukuisat toimijaryhm\u00e4-yhdistykset, jaostot, sek\u00e4 Turun yliopiston ylioppilaskunnan alaiset harrasteryhm\u00e4t tarjoavat j\u00e4senille vapaa-ajan mahdollisuuksia laidasta laitaan. Halusit sitten keskitty\u00e4 oman oppiaineesi vapaa-ajantoimintaan, erilaisiin harrastuksiin, musiikkiin tai kulttuuriin, l\u00f6yd\u00e4t eri toimijaryhmist\u00e4 [&hellip;]","og_url":"https:\/\/www.tuky.fi\/etusivu\/jaostot-ja-toimijaryhmat-uusi-2\/","og_site_name":"Turun KY","article_modified_time":"2026-04-10T16:17:28+00:00","twitter_card":"summary_large_image","twitter_misc":{"Arvioitu lukuaika":"1 minuutti"},"schema":{"@context":"https:\/\/schema.org","@graph":[{"@type":"WebPage","@id":"https:\/\/www.tuky.fi\/etusivu\/jaostot-ja-toimijaryhmat-uusi-2\/","url":"https:\/\/www.tuky.fi\/etusivu\/jaostot-ja-toimijaryhmat-uusi-2\/","name":"Turun KY Jaostot ja toimijaryhm\u00e4t","isPartOf":{"@id":"https:\/\/www.tuky.fi\/etusivu\/#website"},"datePublished":"2017-07-04T14:46:10+00:00","dateModified":"2026-04-10T16:17:28+00:00","breadcrumb":{"@id":"https:\/\/www.tuky.fi\/etusivu\/jaostot-ja-toimijaryhmat-uusi-2\/#breadcrumb"},"inLanguage":"fi","potentialAction":[{"@type":"ReadAction","target":["https:\/\/www.tuky.fi\/etusivu\/jaostot-ja-toimijaryhmat-uusi-2\/"]}]},{"@type":"BreadcrumbList","@id":"https:\/\/www.tuky.fi\/etusivu\/jaostot-ja-toimijaryhmat-uusi-2\/#breadcrumb","itemListElement":[{"@type":"ListItem","position":1,"name":"Etusivu","item":"https:\/\/www.tuky.fi\/etusivu\/"},{"@type":"ListItem","position":2,"name":"Jaostot ja toimijaryhm\u00e4t"}]},{"@type":"WebSite","@id":"https:\/\/www.tuky.fi\/etusivu\/#website","url":"https:\/\/www.tuky.fi\/etusivu\/","name":"Turun KY","description":"TuKY","publisher":{"@id":"https:\/\/www.tuky.fi\/etusivu\/#organization"},"alternateName":"TuKY","potentialAction":[{"@type":"SearchAction","target":{"@type":"EntryPoint","urlTemplate":"https:\/\/www.tuky.fi\/etusivu\/?s={search_term_string}"},"query-input":{"@type":"PropertyValueSpecification","valueRequired":true,"valueName":"search_term_string"}}],"inLanguage":"fi"},{"@type":"Organization","@id":"https:\/\/www.tuky.fi\/etusivu\/#organization","name":"Turun KY","alternateName":"TuKY","url":"https:\/\/www.tuky.fi\/etusivu\/","logo":{"@type":"ImageObject","inLanguage":"fi","@id":"https:\/\/www.tuky.fi\/etusivu\/#\/schema\/logo\/image\/","url":"https:\/\/www.tuky.fi\/wp-content\/uploads\/2024\/09\/TuKY-logo-kulta-1.png","contentUrl":"https:\/\/www.tuky.fi\/wp-content\/uploads\/2024\/09\/TuKY-logo-kulta-1.png","width":1080,"height":1080,"caption":"Turun KY"},"image":{"@id":"https:\/\/www.tuky.fi\/etusivu\/#\/schema\/logo\/image\/"},"sameAs":["https:\/\/instagram.com\/turunky","https:\/\/linkedin.com\/turunky"]}]}},"lang":"fi","translations":{"fi":21663,"en":53820},"pll_sync_post":[],"_links":{"self":[{"href":"https:\/\/www.tuky.fi\/etusivu\/wp-json\/wp\/v2\/pages\/21663","targetHints":{"allow":["GET"]}}],"collection":[{"href":"https:\/\/www.tuky.fi\/etusivu\/wp-json\/wp\/v2\/pages"}],"about":[{"href":"https:\/\/www.tuky.fi\/etusivu\/wp-json\/wp\/v2\/types\/page"}],"author":[{"embeddable":true,"href":"https:\/\/www.tuky.fi\/etusivu\/wp-json\/wp\/v2\/users\/1"}],"replies":[{"embeddable":true,"href":"https:\/\/www.tuky.fi\/etusivu\/wp-json\/wp\/v2\/comments?post=21663"}],"version-history":[{"count":1,"href":"https:\/\/www.tuky.fi\/etusivu\/wp-json\/wp\/v2\/pages\/21663\/revisions"}],"predecessor-version":[{"id":53118,"href":"https:\/\/www.tuky.fi\/etusivu\/wp-json\/wp\/v2\/pages\/21663\/revisions\/53118"}],"wp:attachment":[{"href":"https:\/\/www.tuky.fi\/etusivu\/wp-json\/wp\/v2\/media?parent=21663"}],"curies":[{"name":"wp","href":"https:\/\/api.w.org\/{rel}","templated":true}]}}