{"id":12465,"date":"2014-10-27T18:16:04","date_gmt":"2014-10-27T16:16:04","guid":{"rendered":"http:\/\/tuky.fi\/?page_id=12465"},"modified":"2026-04-10T19:16:05","modified_gmt":"2026-04-10T16:16:05","slug":"nesu-vastaava","status":"publish","type":"page","link":"https:\/\/www.tuky.fi\/etusivu\/nesu-vastaava\/","title":{"rendered":"NESU-vastaava"},"content":{"rendered":"<p>[et_pb_section fb_built=&#8221;1&#8243; admin_label=&#8221;section&#8221; _builder_version=&#8221;4.16&#8243; global_colors_info=&#8221;{}&#8221;][et_pb_row _builder_version=&#8221;4.27.4&#8243; _module_preset=&#8221;default&#8221;][et_pb_column _builder_version=&#8221;4.27.4&#8243; _module_preset=&#8221;default&#8221; type=&#8221;4_4&#8243;][et_pb_text _builder_version=&#8221;4.27.4&#8243; _module_preset=&#8221;default&#8221; hover_enabled=&#8221;0&#8243; sticky_enabled=&#8221;0&#8243;]<\/p>\n<p>In English below.<\/p>\n<p>[\/et_pb_text][\/et_pb_column][\/et_pb_row][et_pb_row column_structure=&#8221;3_4,1_4&#8243; _builder_version=&#8221;4.16&#8243; global_colors_info=&#8221;{}&#8221;][et_pb_column type=&#8221;3_4&#8243; _builder_version=&#8221;4.16&#8243; custom_padding=&#8221;|||&#8221; global_colors_info=&#8221;{}&#8221; custom_padding__hover=&#8221;|||&#8221;][et_pb_text _builder_version=&#8221;4.27.4&#8243; hover_enabled=&#8221;0&#8243; global_colors_info=&#8221;{}&#8221; sticky_enabled=&#8221;0&#8243; custom_margin=&#8221;||113px|||&#8221;]<\/p>\n<h1>NESU-vastaava<\/h1>\n<p>&nbsp;<\/p>\n<h4><span style=\"color: #000000;\">Mit\u00e4 hallituspestiini kuuluu?<\/span><\/h4>\n<p><span style=\"color: #000000;\"><\/span><\/p>\n<p><span style=\"font-weight: 400;\">Turun KY:n NESU-vastaavan pestiss\u00e4 p\u00e4\u00e4set johtamaan NESU-TuKYn toimintaa, kehitt\u00e4m\u00e4\u00e4n TuKYn sitsikulttuuria sek\u00e4 vaalimaan perinteikk\u00e4it\u00e4 tapahtumia yhdess\u00e4 puheenjohtamasi jaoston, NESU-TuKYn kanssa. T\u00e4m\u00e4n lis\u00e4ksi p\u00e4\u00e4set olemaan merkitt\u00e4v\u00e4 osa NESU-verkostoa ja tekem\u00e4\u00e4n yhteisty\u00f6t\u00e4 muiden kylterikaupunkien NESU-j\u00e4rjest\u00f6jen kanssa. K\u00e4yt\u00e4nn\u00f6n tasolla pestiin kuuluu sitsien ja muiden NESU-tapahtumien suunnittelu ja organisointi yhdess\u00e4 jaoston kanssa sek\u00e4 sitsikulttuuriin liittyvien perinteiden vaaliminen ja toisaalta my\u00f6s uudistaminen Turun KY:ll\u00e4.<\/span><\/p>\n<p><span style=\"font-weight: 400;\">NESU-vastaavalta vaaditaan hyvi\u00e4 organisointitaitoja, sek\u00e4 innostusta tapahtumien j\u00e4rjest\u00e4miseen ja kehitt\u00e4miseen. Vuosirytmi on tiivis, joten puheenjohtajan kyky motivoida jaostoaan ja tapahtumien huolellinen suunnittelu sek\u00e4 l\u00e4pivienti onkin avainasemassa pestiss\u00e4 p\u00e4rj\u00e4\u00e4miseen. Vaikka perinteiden vaaliminen on t\u00e4rke\u00e4\u00e4, on puheenjohtajalla oltava my\u00f6s visioita kehitt\u00e4\u00e4 NESU:n toimintaa niin Turun KY:ll\u00e4 kuin koko NESU-verkostossa.<\/span><\/p>\n<p><span style=\"font-weight: 400;\">NESU-vastaava on my\u00f6s osa NESU-j\u00e4rjest\u00f6jen puheenjohtajista koostuvaa NESU-puheenjohtajaverkostoa (NPV). NESU-vastaava edustaa NESU-TuKY\u00e4 NPV-kokouksissa sek\u00e4 NESU:n maakokouksissa ja toimii yleisesti linkkin\u00e4 NESU-TuKYn ja muiden NESU-j\u00e4rjest\u00f6jen v\u00e4lill\u00e4. N\u00e4in ollen NESU-vastaava osallistuu NESU-TuKYn edustajana my\u00f6s koko NESU:n toiminnan kehitt\u00e4miseen. Aktiivinen osallistuminen my\u00f6s muiden paikkakuntien NESU-tapahtumiin on t\u00e4rke\u00e4\u00e4.\u00a0<\/span><\/p>\n<p><span style=\"font-weight: 400;\">Jaoston puheenjohtamisen sek\u00e4 NPV:hen kuulumisen lis\u00e4ksi NESU-vastaava on my\u00f6s Turun KY:n hallituksen j\u00e4sen. T\u00e4m\u00e4 antaa mahdollisuuden vaikuttaa ja osallistua yhdistyksen asioihin liittyv\u00e4\u00e4n p\u00e4\u00e4t\u00f6ksentekoon my\u00f6s oman sektorin ulkopuolella.\u00a0<\/span><\/p>\n<p><span style=\"font-weight: 400;\">Mik\u00e4li sinulle her\u00e4si kysymyksi\u00e4 NESU-vastaavan pestiin liittyen, voit laittaa minulle viesti\u00e4 s\u00e4hk\u00f6postilla osoitteeseen <\/span><span style=\"font-weight: 400;\"><a href=\"mailto:nesu@tuky.fi\">nesu@tuky.fi<\/a><\/span><\/p>\n<p><span style=\"font-weight: 400;\"><\/span><\/p>\n<p><span style=\"font-weight: 400;\"><\/span><\/p>\n<p class=\"Normal\"><span style=\"font-size: large;\"><b>Kysymykset:<\/b><\/span><\/p>\n<p><strong>Yleiset:<\/strong><\/p>\n<ol>\n<li><span>Nimi ja vuosikurssi:<\/span><\/li>\n<li><span>Aktiivisuutesi Turun KY:ll\u00e4 ja muut aiemmat luottamustoimet:<\/span><\/li>\n<li><span>Ensi vuoden suunnitelmasi (ts. muut mahdolliset p\u00e4\u00e4llekk\u00e4iset projektit):<\/span><\/li>\n<\/ol>\n<p><span style=\"font-weight: 400;\"><\/span><\/p>\n<p><strong>Sektorikohtaiset:<\/strong><strong><\/strong><\/p>\n<ol>\n<li style=\"font-weight: 400;\" aria-level=\"1\"><span style=\"font-weight: 400;\">Kerro lyhyesti, mit\u00e4 NESU-TuKY merkitsee sinulle?<\/span><\/li>\n<li style=\"font-weight: 400;\" aria-level=\"1\"><span style=\"font-weight: 400;\">Millaisena n\u00e4et itsesi jaoston johtajana?<\/span><\/li>\n<li style=\"font-weight: 400;\" aria-level=\"1\"><span style=\"font-weight: 400;\">Millaisena n\u00e4et NESU-TuKYn ensi vuonna niin tapahtumatuotannon kuin jaostotoiminnan n\u00e4k\u00f6kulmasta?<\/span><\/li>\n<\/ol>\n<p>[\/et_pb_text][\/et_pb_column][et_pb_column type=&#8221;1_4&#8243; _builder_version=&#8221;4.16&#8243; custom_padding=&#8221;|||&#8221; global_colors_info=&#8221;{}&#8221; custom_padding__hover=&#8221;|||&#8221;][et_pb_team_member name=&#8221;Saara Lohikari&#8221; position=&#8221;NESU-vastaava&#8221; image_url=&#8221;https:\/\/www.tuky.fi\/wp-content\/uploads\/2025\/09\/Saara-Lohikari-scaled.jpg&#8221; _builder_version=&#8221;4.27.4&#8243; header_text_color=&#8221;#000000&#8243; hover_enabled=&#8221;0&#8243; global_colors_info=&#8221;{}&#8221; sticky_enabled=&#8221;0&#8243;]<\/p>\n<p>nesu@tuky.fi<\/p>\n<p>[\/et_pb_team_member][\/et_pb_column][\/et_pb_row][et_pb_row column_structure=&#8221;3_4,1_4&#8243; _builder_version=&#8221;4.16&#8243; global_colors_info=&#8221;{}&#8221;][et_pb_column type=&#8221;3_4&#8243; _builder_version=&#8221;4.16&#8243; custom_padding=&#8221;|||&#8221; global_colors_info=&#8221;{}&#8221; custom_padding__hover=&#8221;|||&#8221;][et_pb_text _builder_version=&#8221;4.27.4&#8243; global_colors_info=&#8221;{}&#8221;]<\/p>\n<h1>Head of NESU<\/h1>\n<p>&nbsp;<\/p>\n<h4><span style=\"color: #000000;\">What does my board position include?<\/span><\/h4>\n<p><span style=\"color: #000000;\"><\/span><\/p>\n<p><span style=\"font-weight: 400;\">As the Head of NESU at Turun KY, you will lead the operations of NESU-TuKY, develop TuKY\u2019s sitz culture, and uphold its traditional events together with your committee, NESU-TuKY. In addition, you will play a key role in the wider NESU network, collaborating with other NESU organizations across different business student associations in Finland.<\/span><\/p>\n<p><span style=\"font-weight: 400;\">On a practical level, the position involves planning and organizing sitz parties and other NESU events together with your committee, as well as preserving and, when appropriate, renewing the sitz traditions within Turun KY.<\/span><\/p>\n<p><span style=\"font-weight: 400;\">The Head of NESU should have strong organizational skills and enthusiasm for event planning and development. The annual schedule is fast-paced, so your ability to motivate your committee and ensure careful planning and execution of events is essential. While upholding traditions is important, the Head of NESU should also have a vision for developing NESU activities both within Turun KY and across the entire NESU network.<\/span><\/p>\n<p><span style=\"font-weight: 400;\">The Head of NESU is also part of the NESU Chair Network (NPV), which consists of all NESU organizations\u2019 chairpersons. In this role, you represent NESU-TuKY at NPV meetings and national NESU assemblies, acting as a link between NESU-TuKY and other NESU organizations. Active participation in NESU events across Finland is also an important part of the position.<\/span><\/p>\n<p><span style=\"font-weight: 400;\">In addition to chairing the committee and being part of the NPV, the Head of NESU is also a member of Turun KY\u2019s Board. This provides the opportunity to influence and participate in decision-making within the association beyond your own sector.<\/span><\/p>\n<p><span style=\"font-weight: 400;\">If you have any questions about the Head of NESU position, feel free to contact me at nesu@tuky.fi.<\/span><\/p>\n<p>&nbsp;<\/p>\n<p class=\"Normal\"><span style=\"font-size: large;\"><b>Questions:<\/b><\/span><\/p>\n<p><strong>General:<\/strong><\/p>\n<ol>\n<li><span>Your name and class? <\/span><\/li>\n<li><span>Your activity within Turun KY and other previous positions of trust:<\/span><\/li>\n<li><span>Your plans for the upcoming year (i.e. any other potential overlapping projects):<\/span><\/li>\n<\/ol>\n<p><span style=\"font-weight: 400;\"><\/span><\/p>\n<p><strong>Sector-specific:<\/strong><strong><\/strong><\/p>\n<ol>\n<li style=\"font-weight: 400;\" aria-level=\"1\"><span style=\"font-weight: 400;\">Briefly describe what NESU-TuKY means to you<\/span><span style=\"font-weight: 400;\"><br \/><\/span><\/li>\n<li style=\"font-weight: 400;\" aria-level=\"1\"><span style=\"font-weight: 400;\">How do you see yourself as the leader of the committee?<\/span><span style=\"font-weight: 400;\"><br \/><\/span><\/li>\n<li style=\"font-weight: 400;\" aria-level=\"1\"><span style=\"font-weight: 400;\">How do you envision NESU-TuKY next year in terms of event production and committee work?<\/span><\/li>\n<\/ol>\n<p>[\/et_pb_text][\/et_pb_column][et_pb_column type=&#8221;1_4&#8243; _builder_version=&#8221;4.16&#8243; custom_padding=&#8221;|||&#8221; global_colors_info=&#8221;{}&#8221; custom_padding__hover=&#8221;|||&#8221;][et_pb_team_member name=&#8221;Saara Lohikari&#8221; position=&#8221;Head of NESU&#8221; image_url=&#8221;https:\/\/www.tuky.fi\/wp-content\/uploads\/2025\/09\/Saara-Lohikari-scaled.jpg&#8221; _builder_version=&#8221;4.27.4&#8243; header_text_color=&#8221;#000000&#8243; global_colors_info=&#8221;{}&#8221;]<\/p>\n<p>nesu@tuky.fi<\/p>\n<p>[\/et_pb_team_member][\/et_pb_column][\/et_pb_row][\/et_pb_section]<\/p>\n","protected":false},"excerpt":{"rendered":"<p>In English below.NESU-vastaava &nbsp; Mit\u00e4 hallituspestiini kuuluu? Turun KY:n NESU-vastaavan pestiss\u00e4 p\u00e4\u00e4set johtamaan NESU-TuKYn toimintaa, kehitt\u00e4m\u00e4\u00e4n TuKYn sitsikulttuuria sek\u00e4 vaalimaan perinteikk\u00e4it\u00e4 tapahtumia yhdess\u00e4 puheenjohtamasi jaoston, NESU-TuKYn kanssa. T\u00e4m\u00e4n lis\u00e4ksi p\u00e4\u00e4set [&hellip;]<\/p>\n","protected":false},"author":1,"featured_media":19131,"parent":0,"menu_order":8,"comment_status":"open","ping_status":"open","template":"","meta":{"_et_pb_use_builder":"on","_et_pb_old_content":"\u00a0\r\n\r\n[caption id=\"attachment_18122\" align=\"aligncenter\" width=\"230\"]<img class=\"wp-image-18122\" src=\"http:\/\/turunky.fi\/wordpress\/wp-content\/uploads\/2016\/04\/Iina2-797x1024.jpg\" alt=\"Iina2\" width=\"230\" height=\"296\" \/> Iina Lappalainen[\/caption]\r\n\r\n\u00a0\r\n\r\n<strong>Mit\u00e4 hallituspestiini kuuluu?<\/strong>\r\n\r\nNESU-vastaavan pesti tarkoittaa NESU-toiminnan johtamista Turun KY:ll\u00e4 ja sen toiminnan py\u00f6ritt\u00e4mist\u00e4 yhdess\u00e4 NESU-hallituksen ja aktiivien kanssa. K\u00e4yt\u00e4nn\u00f6ss\u00e4 t\u00e4m\u00e4 tarkoittaa sitsien ja muiden mahdollisten tapahtumien j\u00e4rjest\u00e4mist\u00e4 sek\u00e4 niihin liittyvien perinteiden vaalimista. NESU-vastaavalta vaaditaan paljon innostusta tapahtumien j\u00e4rjest\u00e4miseen, eik\u00e4 aiempi kokemus tapahtumien j\u00e4rjest\u00e4misest\u00e4 ole pahitteeksi. My\u00f6s toimiminen erilaisissa Turun KY:n tapahtumissa auttaa pestin hallitsemista. NESUn vuosirytmi on tiivis, ja tapahtumia on yhdest\u00e4 kahteen kuukaudessa, ja osa tapahtumista ajoittuu my\u00f6s kes\u00e4n ajalle. Puheenjohtajan esimerkki on t\u00e4rke\u00e4\u00e4 jaoston motivoinnissa ja tapahtumien onnistuneessa l\u00e4piviemisess\u00e4. Intresseiss\u00e4 ei luonnollisesti ole pelk\u00e4st\u00e4\u00e4n perinteiden vaaliminen, vaan puheenjohtajan olisi toivottavaa kehitt\u00e4\u00e4 NESUn toimintaa Turussa.\r\n\r\nLis\u00e4ksi NESU-vastaava kuuluu NESU-puheenjohtajien verkostoon ja sit\u00e4 kautta edustaa NESU-TuKY\u00e4 erilaisissa tilaisuuksissa, kuten maakokouksissa. Aktiivinen osallistuminen my\u00f6s muiden paikkakuntien tapahtumiin on keskeisess\u00e4 asemassa. NESU-vastaava on NESU-TuKYn edustajana aktiivisesti kehitt\u00e4m\u00e4ss\u00e4 koko NESUn toimintaa niin Suomessa kuin koko Pohjoismaissa. Turussa yhteisty\u00f6t\u00e4 vaalitaan muun muassa MK:n, Lex ry:n sek\u00e4 TLKS:n kanssa perinteisten tapahtumien muodossa. My\u00f6s laajempaa poikkitieteellist\u00e4 yhteisty\u00f6t\u00e4 on suotavaa harrastaa.\r\n\r\nNESU-TuKYn puheenjohtaja toimii my\u00f6s Turun KY:n hallituksen j\u00e4senen\u00e4, joka vaatii niinik\u00e4\u00e4n panostusta niin aikataulun kuin motivaation osalta. Turun KY:n hallituksessa toimiminen antaa mahdollisuuden p\u00e4\u00e4t\u00f6ksentekoon ja oman pestin ulkopuolisiin asioihin vaikuttamisen. Turun KY:n hallitus j\u00e4rjest\u00e4\u00e4 niin ik\u00e4\u00e4n tapahtumia ja l\u00e4hett\u00e4\u00e4 edustusta muiden paikkakuntien tapahtumiin.\r\n\r\nMik\u00e4li sinulla on kysytt\u00e4v\u00e4\u00e4 hallituspestiini liittyen, ota rohkeasti yhteytt\u00e4 osoitteeseen <a href=\"mailto:nesu-pj@tuky.fi\">nesu-pj@tuky.fi<\/a> .\r\n\r\n[separator]\r\n\r\n<strong>Kysymykset:<\/strong>\r\n\r\nYleiset:\r\n\r\n1. Nimi ja vuosikurssi\r\n2. Aktiivisuutesi Turun KY:ll\u00e4 ja muut aiemmat luottamustoimet?\r\n3. Ensi vuoden suunnitelmasi\u00a0(ts. muut mahdolliset p\u00e4\u00e4llekk\u00e4iset projektit)\r\n\r\nSektorikohtaiset:\r\n\r\n1. Kerro lyhyesti, mit\u00e4 NESU mielest\u00e4si tekee?\r\n2. Millaisena n\u00e4et NESUn imagon t\u00e4ll\u00e4 hetkell\u00e4?\r\n3. Miten kehitt\u00e4isit turkulaista sitsikulttuuria?\r\n4. Miten kehitt\u00e4isit NESUn toimintaa Suomessa?","_et_gb_content_width":"","footnotes":""},"class_list":["post-12465","page","type-page","status-publish","has-post-thumbnail","hentry"],"yoast_head":"<!-- This site is optimized with the Yoast SEO plugin v27.2 - https:\/\/yoast.com\/product\/yoast-seo-wordpress\/ -->\n<title>Turun KY NESU-vastaava<\/title>\n<meta name=\"robots\" content=\"index, follow, max-snippet:-1, max-image-preview:large, max-video-preview:-1\" \/>\n<link rel=\"canonical\" href=\"https:\/\/www.tuky.fi\/etusivu\/nesu-vastaava\/\" \/>\n<meta property=\"og:locale\" content=\"fi_FI\" \/>\n<meta property=\"og:type\" content=\"article\" \/>\n<meta property=\"og:title\" content=\"Turun KY NESU-vastaava\" \/>\n<meta property=\"og:description\" content=\"In English below.NESU-vastaava &nbsp; Mit\u00e4 hallituspestiini kuuluu? Turun KY:n NESU-vastaavan pestiss\u00e4 p\u00e4\u00e4set johtamaan NESU-TuKYn toimintaa, kehitt\u00e4m\u00e4\u00e4n TuKYn sitsikulttuuria sek\u00e4 vaalimaan perinteikk\u00e4it\u00e4 tapahtumia yhdess\u00e4 puheenjohtamasi jaoston, NESU-TuKYn kanssa. T\u00e4m\u00e4n lis\u00e4ksi p\u00e4\u00e4set [&hellip;]\" \/>\n<meta property=\"og:url\" content=\"https:\/\/www.tuky.fi\/etusivu\/nesu-vastaava\/\" \/>\n<meta property=\"og:site_name\" content=\"Turun KY\" \/>\n<meta property=\"article:modified_time\" content=\"2026-04-10T16:16:05+00:00\" \/>\n<meta name=\"twitter:card\" content=\"summary_large_image\" \/>\n<meta name=\"twitter:label1\" content=\"Arvioitu lukuaika\" \/>\n\t<meta name=\"twitter:data1\" content=\"5 minuuttia\" \/>\n<script type=\"application\/ld+json\" class=\"yoast-schema-graph\">{\"@context\":\"https:\/\/schema.org\",\"@graph\":[{\"@type\":\"WebPage\",\"@id\":\"https:\/\/www.tuky.fi\/etusivu\/nesu-vastaava\/\",\"url\":\"https:\/\/www.tuky.fi\/etusivu\/nesu-vastaava\/\",\"name\":\"Turun KY NESU-vastaava\",\"isPartOf\":{\"@id\":\"https:\/\/www.tuky.fi\/etusivu\/#website\"},\"primaryImageOfPage\":{\"@id\":\"https:\/\/www.tuky.fi\/etusivu\/nesu-vastaava\/#primaryimage\"},\"image\":{\"@id\":\"https:\/\/www.tuky.fi\/etusivu\/nesu-vastaava\/#primaryimage\"},\"thumbnailUrl\":\"\",\"datePublished\":\"2014-10-27T16:16:04+00:00\",\"dateModified\":\"2026-04-10T16:16:05+00:00\",\"breadcrumb\":{\"@id\":\"https:\/\/www.tuky.fi\/etusivu\/nesu-vastaava\/#breadcrumb\"},\"inLanguage\":\"fi\",\"potentialAction\":[{\"@type\":\"ReadAction\",\"target\":[\"https:\/\/www.tuky.fi\/etusivu\/nesu-vastaava\/\"]}]},{\"@type\":\"ImageObject\",\"inLanguage\":\"fi\",\"@id\":\"https:\/\/www.tuky.fi\/etusivu\/nesu-vastaava\/#primaryimage\",\"url\":\"\",\"contentUrl\":\"\"},{\"@type\":\"BreadcrumbList\",\"@id\":\"https:\/\/www.tuky.fi\/etusivu\/nesu-vastaava\/#breadcrumb\",\"itemListElement\":[{\"@type\":\"ListItem\",\"position\":1,\"name\":\"Etusivu\",\"item\":\"https:\/\/www.tuky.fi\/etusivu\/\"},{\"@type\":\"ListItem\",\"position\":2,\"name\":\"NESU-vastaava\"}]},{\"@type\":\"WebSite\",\"@id\":\"https:\/\/www.tuky.fi\/etusivu\/#website\",\"url\":\"https:\/\/www.tuky.fi\/etusivu\/\",\"name\":\"Turun KY\",\"description\":\"TuKY\",\"publisher\":{\"@id\":\"https:\/\/www.tuky.fi\/etusivu\/#organization\"},\"alternateName\":\"TuKY\",\"potentialAction\":[{\"@type\":\"SearchAction\",\"target\":{\"@type\":\"EntryPoint\",\"urlTemplate\":\"https:\/\/www.tuky.fi\/etusivu\/?s={search_term_string}\"},\"query-input\":{\"@type\":\"PropertyValueSpecification\",\"valueRequired\":true,\"valueName\":\"search_term_string\"}}],\"inLanguage\":\"fi\"},{\"@type\":\"Organization\",\"@id\":\"https:\/\/www.tuky.fi\/etusivu\/#organization\",\"name\":\"Turun KY\",\"alternateName\":\"TuKY\",\"url\":\"https:\/\/www.tuky.fi\/etusivu\/\",\"logo\":{\"@type\":\"ImageObject\",\"inLanguage\":\"fi\",\"@id\":\"https:\/\/www.tuky.fi\/etusivu\/#\/schema\/logo\/image\/\",\"url\":\"https:\/\/www.tuky.fi\/wp-content\/uploads\/2024\/09\/TuKY-logo-kulta-1.png\",\"contentUrl\":\"https:\/\/www.tuky.fi\/wp-content\/uploads\/2024\/09\/TuKY-logo-kulta-1.png\",\"width\":1080,\"height\":1080,\"caption\":\"Turun KY\"},\"image\":{\"@id\":\"https:\/\/www.tuky.fi\/etusivu\/#\/schema\/logo\/image\/\"},\"sameAs\":[\"https:\/\/instagram.com\/turunky\",\"https:\/\/linkedin.com\/turunky\"]}]}<\/script>\n<!-- \/ Yoast SEO plugin. -->","yoast_head_json":{"title":"Turun KY NESU-vastaava","robots":{"index":"index","follow":"follow","max-snippet":"max-snippet:-1","max-image-preview":"max-image-preview:large","max-video-preview":"max-video-preview:-1"},"canonical":"https:\/\/www.tuky.fi\/etusivu\/nesu-vastaava\/","og_locale":"fi_FI","og_type":"article","og_title":"Turun KY NESU-vastaava","og_description":"In English below.NESU-vastaava &nbsp; Mit\u00e4 hallituspestiini kuuluu? Turun KY:n NESU-vastaavan pestiss\u00e4 p\u00e4\u00e4set johtamaan NESU-TuKYn toimintaa, kehitt\u00e4m\u00e4\u00e4n TuKYn sitsikulttuuria sek\u00e4 vaalimaan perinteikk\u00e4it\u00e4 tapahtumia yhdess\u00e4 puheenjohtamasi jaoston, NESU-TuKYn kanssa. T\u00e4m\u00e4n lis\u00e4ksi p\u00e4\u00e4set [&hellip;]","og_url":"https:\/\/www.tuky.fi\/etusivu\/nesu-vastaava\/","og_site_name":"Turun KY","article_modified_time":"2026-04-10T16:16:05+00:00","twitter_card":"summary_large_image","twitter_misc":{"Arvioitu lukuaika":"5 minuuttia"},"schema":{"@context":"https:\/\/schema.org","@graph":[{"@type":"WebPage","@id":"https:\/\/www.tuky.fi\/etusivu\/nesu-vastaava\/","url":"https:\/\/www.tuky.fi\/etusivu\/nesu-vastaava\/","name":"Turun KY NESU-vastaava","isPartOf":{"@id":"https:\/\/www.tuky.fi\/etusivu\/#website"},"primaryImageOfPage":{"@id":"https:\/\/www.tuky.fi\/etusivu\/nesu-vastaava\/#primaryimage"},"image":{"@id":"https:\/\/www.tuky.fi\/etusivu\/nesu-vastaava\/#primaryimage"},"thumbnailUrl":"","datePublished":"2014-10-27T16:16:04+00:00","dateModified":"2026-04-10T16:16:05+00:00","breadcrumb":{"@id":"https:\/\/www.tuky.fi\/etusivu\/nesu-vastaava\/#breadcrumb"},"inLanguage":"fi","potentialAction":[{"@type":"ReadAction","target":["https:\/\/www.tuky.fi\/etusivu\/nesu-vastaava\/"]}]},{"@type":"ImageObject","inLanguage":"fi","@id":"https:\/\/www.tuky.fi\/etusivu\/nesu-vastaava\/#primaryimage","url":"","contentUrl":""},{"@type":"BreadcrumbList","@id":"https:\/\/www.tuky.fi\/etusivu\/nesu-vastaava\/#breadcrumb","itemListElement":[{"@type":"ListItem","position":1,"name":"Etusivu","item":"https:\/\/www.tuky.fi\/etusivu\/"},{"@type":"ListItem","position":2,"name":"NESU-vastaava"}]},{"@type":"WebSite","@id":"https:\/\/www.tuky.fi\/etusivu\/#website","url":"https:\/\/www.tuky.fi\/etusivu\/","name":"Turun KY","description":"TuKY","publisher":{"@id":"https:\/\/www.tuky.fi\/etusivu\/#organization"},"alternateName":"TuKY","potentialAction":[{"@type":"SearchAction","target":{"@type":"EntryPoint","urlTemplate":"https:\/\/www.tuky.fi\/etusivu\/?s={search_term_string}"},"query-input":{"@type":"PropertyValueSpecification","valueRequired":true,"valueName":"search_term_string"}}],"inLanguage":"fi"},{"@type":"Organization","@id":"https:\/\/www.tuky.fi\/etusivu\/#organization","name":"Turun KY","alternateName":"TuKY","url":"https:\/\/www.tuky.fi\/etusivu\/","logo":{"@type":"ImageObject","inLanguage":"fi","@id":"https:\/\/www.tuky.fi\/etusivu\/#\/schema\/logo\/image\/","url":"https:\/\/www.tuky.fi\/wp-content\/uploads\/2024\/09\/TuKY-logo-kulta-1.png","contentUrl":"https:\/\/www.tuky.fi\/wp-content\/uploads\/2024\/09\/TuKY-logo-kulta-1.png","width":1080,"height":1080,"caption":"Turun KY"},"image":{"@id":"https:\/\/www.tuky.fi\/etusivu\/#\/schema\/logo\/image\/"},"sameAs":["https:\/\/instagram.com\/turunky","https:\/\/linkedin.com\/turunky"]}]}},"lang":"fi","translations":{"fi":12465},"pll_sync_post":[],"_links":{"self":[{"href":"https:\/\/www.tuky.fi\/etusivu\/wp-json\/wp\/v2\/pages\/12465","targetHints":{"allow":["GET"]}}],"collection":[{"href":"https:\/\/www.tuky.fi\/etusivu\/wp-json\/wp\/v2\/pages"}],"about":[{"href":"https:\/\/www.tuky.fi\/etusivu\/wp-json\/wp\/v2\/types\/page"}],"author":[{"embeddable":true,"href":"https:\/\/www.tuky.fi\/etusivu\/wp-json\/wp\/v2\/users\/1"}],"replies":[{"embeddable":true,"href":"https:\/\/www.tuky.fi\/etusivu\/wp-json\/wp\/v2\/comments?post=12465"}],"version-history":[{"count":1,"href":"https:\/\/www.tuky.fi\/etusivu\/wp-json\/wp\/v2\/pages\/12465\/revisions"}],"predecessor-version":[{"id":53157,"href":"https:\/\/www.tuky.fi\/etusivu\/wp-json\/wp\/v2\/pages\/12465\/revisions\/53157"}],"wp:featuredmedia":[{"embeddable":true,"href":"https:\/\/www.tuky.fi\/etusivu\/wp-json\/"}],"wp:attachment":[{"href":"https:\/\/www.tuky.fi\/etusivu\/wp-json\/wp\/v2\/media?parent=12465"}],"curies":[{"name":"wp","href":"https:\/\/api.w.org\/{rel}","templated":true}]}}