{"id":12461,"date":"2014-10-27T18:15:20","date_gmt":"2014-10-27T16:15:20","guid":{"rendered":"http:\/\/tuky.fi\/?page_id=12461"},"modified":"2026-04-08T14:37:29","modified_gmt":"2026-04-08T11:37:29","slug":"liikuntavastaava","status":"publish","type":"page","link":"https:\/\/www.tuky.fi\/etusivu\/liikuntavastaava\/","title":{"rendered":"Liikuntavastaava"},"content":{"rendered":"<p>[et_pb_section fb_built=&#8221;1&#8243; admin_label=&#8221;section&#8221; _builder_version=&#8221;4.16&#8243; global_colors_info=&#8221;{}&#8221;][et_pb_row _builder_version=&#8221;4.27.4&#8243; _module_preset=&#8221;default&#8221;][et_pb_column _builder_version=&#8221;4.27.4&#8243; _module_preset=&#8221;default&#8221; type=&#8221;4_4&#8243;][et_pb_text _builder_version=&#8221;4.27.4&#8243; _module_preset=&#8221;default&#8221; hover_enabled=&#8221;0&#8243; sticky_enabled=&#8221;0&#8243;]<\/p>\n<p>In English below.<\/p>\n<p>[\/et_pb_text][\/et_pb_column][\/et_pb_row][et_pb_row column_structure=&#8221;3_4,1_4&#8243; _builder_version=&#8221;4.16&#8243; global_colors_info=&#8221;{}&#8221;][et_pb_column type=&#8221;3_4&#8243; _builder_version=&#8221;4.16&#8243; custom_padding=&#8221;|||&#8221; global_colors_info=&#8221;{}&#8221; custom_padding__hover=&#8221;|||&#8221;][et_pb_text _builder_version=&#8221;4.27.4&#8243; hover_enabled=&#8221;0&#8243; global_colors_info=&#8221;{}&#8221; sticky_enabled=&#8221;0&#8243; custom_margin=&#8221;||112px|||&#8221;]<\/p>\n<h1>Liikuntavastaava<\/h1>\n<p>&nbsp;<\/p>\n<h4><span style=\"color: #000000;\">Mit\u00e4 hallituspestiini kuuluu?<\/span><\/h4>\n<p><span style=\"color: #000000;\"><\/span><\/p>\n<p><span style=\"font-weight: 400;\">Liikuntavastaavan teht\u00e4v\u00e4n\u00e4 on liikunnan ja siihen liittyvien tapahtumien yleinen suunnittelu ja koordinointi TuKYss\u00e4. Hallitusty\u00f6skentelyn lis\u00e4ksi liikuntavastaava toimii liikuntajaosto KY-Sportin puheenjohtajana.\u00a0 Liikuntavastaavan teht\u00e4v\u00e4n\u00e4 on pit\u00e4\u00e4 huolta, ett\u00e4 liikunta saataisi osaksi mahdollisimman monen opiskelijan arkea.<\/span><\/p>\n<p><span style=\"font-weight: 400;\">KY-Sportin tapahtumakalenteri on vuosien saatossa laajentunut, jonka vuoksi toiminnan uudistaminen ja muokkaus on suuressa roolissa. KY-Sportin toiminta jaksottuu viikoittaisista lenkki- ja pelivuoroista, kuukausittaisista lajikokeiluista vuosittain j\u00e4rjestett\u00e4viin suurempiin tapahtumin kuten KYlumpialaiset, ABPC ja vuosittaiseen vaellusexcursioon, joiden j\u00e4rjest\u00e4mist\u00e4 liikuntavastaava luotsaa.<\/span><\/p>\n<p><span style=\"font-weight: 400;\">Liikuntavastaava huolehtii yhteydenpidosta ja yhteisty\u00f6n kehitt\u00e4misest\u00e4 my\u00f6s eri tahojen, kuten muiden kylterij\u00e4rjest\u00f6jen sek\u00e4 urheiluseurojen kanssa. Liikuntavastaava toimii my\u00f6s linkkin\u00e4 TuKY:n joukkueiden sek\u00e4\u00a0 ja KY-Sportin v\u00e4lill\u00e4. My\u00f6s yhteisty\u00f6t\u00e4 Turun muiden opiskelijaj\u00e4rjest\u00f6jen kanssa on pyritty lis\u00e4\u00e4m\u00e4\u00e4n.\u00a0<\/span><\/p>\n<p><span style=\"font-weight: 400;\">Mik\u00e4li haluat kysy\u00e4 jotain liikuntavastaavan pestiin liittyen, niin minut tavoittaa osoitteesta liikunta@tuky.fi \ud83d\ude42<\/span><\/p>\n<p><br style=\"font-weight: 400;\" \/><br style=\"font-weight: 400;\" \/><\/p>\n<p><strong><span style=\"color: #000000;\">Kysymykset:<\/span><\/strong><\/p>\n<p><strong><\/strong><\/p>\n<p><strong>Yleiset:<\/strong><\/p>\n<ol>\n<li><span>Nimi ja vuosikurssi:<\/span><\/li>\n<li><span>Aktiivisuutesi Turun KY:ll\u00e4 ja muut aiemmat luottamustoimet:<\/span><\/li>\n<li><span>Ensi vuoden suunnitelmasi (ts. muut mahdolliset p\u00e4\u00e4llekk\u00e4iset projektit):<\/span><\/li>\n<\/ol>\n<p><span><\/span><\/p>\n<p><strong>Sektorikohtaiset:<\/strong><strong><\/strong><\/p>\n<ol>\n<li style=\"font-weight: 400;\" aria-level=\"1\"><span style=\"font-weight: 400;\">Mit\u00e4 vahvuuksia koet, ett\u00e4 sinulla olisi liikuntavastaavana ja KY-Sportin puheenjohtajana? Ent\u00e4 mit\u00e4 heikkouksia?<\/span><\/li>\n<li style=\"font-weight: 400;\" aria-level=\"1\"><span style=\"font-weight: 400;\">Millaisena n\u00e4et KY-Sportin roolin osana Turun KY:n yhteis\u00f6\u00e4, ja miten vahvistaisit sit\u00e4?<\/span><\/li>\n<li style=\"font-weight: 400;\" aria-level=\"1\"><span style=\"font-weight: 400;\">Liikuntavastaavana puheenjohdat my\u00f6s liikuntajaostoa KY-Sporttia. Miten edist\u00e4isit avoimuutta ja hyv\u00e4\u00e4 ilmapiiri\u00e4 KY-Sportin sis\u00e4ll\u00e4?<\/span><\/li>\n<\/ol>\n<p>[\/et_pb_text][\/et_pb_column][et_pb_column type=&#8221;1_4&#8243; _builder_version=&#8221;4.16&#8243; custom_padding=&#8221;|||&#8221; global_colors_info=&#8221;{}&#8221; custom_padding__hover=&#8221;|||&#8221;][et_pb_team_member name=&#8221;Matlena Karvonen&#8221; position=&#8221;Head of Sports&#8221; image_url=&#8221;https:\/\/www.tuky.fi\/wp-content\/uploads\/2025\/03\/Matlena-Karvonen-scaled.jpg&#8221; _builder_version=&#8221;4.27.4&#8243; header_text_color=&#8221;#000000&#8243; global_colors_info=&#8221;{}&#8221;]<\/p>\n<p>liikunta@tuky.fi<\/p>\n<p>[\/et_pb_team_member][\/et_pb_column][\/et_pb_row][et_pb_row column_structure=&#8221;3_4,1_4&#8243; _builder_version=&#8221;4.16&#8243; global_colors_info=&#8221;{}&#8221;][et_pb_column type=&#8221;3_4&#8243; _builder_version=&#8221;4.16&#8243; custom_padding=&#8221;|||&#8221; global_colors_info=&#8221;{}&#8221; custom_padding__hover=&#8221;|||&#8221;][et_pb_text _builder_version=&#8221;4.27.4&#8243; global_colors_info=&#8221;{}&#8221;]<\/p>\n<h1>Head of Sports<\/h1>\n<p>&nbsp;<\/p>\n<h4><span style=\"color: #000000;\">What does my board position include?<\/span><\/h4>\n<p><span style=\"color: #000000;\"><\/span><\/p>\n<p><span style=\"font-weight: 400;\">The Sports Representative is responsible for the overall planning and coordination of sports and related events within TuKY. In addition to working on the board, the Sports Representative serves as the chairperson of the sports committee, KY-Sport. The main goal of the Sports Representative is to ensure that sports and physical activity become a part of as many students\u2019 everyday lives as possible.<\/span><\/p>\n<p><span style=\"font-weight: 400;\">Over the years, KY-Sport\u2019s event calendar has expanded significantly, which is why renewing and developing its activities plays an important role. KY-Sport\u2019s operations range from weekly runs and game sessions to monthly sport trials, as well as larger annual events such as the KYlympics, the ABPC, and the yearly hiking excursion,\u00a0 all coordinated by the Sports Representative.The Sports Representative is also responsible for maintaining and developing collaboration with various partners, such as other business student organizations and local sports clubs. In addition, the Sports Representative serves as a link between TuKY\u2019s sports teams and KY-Sport. Cooperation with other student organizations in Turku has also been actively increased.<\/span><\/p>\n<p><span style=\"font-weight: 400;\">If you have any questions about the role of the Sports Representative, you can reach me at liikunta@tuky.fi <\/span><span style=\"font-weight: 400;\">\ud83d\ude42<\/span><\/p>\n<p><span style=\"font-weight: 400;\"><\/span><\/p>\n<p><strong><span style=\"color: #000000;\">Questions:<\/span><\/strong><\/p>\n<p><strong><\/strong><\/p>\n<p><strong>General:<\/strong><\/p>\n<ol>\n<li><span>Your name and class? <\/span><\/li>\n<li><span>Your activity within Turun KY and other previous positions of trust:<\/span><\/li>\n<li><span>Your plans for the upcoming year (i.e. any other potential overlapping projects):<\/span><\/li>\n<\/ol>\n<p><strong>Sector-specific:<\/strong><strong><\/strong><\/p>\n<ol>\n<li style=\"font-weight: 400;\" aria-level=\"1\"><span style=\"font-weight: 400;\">What strengths do you believe you would bring to the role of Sports Representative and Chair of KY-Sport? And what about your weaknesses?<\/span><\/li>\n<li style=\"font-weight: 400;\" aria-level=\"1\"><span style=\"font-weight: 400;\">How do you see KY-Sport\u2019s role as part of the Turun KY community, and how would you strengthen it?<\/span><\/li>\n<li style=\"font-weight: 400;\" aria-level=\"1\"><span style=\"font-weight: 400;\">As Sports Representative, you are also chair of the KY-Sport sports committee. How would you promote openness and a positive atmosphere within KY-Sport?<\/span><\/li>\n<\/ol>\n<p>[\/et_pb_text][\/et_pb_column][et_pb_column type=&#8221;1_4&#8243; _builder_version=&#8221;4.16&#8243; custom_padding=&#8221;|||&#8221; global_colors_info=&#8221;{}&#8221; custom_padding__hover=&#8221;|||&#8221;][et_pb_team_member name=&#8221;Matlena Karvonen&#8221; position=&#8221;Head of Sports&#8221; image_url=&#8221;https:\/\/www.tuky.fi\/wp-content\/uploads\/2025\/03\/Matlena-Karvonen-scaled.jpg&#8221; _builder_version=&#8221;4.27.4&#8243; header_text_color=&#8221;#000000&#8243; global_colors_info=&#8221;{}&#8221;]<\/p>\n<p>liikunta@tuky.fi<\/p>\n<p>[\/et_pb_team_member][\/et_pb_column][\/et_pb_row][\/et_pb_section]<\/p>\n","protected":false},"excerpt":{"rendered":"<p>In English below.Liikuntavastaava &nbsp; Mit\u00e4 hallituspestiini kuuluu? Liikuntavastaavan teht\u00e4v\u00e4n\u00e4 on liikunnan ja siihen liittyvien tapahtumien yleinen suunnittelu ja koordinointi TuKYss\u00e4. Hallitusty\u00f6skentelyn lis\u00e4ksi liikuntavastaava toimii liikuntajaosto KY-Sportin puheenjohtajana.\u00a0 Liikuntavastaavan teht\u00e4v\u00e4n\u00e4 on [&hellip;]<\/p>\n","protected":false},"author":1,"featured_media":15879,"parent":0,"menu_order":7,"comment_status":"open","ping_status":"open","template":"","meta":{"_et_pb_use_builder":"on","_et_pb_old_content":"\u00a0\r\n\r\n[caption id=\"attachment_19128\" align=\"aligncenter\" width=\"230\"]<img class=\"wp-image-19128\" src=\"http:\/\/turunky.fi\/wordpress\/wp-content\/uploads\/2014\/10\/Henu_uus-e1477429672718-780x1024.jpg\" alt=\"henu_uus\" width=\"230\" height=\"302\" \/> Henri M\u00e4kivirta[\/caption]\r\n\r\n\u00a0\r\n\r\n<b>Mit\u00e4 hallituspestiini kuuluu?<\/b>\r\n<p style=\"line-height: 17.15pt; background: white; vertical-align: baseline; margin: 0cm 0cm 11.25pt 0cm;\"><span style=\"line-height: 1.5;\">Hallituspestin ja siihen liittyvien kokouksien, edustusteht\u00e4vien ym. lis\u00e4ksi liikuntavastaava toimii my\u00f6s liikuntajaostomme KY-Sportin puheenjohtajana. Sportin kanssa py\u00f6rit\u00e4mme viikkovuoroja muutaman kerran viikossa, j\u00e4rjest\u00e4mme kuukauden lajeja, KY-Sportin ekskursion sek\u00e4 erin\u00e4isi\u00e4 isoja ja pieni\u00e4 tapahtumia ymp\u00e4ri vuoden Academic Beer Pong Championshipist\u00e4 ja KYlumpialaisista aina kisakatsomoihin asti. Liikuntavastaavan teht\u00e4viin kuuluu my\u00f6s yhteydenpito ja yhteisty\u00f6 eri tahojen, kuten lukuisten KY-Sport ry:n alaisten joukkueiden ja Turun Seudun Ekonomit ry:n TSE Sportin kanssa.<\/span><\/p>\r\nMik\u00e4li sinulla on kysytt\u00e4v\u00e4\u00e4 hallituspestiini liittyen, voit laittaa s\u00e4hk\u00f6postia osoitteeseen <a href=\"mailto:liikunta@tuky.fi\">liikunta@tuky.fi<\/a> tai nyk\u00e4ist\u00e4 hihasta Mercalla!\r\n\r\n[separator]\r\n\r\n<strong>Kysymykset:<\/strong>\r\n\r\nYleiset:\r\n\r\n1. Nimi ja vuosikurssi\r\n2. Aktiivisuutesi Turun KY:ll\u00e4 ja muut aiemmat luottamustoimet?\r\n3. Ensi vuoden suunnitelmasi\u00a0(ts. muut mahdolliset p\u00e4\u00e4llekk\u00e4iset projektit)\r\n\r\nSektorikohtaiset:\r\n\r\n1. Millainen on suhteesi liikuntaan, sek\u00e4 urheilutaustasi?\r\n2. Miten motivoisit j\u00e4senist\u00f6\u00e4 k\u00e4ym\u00e4\u00e4n viikkovuoroilla, ja n\u00e4etk\u00f6 viikkovuoroissa kehitt\u00e4misen varaa?\r\n3. Jaostopuheenjohtajana joudut usein jakamaan aikaasi Turun KY:n hallituksen sek\u00e4 jaostosi v\u00e4lill\u00e4. Miten n\u00e4et roolisi molemmissa hallituksissa ja kuinka priorioisit sek\u00e4 hoitaisit asiat esim. teht\u00e4viesi menness\u00e4 ajallisesti p\u00e4\u00e4llekk\u00e4in?\r\n4. Kuinka kehitt\u00e4isit yhteisty\u00f6t\u00e4 eri tahojen kuten esimerkiksi Turun Seudun Ekonomit ry:n TSE Sportin kanssa?","_et_gb_content_width":"","footnotes":""},"class_list":["post-12461","page","type-page","status-publish","has-post-thumbnail","hentry"],"yoast_head":"<!-- This site is optimized with the Yoast SEO plugin v27.2 - https:\/\/yoast.com\/product\/yoast-seo-wordpress\/ -->\n<title>Turun KY Liikuntavastaava<\/title>\n<meta name=\"robots\" content=\"index, follow, max-snippet:-1, max-image-preview:large, max-video-preview:-1\" \/>\n<link rel=\"canonical\" href=\"https:\/\/www.tuky.fi\/etusivu\/liikuntavastaava\/\" \/>\n<meta property=\"og:locale\" content=\"fi_FI\" \/>\n<meta property=\"og:type\" content=\"article\" \/>\n<meta property=\"og:title\" content=\"Turun KY Liikuntavastaava\" \/>\n<meta property=\"og:description\" content=\"In English below.Liikuntavastaava &nbsp; Mit\u00e4 hallituspestiini kuuluu? Liikuntavastaavan teht\u00e4v\u00e4n\u00e4 on liikunnan ja siihen liittyvien tapahtumien yleinen suunnittelu ja koordinointi TuKYss\u00e4. Hallitusty\u00f6skentelyn lis\u00e4ksi liikuntavastaava toimii liikuntajaosto KY-Sportin puheenjohtajana.\u00a0 Liikuntavastaavan teht\u00e4v\u00e4n\u00e4 on [&hellip;]\" \/>\n<meta property=\"og:url\" content=\"https:\/\/www.tuky.fi\/etusivu\/liikuntavastaava\/\" \/>\n<meta property=\"og:site_name\" content=\"Turun KY\" \/>\n<meta property=\"article:modified_time\" content=\"2026-04-08T11:37:29+00:00\" \/>\n<meta name=\"twitter:card\" content=\"summary_large_image\" \/>\n<meta name=\"twitter:label1\" content=\"Arvioitu lukuaika\" \/>\n\t<meta name=\"twitter:data1\" content=\"4 minuuttia\" \/>\n<script type=\"application\/ld+json\" class=\"yoast-schema-graph\">{\"@context\":\"https:\/\/schema.org\",\"@graph\":[{\"@type\":\"WebPage\",\"@id\":\"https:\/\/www.tuky.fi\/etusivu\/liikuntavastaava\/\",\"url\":\"https:\/\/www.tuky.fi\/etusivu\/liikuntavastaava\/\",\"name\":\"Turun KY Liikuntavastaava\",\"isPartOf\":{\"@id\":\"https:\/\/www.tuky.fi\/etusivu\/#website\"},\"primaryImageOfPage\":{\"@id\":\"https:\/\/www.tuky.fi\/etusivu\/liikuntavastaava\/#primaryimage\"},\"image\":{\"@id\":\"https:\/\/www.tuky.fi\/etusivu\/liikuntavastaava\/#primaryimage\"},\"thumbnailUrl\":\"\",\"datePublished\":\"2014-10-27T16:15:20+00:00\",\"dateModified\":\"2026-04-08T11:37:29+00:00\",\"breadcrumb\":{\"@id\":\"https:\/\/www.tuky.fi\/etusivu\/liikuntavastaava\/#breadcrumb\"},\"inLanguage\":\"fi\",\"potentialAction\":[{\"@type\":\"ReadAction\",\"target\":[\"https:\/\/www.tuky.fi\/etusivu\/liikuntavastaava\/\"]}]},{\"@type\":\"ImageObject\",\"inLanguage\":\"fi\",\"@id\":\"https:\/\/www.tuky.fi\/etusivu\/liikuntavastaava\/#primaryimage\",\"url\":\"\",\"contentUrl\":\"\"},{\"@type\":\"BreadcrumbList\",\"@id\":\"https:\/\/www.tuky.fi\/etusivu\/liikuntavastaava\/#breadcrumb\",\"itemListElement\":[{\"@type\":\"ListItem\",\"position\":1,\"name\":\"Etusivu\",\"item\":\"https:\/\/www.tuky.fi\/etusivu\/\"},{\"@type\":\"ListItem\",\"position\":2,\"name\":\"Liikuntavastaava\"}]},{\"@type\":\"WebSite\",\"@id\":\"https:\/\/www.tuky.fi\/etusivu\/#website\",\"url\":\"https:\/\/www.tuky.fi\/etusivu\/\",\"name\":\"Turun KY\",\"description\":\"TuKY\",\"publisher\":{\"@id\":\"https:\/\/www.tuky.fi\/etusivu\/#organization\"},\"alternateName\":\"TuKY\",\"potentialAction\":[{\"@type\":\"SearchAction\",\"target\":{\"@type\":\"EntryPoint\",\"urlTemplate\":\"https:\/\/www.tuky.fi\/etusivu\/?s={search_term_string}\"},\"query-input\":{\"@type\":\"PropertyValueSpecification\",\"valueRequired\":true,\"valueName\":\"search_term_string\"}}],\"inLanguage\":\"fi\"},{\"@type\":\"Organization\",\"@id\":\"https:\/\/www.tuky.fi\/etusivu\/#organization\",\"name\":\"Turun KY\",\"alternateName\":\"TuKY\",\"url\":\"https:\/\/www.tuky.fi\/etusivu\/\",\"logo\":{\"@type\":\"ImageObject\",\"inLanguage\":\"fi\",\"@id\":\"https:\/\/www.tuky.fi\/etusivu\/#\/schema\/logo\/image\/\",\"url\":\"https:\/\/www.tuky.fi\/wp-content\/uploads\/2024\/09\/TuKY-logo-kulta-1.png\",\"contentUrl\":\"https:\/\/www.tuky.fi\/wp-content\/uploads\/2024\/09\/TuKY-logo-kulta-1.png\",\"width\":1080,\"height\":1080,\"caption\":\"Turun KY\"},\"image\":{\"@id\":\"https:\/\/www.tuky.fi\/etusivu\/#\/schema\/logo\/image\/\"},\"sameAs\":[\"https:\/\/instagram.com\/turunky\",\"https:\/\/linkedin.com\/turunky\"]}]}<\/script>\n<!-- \/ Yoast SEO plugin. -->","yoast_head_json":{"title":"Turun KY Liikuntavastaava","robots":{"index":"index","follow":"follow","max-snippet":"max-snippet:-1","max-image-preview":"max-image-preview:large","max-video-preview":"max-video-preview:-1"},"canonical":"https:\/\/www.tuky.fi\/etusivu\/liikuntavastaava\/","og_locale":"fi_FI","og_type":"article","og_title":"Turun KY Liikuntavastaava","og_description":"In English below.Liikuntavastaava &nbsp; Mit\u00e4 hallituspestiini kuuluu? Liikuntavastaavan teht\u00e4v\u00e4n\u00e4 on liikunnan ja siihen liittyvien tapahtumien yleinen suunnittelu ja koordinointi TuKYss\u00e4. Hallitusty\u00f6skentelyn lis\u00e4ksi liikuntavastaava toimii liikuntajaosto KY-Sportin puheenjohtajana.\u00a0 Liikuntavastaavan teht\u00e4v\u00e4n\u00e4 on [&hellip;]","og_url":"https:\/\/www.tuky.fi\/etusivu\/liikuntavastaava\/","og_site_name":"Turun KY","article_modified_time":"2026-04-08T11:37:29+00:00","twitter_card":"summary_large_image","twitter_misc":{"Arvioitu lukuaika":"4 minuuttia"},"schema":{"@context":"https:\/\/schema.org","@graph":[{"@type":"WebPage","@id":"https:\/\/www.tuky.fi\/etusivu\/liikuntavastaava\/","url":"https:\/\/www.tuky.fi\/etusivu\/liikuntavastaava\/","name":"Turun KY Liikuntavastaava","isPartOf":{"@id":"https:\/\/www.tuky.fi\/etusivu\/#website"},"primaryImageOfPage":{"@id":"https:\/\/www.tuky.fi\/etusivu\/liikuntavastaava\/#primaryimage"},"image":{"@id":"https:\/\/www.tuky.fi\/etusivu\/liikuntavastaava\/#primaryimage"},"thumbnailUrl":"","datePublished":"2014-10-27T16:15:20+00:00","dateModified":"2026-04-08T11:37:29+00:00","breadcrumb":{"@id":"https:\/\/www.tuky.fi\/etusivu\/liikuntavastaava\/#breadcrumb"},"inLanguage":"fi","potentialAction":[{"@type":"ReadAction","target":["https:\/\/www.tuky.fi\/etusivu\/liikuntavastaava\/"]}]},{"@type":"ImageObject","inLanguage":"fi","@id":"https:\/\/www.tuky.fi\/etusivu\/liikuntavastaava\/#primaryimage","url":"","contentUrl":""},{"@type":"BreadcrumbList","@id":"https:\/\/www.tuky.fi\/etusivu\/liikuntavastaava\/#breadcrumb","itemListElement":[{"@type":"ListItem","position":1,"name":"Etusivu","item":"https:\/\/www.tuky.fi\/etusivu\/"},{"@type":"ListItem","position":2,"name":"Liikuntavastaava"}]},{"@type":"WebSite","@id":"https:\/\/www.tuky.fi\/etusivu\/#website","url":"https:\/\/www.tuky.fi\/etusivu\/","name":"Turun KY","description":"TuKY","publisher":{"@id":"https:\/\/www.tuky.fi\/etusivu\/#organization"},"alternateName":"TuKY","potentialAction":[{"@type":"SearchAction","target":{"@type":"EntryPoint","urlTemplate":"https:\/\/www.tuky.fi\/etusivu\/?s={search_term_string}"},"query-input":{"@type":"PropertyValueSpecification","valueRequired":true,"valueName":"search_term_string"}}],"inLanguage":"fi"},{"@type":"Organization","@id":"https:\/\/www.tuky.fi\/etusivu\/#organization","name":"Turun KY","alternateName":"TuKY","url":"https:\/\/www.tuky.fi\/etusivu\/","logo":{"@type":"ImageObject","inLanguage":"fi","@id":"https:\/\/www.tuky.fi\/etusivu\/#\/schema\/logo\/image\/","url":"https:\/\/www.tuky.fi\/wp-content\/uploads\/2024\/09\/TuKY-logo-kulta-1.png","contentUrl":"https:\/\/www.tuky.fi\/wp-content\/uploads\/2024\/09\/TuKY-logo-kulta-1.png","width":1080,"height":1080,"caption":"Turun KY"},"image":{"@id":"https:\/\/www.tuky.fi\/etusivu\/#\/schema\/logo\/image\/"},"sameAs":["https:\/\/instagram.com\/turunky","https:\/\/linkedin.com\/turunky"]}]}},"lang":"fi","translations":{"fi":12461},"pll_sync_post":[],"_links":{"self":[{"href":"https:\/\/www.tuky.fi\/etusivu\/wp-json\/wp\/v2\/pages\/12461","targetHints":{"allow":["GET"]}}],"collection":[{"href":"https:\/\/www.tuky.fi\/etusivu\/wp-json\/wp\/v2\/pages"}],"about":[{"href":"https:\/\/www.tuky.fi\/etusivu\/wp-json\/wp\/v2\/types\/page"}],"author":[{"embeddable":true,"href":"https:\/\/www.tuky.fi\/etusivu\/wp-json\/wp\/v2\/users\/1"}],"replies":[{"embeddable":true,"href":"https:\/\/www.tuky.fi\/etusivu\/wp-json\/wp\/v2\/comments?post=12461"}],"version-history":[{"count":1,"href":"https:\/\/www.tuky.fi\/etusivu\/wp-json\/wp\/v2\/pages\/12461\/revisions"}],"predecessor-version":[{"id":53156,"href":"https:\/\/www.tuky.fi\/etusivu\/wp-json\/wp\/v2\/pages\/12461\/revisions\/53156"}],"wp:featuredmedia":[{"embeddable":true,"href":"https:\/\/www.tuky.fi\/etusivu\/wp-json\/"}],"wp:attachment":[{"href":"https:\/\/www.tuky.fi\/etusivu\/wp-json\/wp\/v2\/media?parent=12461"}],"curies":[{"name":"wp","href":"https:\/\/api.w.org\/{rel}","templated":true}]}}