{"id":12457,"date":"2014-10-27T18:14:39","date_gmt":"2014-10-27T16:14:39","guid":{"rendered":"http:\/\/tuky.fi\/?page_id=12457"},"modified":"2026-04-08T14:37:29","modified_gmt":"2026-04-08T11:37:29","slug":"hyvinvointi-ja-tutorointivastaava","status":"publish","type":"page","link":"https:\/\/www.tuky.fi\/etusivu\/hyvinvointi-ja-tutorointivastaava\/","title":{"rendered":"Sosiaalipoliittinen vastaava"},"content":{"rendered":"<p>[et_pb_section fb_built=&#8221;1&#8243; admin_label=&#8221;section&#8221; _builder_version=&#8221;4.16&#8243; global_colors_info=&#8221;{}&#8221;][et_pb_row _builder_version=&#8221;4.27.4&#8243; _module_preset=&#8221;default&#8221;][et_pb_column _builder_version=&#8221;4.27.4&#8243; _module_preset=&#8221;default&#8221; type=&#8221;4_4&#8243;][et_pb_text _builder_version=&#8221;4.27.4&#8243; _module_preset=&#8221;default&#8221; hover_enabled=&#8221;0&#8243; sticky_enabled=&#8221;0&#8243;]<\/p>\n<p>In English below.<\/p>\n<p>[\/et_pb_text][\/et_pb_column][\/et_pb_row][et_pb_row column_structure=&#8221;3_4,1_4&#8243; _builder_version=&#8221;4.16&#8243; global_colors_info=&#8221;{}&#8221; min_height=&#8221;1407px&#8221;][et_pb_column type=&#8221;3_4&#8243; _builder_version=&#8221;4.16&#8243; custom_padding=&#8221;|||&#8221; global_colors_info=&#8221;{}&#8221; custom_padding__hover=&#8221;|||&#8221;][et_pb_text _builder_version=&#8221;4.27.4&#8243; hover_enabled=&#8221;0&#8243; global_colors_info=&#8221;{}&#8221; sticky_enabled=&#8221;0&#8243;]<\/p>\n<h1>Sosiaalipoliittinen vastaava<\/h1>\n<p>&nbsp;<\/p>\n<h4><span style=\"color: #000000;\">Mit\u00e4 hallituspestiini kuuluu?<\/span><\/h4>\n<p><span style=\"color: #000000;\"><\/span><\/p>\n<p><span style=\"font-weight: 400;\">Sosiaalipoliittisen vastaavan sektoriin kuuluu kaksi toisistaan erilaista ja laajaa kokonaisuutta: Edunvalvontajaoston puheenjohtaminen sek\u00e4 tutorointi.\u00a0<\/span><\/p>\n<p><span style=\"font-weight: 400;\">Edunvalvontajaosto kokoustaa viikoittain, j\u00e4rjest\u00e4\u00e4 tapahtumia ja kampanjoita sek\u00e4 puuttuu ep\u00e4kohtiin koulumme opiskeluymp\u00e4rist\u00f6ss\u00e4 ja opiskelijoiden kohtelussa. Sosiaalipoliittisen vastaavan johdolla Edunvalvontajaosto pit\u00e4\u00e4 huolta, ett\u00e4 opiskelijoiden \u00e4\u00e4ni kuuluu Turun kauppakorkeakoulun p\u00e4\u00e4t\u00f6ksenteossa. Osana t\u00e4t\u00e4 vaikuttamisty\u00f6t\u00e4 sosiaalipoliittinen vastaava istuu opiskelijaedustajana toimikunnissa kauppakorkeakoulussa ja TYYss\u00e4.\u00a0<\/span><\/p>\n<p><span style=\"font-weight: 400;\">Edunvalvonnan lis\u00e4ksi EVAn yksi suurimmista ja n\u00e4kyvimmist\u00e4 projekteista on mielenterveyteen ja jaksamiseen keskittyv\u00e4 Terve Mieli -hanke. Tulevana vuonna sosiaalipoliittisen vastaavan ja EVAn apua on Terve Mieli -ty\u00f6ryhm\u00e4, jonka tarkoituksena on kehitt\u00e4\u00e4 Terve Mieli hanketta ja luoda strategia hankkeelle. Sopon ty\u00f6t\u00e4 t\u00e4m\u00e4 toivottavasti v\u00e4hent\u00e4\u00e4, sill\u00e4 ty\u00f6ryhm\u00e4 on mandaattipaikoilla toimiva ja sit\u00e4 puheenjohtaa edelt\u00e4v\u00e4 sopo. Kuitenkin ty\u00f6t\u00e4 on tarkoitus jatkaa my\u00f6s vuonna 2027, jolloin sitten vuoden 2026 sopo toimii ty\u00f6ryhm\u00e4n vet\u00e4j\u00e4n\u00e4. Terve Mieli -hankkeen operatiiviset toiminnat, kuten tapahtumien j\u00e4rjest\u00e4minen, ovat jatkossakin EVAn vastuulla.<\/span><\/p>\n<p><span style=\"font-weight: 400;\">Sosiaalipoliittinen vastaava hoitaa yhdess\u00e4 TSE:n opintotoimiston edustajan kanssa tutorhaun ja tutorvalintojen tekemisen sek\u00e4 on mukana perehdytysviikon suunnittelussa. Turun KY:n tutortiimin kanssa sopo j\u00e4rjest\u00e4\u00e4 tutorkoulutukset TuKYn puolesta, perehdytt\u00e4\u00e4 tutoroinnin vastuutiimit, organisoi perehdytysviikon kokonaisuuden ja varmistaa puputapahtumien onnistuneen toteutuksen. Lis\u00e4ksi sopon vastuulla on my\u00f6s KTM-tutorointi ja sen kehitt\u00e4minen, joten pestiss\u00e4 on jatkuvasti monta rautaa tulessa. Tutortiimiss\u00e4 apuna on Turun KY:n kv-vastaava, joten yksin ei hommia joudu hoitamaan.<\/span><\/p>\n<p><span style=\"font-weight: 400;\">Sosiaalipoliittisen vastaavan onkin siis hyv\u00e4 olla kekseli\u00e4s, kokeilunhaluinen ja vaikuttamisesta kiinnostunut sek\u00e4 valmiina pit\u00e4m\u00e4\u00e4n opiskelijoiden puolia p\u00e4\u00e4t\u00f6ksenteossa.\u00a0<\/span><\/p>\n<p><span style=\"font-weight: 400;\">Jos jokin sosiaalipoliittisen vastaavan pestiss\u00e4 mietitytt\u00e4\u00e4, voit laittaa viesti\u00e4 sopo@tuky.fi.<\/span><\/p>\n<p><br style=\"font-weight: 400;\" \/><\/p>\n<h4 class=\"Normal\"><span class=\"Normal__Char\" style=\"color: #000000;\">Kysymykset:<\/span><\/h4>\n<p><span class=\"Normal__Char\" style=\"color: #000000;\"><\/span><\/p>\n<p class=\"Normal\"><strong><span class=\"Normal__Char\">Yleiset:<\/span><\/strong><\/p>\n<ol>\n<li style=\"font-weight: 400;\" aria-level=\"1\"><span style=\"font-weight: 400;\">Nimi ja vuosikurssi<\/span><\/li>\n<li style=\"font-weight: 400;\" aria-level=\"1\"><span style=\"font-weight: 400;\">Aktiivisuutesi Turun KY:ll\u00e4 ja muut aiemmat luottamustoimet?<\/span><\/li>\n<li style=\"font-weight: 400;\" aria-level=\"1\"><span style=\"font-weight: 400;\">Ensi vuoden suunnitelmasi (ts. muut mahdolliset p\u00e4\u00e4llekk\u00e4iset projektit)<\/span><\/li>\n<\/ol>\n<p><span style=\"font-weight: 400;\"><\/span><\/p>\n<p><strong>Sektorikohtaiset:<\/strong><\/p>\n<ol>\n<li style=\"font-weight: 400;\" aria-level=\"1\"><span style=\"font-weight: 400;\">Tutortiimi on toiminut sopon tukena nyt viimeiset kolme vuotta, mik\u00e4 on v\u00e4hent\u00e4nyt merkitt\u00e4v\u00e4sti tutoroinnin kuormittavuutta. Tutortoiminta on kuitenkin laajentunut (esimerkiksi 2025 alkanut KV-KTK -linja), miten l\u00e4htisit kehitt\u00e4m\u00e4\u00e4n tutorointia, jotta kaikilla pupuilla olisi samanlainen mahdollisuus tutustua ja osallistua TuKYn toimintaan?<\/span><\/li>\n<li style=\"font-weight: 400;\" aria-level=\"1\"><span style=\"font-weight: 400;\">EVAn toiminnan keski\u00f6ss\u00e4 on vahva edunvalvonta. Viimeisen parin vuoden aikana EVAa on haluttu tuoda n\u00e4kyv\u00e4mm\u00e4ksi kuntalaisille esimerkiksi uusien tapahtumakonseptien my\u00f6t\u00e4. Miten jatkaisit EVAn kehitt\u00e4mist\u00e4 tapahtumanj\u00e4rjest\u00e4j\u00e4n\u00e4? Miten tasapainottaisit EVAn roolia edunvalvonnan ja tapahtumien j\u00e4rjest\u00e4misen v\u00e4lill\u00e4?\u00a0<\/span><\/li>\n<li style=\"font-weight: 400;\" aria-level=\"1\"><span style=\"font-weight: 400;\">Terve Mieli-hankkeen strategiaa aletaan kehitt\u00e4m\u00e4\u00e4n ty\u00f6ryhm\u00e4n avulla vuonna 2026. Miten sin\u00e4 n\u00e4et hankkeen tulevaisuuden ja miten sit\u00e4 mielest\u00e4si voisi kehitt\u00e4\u00e4?<\/span><\/li>\n<li style=\"font-weight: 400;\" aria-level=\"1\"><span style=\"font-weight: 400;\">Sopon teht\u00e4vi\u00e4 ovat tutoroinnin hoitaminen, EVAn puheenjohtaminen sek\u00e4 Terve Mieli -hankkeen kehitt\u00e4minen. Teht\u00e4v\u00e4\u00e4 on siis paljon, mit\u00e4 priorisoisit itse sopona? Miksi?<\/span><\/li>\n<\/ol>\n<p>[\/et_pb_text][\/et_pb_column][et_pb_column type=&#8221;1_4&#8243; _builder_version=&#8221;4.16&#8243; custom_padding=&#8221;|||&#8221; global_colors_info=&#8221;{}&#8221; custom_padding__hover=&#8221;|||&#8221;][et_pb_team_member name=&#8221;Anni Sepp\u00e4l\u00e4&#8221; position=&#8221;Sosiaalipoliittinen vastaava&#8221; image_url=&#8221;https:\/\/www.tuky.fi\/wp-content\/uploads\/2025\/03\/Anni-Seppala.jpeg&#8221; _builder_version=&#8221;4.27.4&#8243; header_text_color=&#8221;#000000&#8243; hover_enabled=&#8221;0&#8243; global_colors_info=&#8221;{}&#8221; title_text=&#8221;Anni Sepp\u00e4l\u00e4&#8221; sticky_enabled=&#8221;0&#8243;]<\/p>\n<p>sopo@tuky.fi<\/p>\n<p>[\/et_pb_team_member][\/et_pb_column][\/et_pb_row][et_pb_row column_structure=&#8221;3_4,1_4&#8243; _builder_version=&#8221;4.16&#8243; global_colors_info=&#8221;{}&#8221;][et_pb_column type=&#8221;3_4&#8243; _builder_version=&#8221;4.16&#8243; custom_padding=&#8221;|||&#8221; global_colors_info=&#8221;{}&#8221; custom_padding__hover=&#8221;|||&#8221;][et_pb_text _builder_version=&#8221;4.27.4&#8243; hover_enabled=&#8221;0&#8243; global_colors_info=&#8221;{}&#8221; sticky_enabled=&#8221;0&#8243;]<\/p>\n<h1>Head of Social Affairs\u00a0<\/h1>\n<p>&nbsp;<\/p>\n<h4><span style=\"color: #000000;\">What does my board position include?<\/span><\/h4>\n<p><span style=\"color: #000000;\"><\/span><\/p>\n<p><span style=\"font-weight: 400;\">The social affairs sector can be divided into two main operational tasks:\u00a0 being the chair of the Committee for Social and Educational affairs (EVA) and organizing tutoring on. EVA meets weekly and organises events and campaigns, and also intervenes in issues of our study environment, courses and treatment of students. As the chair of EVA the Head of Social Affairs (SOPO) ensures that our students are heard in the decision making of Turku School of Economics (TSE). SOPO is responsible for the advocacy work in all matters regarding social affairs and for that is the student representative in several committees at TSE and The Student Union of the University of Turku.<\/span><\/p>\n<p><span style=\"font-weight: 400;\">In addition to advocacy work, one of EVA\u2019s largest and most visible projects is the Terve Mieli-project (eng. Healthy Mind), which focuses on student\u2019s mental health and coping. In the coming year there will be a Terve Mieli -work group that will help SOPO and EVA with the project. The Terve Mieli -work group has the aim to develop the project and plan a strategy for the future of the project. This will hopefully reduce the workload of SOPO as the working group will operate with mandated positions and the preceding SOPO is the chair of the group. However, the work of the group will most likely extend into 2027 when the chair of the group would be the SOPO of 2026. The operative functions of Terve Mieli -project, such as organising events, will continue to be the responsibility of EVA.<\/span><\/p>\n<p><span style=\"font-weight: 400;\">Together with a representative from TSE\u2019s Office for Academic and Student Affairs, SOPO handles the application process and selection of tutors and is involved in the planning of the orientation week. With the Tutorteam of Turun KY, SOPO organizes training sessions for tutor on behalf of TuKY, onboarding of Tutor responsibility teams, and organizes the orientation week as a whole and ensures that the bunny events are successful. In addition, SOPO is responsible for the Finnish master degree student\u2019s tutoring and its development, so the SOPO has many hats to wear. The Head of International Affairs of TuKY is also part of the tutor team, so there is no need to handle the work load alone.<\/span><\/p>\n<p><span style=\"font-weight: 400;\">The Head of Social Affairs would benefit from being inventive, experimental and interested in advocacy work and ready to stand on the students&#8217; side in decision-making of TSE.<\/span><\/p>\n<p><span style=\"font-weight: 400;\">If there are any questions regarding the position of Head of Social Affairs at TuKY, feel free to contact me at <\/span><a href=\"mailto:sopo@tuky.fi\"><span style=\"font-weight: 400;\">sopo@tuky.fi<\/span><\/a><span style=\"font-weight: 400;\">.<\/span><\/p>\n<p><br style=\"font-weight: 400;\" \/><br style=\"font-weight: 400;\" \/><\/p>\n<h4 class=\"Normal\"><span class=\"Normal__Char\" style=\"color: #000000;\">Questions:<\/span><\/h4>\n<p><span class=\"Normal__Char\" style=\"color: #000000;\"><\/span><\/p>\n<p class=\"Normal\"><strong><span class=\"Normal__Char\">General:<\/span><\/strong><\/p>\n<ol>\n<li><span>Your name and class? <\/span><\/li>\n<li><span>Your activity within Turun KY and other previous positions of trust:<\/span><\/li>\n<li><span>Your plans for the upcoming year (i.e. any other potential overlapping projects):<\/span><\/li>\n<\/ol>\n<p><span><\/span><\/p>\n<p><strong>Sector-specific:<\/strong><\/p>\n<ol>\n<li style=\"font-weight: 400;\" aria-level=\"1\"><span style=\"font-weight: 400;\">The Tutorteam has been supporting SOPO for the past three years, which has significantly reduced the burden of tutoring. However, tutoring has expanded (for example the International Bachelors degree programme), how would you go about developing tutoring so that all bunnies would have the same opportunities to get to know TuKY and participate in its activities?<\/span><\/li>\n<li style=\"font-weight: 400;\" aria-level=\"1\"><span style=\"font-weight: 400;\">Strong advocacy work is the core of EVA\u2019s operations. Over the past years, there has been efforts made to make EVA more visible for student, for example through new event concepts. How would you continue to develop EVA as an event organizer? How would you balance the role of EVA between advocacy and organizing events?<\/span><\/li>\n<li style=\"font-weight: 400;\" aria-level=\"1\"><span style=\"font-weight: 400;\">A strategy for the Terve Mieli -project will be developed with the help of a working group in 2026. How do you see the future of the project and how do you think it could be developed further?<\/span><\/li>\n<li style=\"font-weight: 400;\" aria-level=\"1\"><span style=\"font-weight: 400;\">SOPO\u2019s duties include tutoring, chairing EVA and developing the Terve Mieli -project. There is a lot to be done, what would you prioritize as a SOPO yourself? Why is that?<\/span><\/li>\n<\/ol>\n<p>[\/et_pb_text][\/et_pb_column][et_pb_column type=&#8221;1_4&#8243; _builder_version=&#8221;4.16&#8243; custom_padding=&#8221;|||&#8221; global_colors_info=&#8221;{}&#8221; custom_padding__hover=&#8221;|||&#8221;][et_pb_team_member name=&#8221;Anni Sepp\u00e4l\u00e4&#8221; position=&#8221;Head of Social Affairs &#8221; image_url=&#8221;https:\/\/www.tuky.fi\/wp-content\/uploads\/2025\/03\/Anni-Seppala.jpeg&#8221; _builder_version=&#8221;4.27.4&#8243; header_text_color=&#8221;#000000&#8243; hover_enabled=&#8221;0&#8243; global_colors_info=&#8221;{}&#8221; title_text=&#8221;Anni Sepp\u00e4l\u00e4&#8221; sticky_enabled=&#8221;0&#8243;]<\/p>\n<p>sopo@tuky.fi<\/p>\n<p>[\/et_pb_team_member][\/et_pb_column][\/et_pb_row][\/et_pb_section]<\/p>\n","protected":false},"excerpt":{"rendered":"<p>In English below.Sosiaalipoliittinen vastaava &nbsp; Mit\u00e4 hallituspestiini kuuluu? Sosiaalipoliittisen vastaavan sektoriin kuuluu kaksi toisistaan erilaista ja laajaa kokonaisuutta: Edunvalvontajaoston puheenjohtaminen sek\u00e4 tutorointi.\u00a0 Edunvalvontajaosto kokoustaa viikoittain, j\u00e4rjest\u00e4\u00e4 tapahtumia ja kampanjoita sek\u00e4 [&hellip;]<\/p>\n","protected":false},"author":1,"featured_media":15882,"parent":0,"menu_order":9,"comment_status":"open","ping_status":"open","template":"","meta":{"_et_pb_use_builder":"on","_et_pb_old_content":"\u00a0\r\n\r\n[caption id=\"attachment_17164\" align=\"aligncenter\" width=\"230\"]<img class=\"wp-image-17164\" src=\"http:\/\/turunky.fi\/wordpress\/wp-content\/uploads\/2011\/08\/Inka-netti-748x1024.jpg\" alt=\"Inka_netti\" width=\"230\" height=\"315\" \/> Inka Helaniemi[\/caption]\r\n\r\n\u00a0\r\n\r\n<strong>Mit\u00e4 hallituspestiini kuuluu?<\/strong>\r\n\r\nOlen yksi Turun KY:n hallituksessa istuvista jaostopuheenjohtajista ja vastuualueitani ovat tutorointi sek\u00e4 sosiaalipoliittiset asiat.\r\n\r\nSopona olen mukana valitsemassa tutoreita tuleville pupuille yhdess\u00e4 opintotoimiston edustajien kanssa. Opintotoimisto j\u00e4rjest\u00e4\u00e4 tutorkoulutukset TuKKK:n puolesta, sosiaalipoliittinen vastaava\u00a0Turun KY:n puolesta. Koordinoin my\u00f6s puputapahtumien j\u00e4rjest\u00e4mist\u00e4.\r\n\r\nEdunvalvontajaoston kanssa j\u00e4rjest\u00e4mme hyvinvointia edist\u00e4vi\u00e4 tempauksia ja rentoja tapahtumia. J\u00e4rjest\u00e4mme my\u00f6s kampanjoita t\u00e4rkeist\u00e4 aiheista ja koulutuspoliittisen vastaavan johdolla huolehdimme koulutuksen sujuvuudesta ja tenttiarkiston p\u00e4ivitt\u00e4misest\u00e4.\r\n\r\nSosiaalipoliittisena vastaavana edustan opiskelijoita my\u00f6s eri toimikunnissa ja ty\u00f6ryhmiss\u00e4 niin koululla kuin TYY:ll\u00e4kin.\r\n\r\nMik\u00e4li sinulla on kysytt\u00e4v\u00e4\u00e4 hallituspestiini liittyen, voit laittaa s\u00e4hk\u00f6postia osoitteeseen <a href=\"mailto:sopo@tuky.fi\">sopo@tuky.fi<\/a>.\r\n\r\n[separator]\r\n\r\n<strong>Kysymykset:<\/strong>\r\n\r\nYleiset:\r\n\r\n1. Nimi ja vuosikurssi\r\n2. Aktiivisuutesi Turun KY:ll\u00e4 ja muut aiemmat luottamustoimet?\r\n3. Ensi vuoden suunnitelmasi\u00a0(ts. muut mahdolliset p\u00e4\u00e4llekk\u00e4iset projektit)\r\n\r\nSektorikohtaiset:\r\n\r\n1. Miten parantaisit EVAn tapahtumatarjontaa? Mit\u00e4 poistaisit tai mit\u00e4 lis\u00e4isit?\r\n2. Miten kehitt\u00e4isit tutorointia vuonna 2017?\r\n3. Mihin suuntaan haluaisit kehitt\u00e4\u00e4 Hyvinvointip\u00e4ivi\u00e4?\r\n4. Mihin pieneen tai suureen ep\u00e4kohtaan koulussamme haluaisit puuttua uudella kampanjalla?\r\n\r\n\u00a0","_et_gb_content_width":"","footnotes":""},"class_list":["post-12457","page","type-page","status-publish","has-post-thumbnail","hentry"],"yoast_head":"<!-- This site is optimized with the Yoast SEO plugin v27.2 - https:\/\/yoast.com\/product\/yoast-seo-wordpress\/ -->\n<title>Turun KY Sosiaalipoliittinen vastaava<\/title>\n<meta name=\"robots\" content=\"index, follow, max-snippet:-1, max-image-preview:large, max-video-preview:-1\" \/>\n<link rel=\"canonical\" href=\"https:\/\/www.tuky.fi\/etusivu\/hyvinvointi-ja-tutorointivastaava\/\" \/>\n<meta property=\"og:locale\" content=\"fi_FI\" \/>\n<meta property=\"og:type\" content=\"article\" \/>\n<meta property=\"og:title\" content=\"Turun KY Sosiaalipoliittinen vastaava\" \/>\n<meta property=\"og:description\" content=\"In English below.Sosiaalipoliittinen vastaava &nbsp; Mit\u00e4 hallituspestiini kuuluu? Sosiaalipoliittisen vastaavan sektoriin kuuluu kaksi toisistaan erilaista ja laajaa kokonaisuutta: Edunvalvontajaoston puheenjohtaminen sek\u00e4 tutorointi.\u00a0 Edunvalvontajaosto kokoustaa viikoittain, j\u00e4rjest\u00e4\u00e4 tapahtumia ja kampanjoita sek\u00e4 [&hellip;]\" \/>\n<meta property=\"og:url\" content=\"https:\/\/www.tuky.fi\/etusivu\/hyvinvointi-ja-tutorointivastaava\/\" \/>\n<meta property=\"og:site_name\" content=\"Turun KY\" \/>\n<meta property=\"article:modified_time\" content=\"2026-04-08T11:37:29+00:00\" \/>\n<meta name=\"twitter:card\" content=\"summary_large_image\" \/>\n<meta name=\"twitter:label1\" content=\"Arvioitu lukuaika\" \/>\n\t<meta name=\"twitter:data1\" content=\"7 minuuttia\" \/>\n<script type=\"application\/ld+json\" class=\"yoast-schema-graph\">{\"@context\":\"https:\/\/schema.org\",\"@graph\":[{\"@type\":\"WebPage\",\"@id\":\"https:\/\/www.tuky.fi\/etusivu\/hyvinvointi-ja-tutorointivastaava\/\",\"url\":\"https:\/\/www.tuky.fi\/etusivu\/hyvinvointi-ja-tutorointivastaava\/\",\"name\":\"Turun KY Sosiaalipoliittinen vastaava\",\"isPartOf\":{\"@id\":\"https:\/\/www.tuky.fi\/etusivu\/#website\"},\"primaryImageOfPage\":{\"@id\":\"https:\/\/www.tuky.fi\/etusivu\/hyvinvointi-ja-tutorointivastaava\/#primaryimage\"},\"image\":{\"@id\":\"https:\/\/www.tuky.fi\/etusivu\/hyvinvointi-ja-tutorointivastaava\/#primaryimage\"},\"thumbnailUrl\":\"\",\"datePublished\":\"2014-10-27T16:14:39+00:00\",\"dateModified\":\"2026-04-08T11:37:29+00:00\",\"breadcrumb\":{\"@id\":\"https:\/\/www.tuky.fi\/etusivu\/hyvinvointi-ja-tutorointivastaava\/#breadcrumb\"},\"inLanguage\":\"fi\",\"potentialAction\":[{\"@type\":\"ReadAction\",\"target\":[\"https:\/\/www.tuky.fi\/etusivu\/hyvinvointi-ja-tutorointivastaava\/\"]}]},{\"@type\":\"ImageObject\",\"inLanguage\":\"fi\",\"@id\":\"https:\/\/www.tuky.fi\/etusivu\/hyvinvointi-ja-tutorointivastaava\/#primaryimage\",\"url\":\"\",\"contentUrl\":\"\"},{\"@type\":\"BreadcrumbList\",\"@id\":\"https:\/\/www.tuky.fi\/etusivu\/hyvinvointi-ja-tutorointivastaava\/#breadcrumb\",\"itemListElement\":[{\"@type\":\"ListItem\",\"position\":1,\"name\":\"Etusivu\",\"item\":\"https:\/\/www.tuky.fi\/etusivu\/\"},{\"@type\":\"ListItem\",\"position\":2,\"name\":\"Sosiaalipoliittinen vastaava\"}]},{\"@type\":\"WebSite\",\"@id\":\"https:\/\/www.tuky.fi\/etusivu\/#website\",\"url\":\"https:\/\/www.tuky.fi\/etusivu\/\",\"name\":\"Turun KY\",\"description\":\"TuKY\",\"publisher\":{\"@id\":\"https:\/\/www.tuky.fi\/etusivu\/#organization\"},\"alternateName\":\"TuKY\",\"potentialAction\":[{\"@type\":\"SearchAction\",\"target\":{\"@type\":\"EntryPoint\",\"urlTemplate\":\"https:\/\/www.tuky.fi\/etusivu\/?s={search_term_string}\"},\"query-input\":{\"@type\":\"PropertyValueSpecification\",\"valueRequired\":true,\"valueName\":\"search_term_string\"}}],\"inLanguage\":\"fi\"},{\"@type\":\"Organization\",\"@id\":\"https:\/\/www.tuky.fi\/etusivu\/#organization\",\"name\":\"Turun KY\",\"alternateName\":\"TuKY\",\"url\":\"https:\/\/www.tuky.fi\/etusivu\/\",\"logo\":{\"@type\":\"ImageObject\",\"inLanguage\":\"fi\",\"@id\":\"https:\/\/www.tuky.fi\/etusivu\/#\/schema\/logo\/image\/\",\"url\":\"https:\/\/www.tuky.fi\/wp-content\/uploads\/2024\/09\/TuKY-logo-kulta-1.png\",\"contentUrl\":\"https:\/\/www.tuky.fi\/wp-content\/uploads\/2024\/09\/TuKY-logo-kulta-1.png\",\"width\":1080,\"height\":1080,\"caption\":\"Turun KY\"},\"image\":{\"@id\":\"https:\/\/www.tuky.fi\/etusivu\/#\/schema\/logo\/image\/\"},\"sameAs\":[\"https:\/\/instagram.com\/turunky\",\"https:\/\/linkedin.com\/turunky\"]}]}<\/script>\n<!-- \/ Yoast SEO plugin. -->","yoast_head_json":{"title":"Turun KY Sosiaalipoliittinen vastaava","robots":{"index":"index","follow":"follow","max-snippet":"max-snippet:-1","max-image-preview":"max-image-preview:large","max-video-preview":"max-video-preview:-1"},"canonical":"https:\/\/www.tuky.fi\/etusivu\/hyvinvointi-ja-tutorointivastaava\/","og_locale":"fi_FI","og_type":"article","og_title":"Turun KY Sosiaalipoliittinen vastaava","og_description":"In English below.Sosiaalipoliittinen vastaava &nbsp; Mit\u00e4 hallituspestiini kuuluu? Sosiaalipoliittisen vastaavan sektoriin kuuluu kaksi toisistaan erilaista ja laajaa kokonaisuutta: Edunvalvontajaoston puheenjohtaminen sek\u00e4 tutorointi.\u00a0 Edunvalvontajaosto kokoustaa viikoittain, j\u00e4rjest\u00e4\u00e4 tapahtumia ja kampanjoita sek\u00e4 [&hellip;]","og_url":"https:\/\/www.tuky.fi\/etusivu\/hyvinvointi-ja-tutorointivastaava\/","og_site_name":"Turun KY","article_modified_time":"2026-04-08T11:37:29+00:00","twitter_card":"summary_large_image","twitter_misc":{"Arvioitu lukuaika":"7 minuuttia"},"schema":{"@context":"https:\/\/schema.org","@graph":[{"@type":"WebPage","@id":"https:\/\/www.tuky.fi\/etusivu\/hyvinvointi-ja-tutorointivastaava\/","url":"https:\/\/www.tuky.fi\/etusivu\/hyvinvointi-ja-tutorointivastaava\/","name":"Turun KY Sosiaalipoliittinen vastaava","isPartOf":{"@id":"https:\/\/www.tuky.fi\/etusivu\/#website"},"primaryImageOfPage":{"@id":"https:\/\/www.tuky.fi\/etusivu\/hyvinvointi-ja-tutorointivastaava\/#primaryimage"},"image":{"@id":"https:\/\/www.tuky.fi\/etusivu\/hyvinvointi-ja-tutorointivastaava\/#primaryimage"},"thumbnailUrl":"","datePublished":"2014-10-27T16:14:39+00:00","dateModified":"2026-04-08T11:37:29+00:00","breadcrumb":{"@id":"https:\/\/www.tuky.fi\/etusivu\/hyvinvointi-ja-tutorointivastaava\/#breadcrumb"},"inLanguage":"fi","potentialAction":[{"@type":"ReadAction","target":["https:\/\/www.tuky.fi\/etusivu\/hyvinvointi-ja-tutorointivastaava\/"]}]},{"@type":"ImageObject","inLanguage":"fi","@id":"https:\/\/www.tuky.fi\/etusivu\/hyvinvointi-ja-tutorointivastaava\/#primaryimage","url":"","contentUrl":""},{"@type":"BreadcrumbList","@id":"https:\/\/www.tuky.fi\/etusivu\/hyvinvointi-ja-tutorointivastaava\/#breadcrumb","itemListElement":[{"@type":"ListItem","position":1,"name":"Etusivu","item":"https:\/\/www.tuky.fi\/etusivu\/"},{"@type":"ListItem","position":2,"name":"Sosiaalipoliittinen vastaava"}]},{"@type":"WebSite","@id":"https:\/\/www.tuky.fi\/etusivu\/#website","url":"https:\/\/www.tuky.fi\/etusivu\/","name":"Turun KY","description":"TuKY","publisher":{"@id":"https:\/\/www.tuky.fi\/etusivu\/#organization"},"alternateName":"TuKY","potentialAction":[{"@type":"SearchAction","target":{"@type":"EntryPoint","urlTemplate":"https:\/\/www.tuky.fi\/etusivu\/?s={search_term_string}"},"query-input":{"@type":"PropertyValueSpecification","valueRequired":true,"valueName":"search_term_string"}}],"inLanguage":"fi"},{"@type":"Organization","@id":"https:\/\/www.tuky.fi\/etusivu\/#organization","name":"Turun KY","alternateName":"TuKY","url":"https:\/\/www.tuky.fi\/etusivu\/","logo":{"@type":"ImageObject","inLanguage":"fi","@id":"https:\/\/www.tuky.fi\/etusivu\/#\/schema\/logo\/image\/","url":"https:\/\/www.tuky.fi\/wp-content\/uploads\/2024\/09\/TuKY-logo-kulta-1.png","contentUrl":"https:\/\/www.tuky.fi\/wp-content\/uploads\/2024\/09\/TuKY-logo-kulta-1.png","width":1080,"height":1080,"caption":"Turun KY"},"image":{"@id":"https:\/\/www.tuky.fi\/etusivu\/#\/schema\/logo\/image\/"},"sameAs":["https:\/\/instagram.com\/turunky","https:\/\/linkedin.com\/turunky"]}]}},"lang":"fi","translations":{"fi":12457},"pll_sync_post":[],"_links":{"self":[{"href":"https:\/\/www.tuky.fi\/etusivu\/wp-json\/wp\/v2\/pages\/12457","targetHints":{"allow":["GET"]}}],"collection":[{"href":"https:\/\/www.tuky.fi\/etusivu\/wp-json\/wp\/v2\/pages"}],"about":[{"href":"https:\/\/www.tuky.fi\/etusivu\/wp-json\/wp\/v2\/types\/page"}],"author":[{"embeddable":true,"href":"https:\/\/www.tuky.fi\/etusivu\/wp-json\/wp\/v2\/users\/1"}],"replies":[{"embeddable":true,"href":"https:\/\/www.tuky.fi\/etusivu\/wp-json\/wp\/v2\/comments?post=12457"}],"version-history":[{"count":1,"href":"https:\/\/www.tuky.fi\/etusivu\/wp-json\/wp\/v2\/pages\/12457\/revisions"}],"predecessor-version":[{"id":53158,"href":"https:\/\/www.tuky.fi\/etusivu\/wp-json\/wp\/v2\/pages\/12457\/revisions\/53158"}],"wp:featuredmedia":[{"embeddable":true,"href":"https:\/\/www.tuky.fi\/etusivu\/wp-json\/"}],"wp:attachment":[{"href":"https:\/\/www.tuky.fi\/etusivu\/wp-json\/wp\/v2\/media?parent=12457"}],"curies":[{"name":"wp","href":"https:\/\/api.w.org\/{rel}","templated":true}]}}