{"id":12452,"date":"2014-10-27T18:12:55","date_gmt":"2014-10-27T16:12:55","guid":{"rendered":"http:\/\/tuky.fi\/?page_id=12452"},"modified":"2026-04-08T14:37:28","modified_gmt":"2026-04-08T11:37:28","slug":"kansainvalisten-asioiden-vastaava","status":"publish","type":"page","link":"https:\/\/www.tuky.fi\/etusivu\/kansainvalisten-asioiden-vastaava\/","title":{"rendered":"Kansainv\u00e4listen asioiden vastaava"},"content":{"rendered":"<p>[et_pb_section fb_built=&#8221;1&#8243; admin_label=&#8221;section&#8221; _builder_version=&#8221;4.16&#8243; global_colors_info=&#8221;{}&#8221;][et_pb_row _builder_version=&#8221;4.27.4&#8243; _module_preset=&#8221;default&#8221; global_colors_info=&#8221;{}&#8221;][et_pb_column type=&#8221;4_4&#8243; _builder_version=&#8221;4.27.4&#8243; _module_preset=&#8221;default&#8221; global_colors_info=&#8221;{}&#8221;][et_pb_text _builder_version=&#8221;4.27.4&#8243; _module_preset=&#8221;default&#8221; global_colors_info=&#8221;{}&#8221;]<\/p>\n<p>In English below.<\/p>\n<p>[\/et_pb_text][\/et_pb_column][\/et_pb_row][et_pb_row column_structure=&#8221;3_4,1_4&#8243; _builder_version=&#8221;4.16&#8243; global_colors_info=&#8221;{}&#8221; custom_padding=&#8221;||103px|||&#8221;][et_pb_column type=&#8221;3_4&#8243; _builder_version=&#8221;4.16&#8243; custom_padding=&#8221;|||&#8221; global_colors_info=&#8221;{}&#8221; custom_padding__hover=&#8221;|||&#8221;][et_pb_text _builder_version=&#8221;4.27.4&#8243; text_text_color=&#8221;#000000&#8243; header_text_color=&#8221;#000000&#8243; global_colors_info=&#8221;{}&#8221;]<\/p>\n<h1><span style=\"color: #000000;\">Kansainv\u00e4listen asioiden vastaava<\/span><\/h1>\n<p><span style=\"color: #000000;\">\u00a0<\/span><\/p>\n<h4><span style=\"color: #000000;\">Mit\u00e4 hallituspestiini kuuluu?<\/span><\/h4>\n<p><span style=\"color: #000000;\"><\/span><\/p>\n<p><span style=\"font-weight: 400;\">Turun KY:n kansainv\u00e4listen asioiden vastaava huolehtii yhdistyksen ja sen j\u00e4senten kansainv\u00e4lisyyden yll\u00e4pit\u00e4misest\u00e4 ja kehitt\u00e4misest\u00e4. KV-vastaava on vastuussa Turun kauppakorkeakoulussa opiskelevien kansainv\u00e4listen opiskelijoiden edunvalvonnasta sek\u00e4 p\u00e4\u00e4vastuussa heid\u00e4n integraatiosta TuKYyn. N\u00e4iden lis\u00e4ksi kansainv\u00e4listen asioiden vastaava huolehtii tutkinto-opiskelijoiden kotikansainv\u00e4listymisest\u00e4. KV-vastaava on vastuussa my\u00f6s tukyevents-Instagramista.\u00a0<\/span><\/p>\n<p><span style=\"font-weight: 400;\">KV-vastaava toimii my\u00f6s CIA TuKYn puheenjohtajana. CIA TuKYn teht\u00e4v\u00e4 on tarjota yhdistyksen j\u00e4senille mahdollisuuksia kansainv\u00e4listymiseen. CIA TuKY tuo tutkinto-opiskelijoita ja kansainv\u00e4lisi\u00e4 opiskelijoita yhteen esimerkiksi erilaisten englanninkielisten tapahtumien parissa. Lis\u00e4ksi vaihto- ja harjoittelumahdollisuuksista tiedottaminen tapahtuu CIA TuKYn kautta.<\/span><\/p>\n<p><span style=\"font-weight: 400;\">KV-vastaava toimii my\u00f6s Turun KY:n KV-tutorvastaavana ja huolehtii t\u00e4ll\u00f6in kauppakorkeakoulun vaihto-opiskelijoiden tutoroinnista sek\u00e4 orientaatioviikon tapahtumista yhdess\u00e4 sosiaalipoliittisen vastaavan kanssa.\u00a0<\/span><\/p>\n<p><span style=\"font-weight: 400;\">Mik\u00e4li tulee kysytt\u00e4v\u00e4\u00e4 hallituspestiini liittyen, voit laittaa s\u00e4hk\u00f6postia international@tuky.fi.<\/span><\/p>\n<p><span style=\"color: #000000;\"><br style=\"font-weight: 400;\" \/><br style=\"font-weight: 400;\" \/><\/span><\/p>\n<h4><span style=\"color: #000000;\"><b>Kysymykset:<\/b><\/span><span style=\"color: #000000;\"><b><\/b><\/span><\/h4>\n<p><span style=\"color: #000000;\"><strong>Yleiset:<\/strong><\/span><\/p>\n<ol>\n<li><span>Nimi ja vuosikurssi:<\/span><\/li>\n<li><span>Aktiivisuutesi Turun KY:ll\u00e4 ja muut aiemmat luottamustoimet:<\/span><\/li>\n<li><span>Ensi vuoden suunnitelmasi (ts. muut mahdolliset p\u00e4\u00e4llekk\u00e4iset projektit):<\/span><\/li>\n<\/ol>\n<p><span style=\"font-weight: 400; color: #000000;\"><\/span><\/p>\n<p><span style=\"color: #000000;\"><strong>Sektorikohtaiset:<\/strong><\/span><span style=\"font-weight: 400; color: #000000;\"><\/span><\/p>\n<ol>\n<li style=\"font-weight: 400;\" aria-level=\"1\"><span style=\"font-weight: 400;\">Miten lis\u00e4isit kansainv\u00e4listen opiskelijoiden integroitumista TuKYyn?<\/span><\/li>\n<li style=\"font-weight: 400;\" aria-level=\"1\"><span style=\"font-weight: 400;\">\u00a0Mitk\u00e4 ovat mielest\u00e4si KV-sektorin suurimpia haasteita ja miten l\u00e4htisit ratkaisemaan niit\u00e4?<\/span><\/li>\n<li style=\"font-weight: 400;\" aria-level=\"1\"><span style=\"font-weight: 400;\">\u00a0Kerro oma n\u00e4kemyksesi siit\u00e4, miten l\u00e4htisit kehitt\u00e4m\u00e4\u00e4n CIA TuKYn toimintaa vuonna 2026.<\/span><\/li>\n<\/ol>\n<p>[\/et_pb_text][\/et_pb_column][et_pb_column type=&#8221;1_4&#8243; _builder_version=&#8221;4.16&#8243; custom_padding=&#8221;|||&#8221; global_colors_info=&#8221;{}&#8221; custom_padding__hover=&#8221;|||&#8221;][et_pb_team_member name=&#8221;Samuli Koskenneva&#8221; position=&#8221;KV-vastaava&#8221; image_url=&#8221;https:\/\/www.tuky.fi\/wp-content\/uploads\/2025\/03\/Samuli-Koskeneva-scaled.jpg&#8221; _builder_version=&#8221;4.27.4&#8243; header_text_color=&#8221;#000000&#8243; global_colors_info=&#8221;{}&#8221;]<\/p>\n<p>international@tuky.fi<\/p>\n<p>[\/et_pb_team_member][\/et_pb_column][\/et_pb_row][et_pb_row column_structure=&#8221;3_4,1_4&#8243; _builder_version=&#8221;4.16&#8243; global_colors_info=&#8221;{}&#8221;][et_pb_column type=&#8221;3_4&#8243; _builder_version=&#8221;4.16&#8243; custom_padding=&#8221;|||&#8221; global_colors_info=&#8221;{}&#8221; custom_padding__hover=&#8221;|||&#8221;][et_pb_text _builder_version=&#8221;4.27.4&#8243; text_text_color=&#8221;#000000&#8243; header_text_color=&#8221;#000000&#8243; global_colors_info=&#8221;{}&#8221;]<\/p>\n<h1><span style=\"color: #000000;\">Head of International Affairs<\/span><\/h1>\n<p><span style=\"color: #000000;\">\u00a0<\/span><\/p>\n<h4><span style=\"color: #000000;\">What does my board position include?<\/span><\/h4>\n<p><span style=\"color: #000000;\"><\/span><\/p>\n<p><span style=\"font-weight: 400;\">The Head of International Affairs of Turun KY is responsible for maintaining and developing the international dimension of the association and its members. The Head of International Affairs oversees the advocacy and integration of international students studying at Turku School of Economics into TuKY. In addition, the Head of International Affairs promotes internationalisation at home among degree students. The Head of International Affairs is also responsible for the Tukyevents Instagram account.<\/span><\/p>\n<p><span style=\"font-weight: 400;\">The Head of International affairs serves as the Chair of CIA TuKY. The purpose of CIA TuKY is to provide members of the association with opportunities to engage in international activities. CIA TuKY brings together degree students and international students through various English-language events. It is also responsible for communicating about exchange and internship opportunities.<\/span><\/p>\n<p><span style=\"font-weight: 400;\">Furthermore, the Head of International Affairs acts as Turun KY\u2019s Tutor Coordinator for international tutoring, taking care of the tutoring of exchange students and international degree students at the School of Economics and organizing events during the orientation week in cooperation with the Head of Social Affairs.<\/span><\/p>\n<p><span style=\"font-weight: 400;\">If you have any questions regarding my position, feel free to send an email to international@tuky.fi.<\/span><\/p>\n<p><span style=\"color: #000000;\"><br style=\"font-weight: 400;\" \/><br style=\"font-weight: 400;\" \/><\/span><\/p>\n<h4><span style=\"color: #000000;\"><b>Questions:<\/b><\/span><span style=\"color: #000000;\"><b><\/b><\/span><\/h4>\n<p><span style=\"color: #000000;\"><strong>General:<\/strong><\/span><\/p>\n<ol>\n<li style=\"font-weight: 400;\"><span>Your name and class? <\/span><\/li>\n<li style=\"font-weight: 400;\"><span>Your activity within Turun KY and other previous positions of trust:<\/span><\/li>\n<li style=\"font-weight: 400;\"><span>Your plans for the upcoming year (i.e. any other potential overlapping projects):<\/span><\/li>\n<\/ol>\n<p><span style=\"font-weight: 400; color: #000000;\"><\/span><\/p>\n<p><span style=\"color: #000000;\"><strong>Sector-specific:<\/strong><\/span><span style=\"font-weight: 400; color: #000000;\"><\/span><\/p>\n<ol>\n<li style=\"font-weight: 400;\" aria-level=\"1\"><span style=\"font-weight: 400;\">How would you increase the integration of international students into TuKY?<\/span><span style=\"font-weight: 400;\"><br \/><\/span><\/li>\n<li style=\"font-weight: 400;\" aria-level=\"1\"><span style=\"font-weight: 400;\">What do you see as the biggest challenges of the international affairs sector, and how would you address them?<\/span><span style=\"font-weight: 400;\"><br \/><\/span><\/li>\n<li style=\"font-weight: 400;\" aria-level=\"1\"><span style=\"font-weight: 400;\">Share your vision for how you would develop CIA TuKY\u2019s activities in 2026.<\/span><\/li>\n<\/ol>\n<p>[\/et_pb_text][\/et_pb_column][et_pb_column type=&#8221;1_4&#8243; _builder_version=&#8221;4.16&#8243; custom_padding=&#8221;|||&#8221; global_colors_info=&#8221;{}&#8221; custom_padding__hover=&#8221;|||&#8221;][et_pb_team_member name=&#8221;Samuli Koskenneva&#8221; position=&#8221;Head of International Affairs &#8221; image_url=&#8221;https:\/\/www.tuky.fi\/wp-content\/uploads\/2025\/03\/Samuli-Koskeneva-scaled.jpg&#8221; _builder_version=&#8221;4.27.4&#8243; header_text_color=&#8221;#000000&#8243; global_colors_info=&#8221;{}&#8221;]<\/p>\n<p>international@tuky.fi<\/p>\n<p>[\/et_pb_team_member][\/et_pb_column][\/et_pb_row][\/et_pb_section]<\/p>\n","protected":false},"excerpt":{"rendered":"<p>In English below.Kansainv\u00e4listen asioiden vastaava \u00a0 Mit\u00e4 hallituspestiini kuuluu? Turun KY:n kansainv\u00e4listen asioiden vastaava huolehtii yhdistyksen ja sen j\u00e4senten kansainv\u00e4lisyyden yll\u00e4pit\u00e4misest\u00e4 ja kehitt\u00e4misest\u00e4. KV-vastaava on vastuussa Turun kauppakorkeakoulussa opiskelevien kansainv\u00e4listen [&hellip;]<\/p>\n","protected":false},"author":1,"featured_media":15881,"parent":0,"menu_order":3,"comment_status":"open","ping_status":"open","template":"","meta":{"_et_pb_use_builder":"on","_et_pb_old_content":"\u00a0\r\n\r\n[caption id=\"attachment_17686\" align=\"aligncenter\" width=\"230\"]<img class=\"wp-image-17686\" src=\"http:\/\/turunky.fi\/wordpress\/wp-content\/uploads\/2016\/02\/Minna-781x1024.jpg\" alt=\"Minna\" width=\"230\" height=\"301\" \/> Minna Goyal[\/caption]\r\n\r\n\u00a0\r\n<p style=\"text-align: left;\"><strong>Mit\u00e4 hallituspestiini kuuluu?<\/strong><\/p>\r\n<p style=\"text-align: left;\">Turun KY:n KV-vastaava vastaa yhdistyksen ja sen j\u00e4senten kansainv\u00e4lisyyden kehitt\u00e4misest\u00e4 sek\u00e4 Turun kauppakorkeakoulussa opiskelevien kansainv\u00e4listen opiskelijoiden edunvalvonnasta. H\u00e4n toimii yhdistyksen yhdyssiteen\u00e4 kansainv\u00e4lisiss\u00e4 asioissa sek\u00e4 kv-jaoston eli CIA TuKYn puheenjohtajana. Lis\u00e4ksi KV-vastaava toimii Turun KY:n kv-tutorvastaavana ja on my\u00f6s vastuussa maisterivaiheen opiskelijoiden huomioimisesta toiminnassa sek\u00e4 harjoitteluasioista. CIA TuKYn teht\u00e4v\u00e4 on tarjota yhdistyksen j\u00e4senille ev\u00e4it\u00e4 kansainv\u00e4listymiseen mm. infoamalla vaihto- ja harjoitteluasioista sek\u00e4 edist\u00e4m\u00e4ll\u00e4 kotikansainv\u00e4listymist\u00e4 tarjoten suomalaisille ja ei-suomalaisille opiskelijoille mahdollisuuksia kohdata opiskelijatoiminnan parissa.<\/p>\r\n<p style=\"text-align: left;\">Mik\u00e4li sinulla on kysytt\u00e4v\u00e4\u00e4 hallituspestiini liittyen, voit laittaa s\u00e4hk\u00f6postia osoitteeseen <a href=\"mailto:international@tuky.fi\">international@tuky.fi<\/a>.<\/p>\r\n[separator]\r\n\r\n<strong>Kysymykset<\/strong>\r\n\r\nYleiset:\r\n\r\n1. Nimi ja vuosikurssi\r\n2. Aktiivisuutesi Turun KY:ss\u00e4 ja muut aiemmat luottamustoimet?\r\n3. Ensi vuoden suunnitelmasi\u00a0(ts. muut mahdolliset p\u00e4\u00e4llekk\u00e4iset projektit)\r\n\r\nSektorikohtaiset:\r\n\r\n1. Mitk\u00e4 ovat KV-tutoroinnin suurimmat haasteet ja miten vastaisit n\u00e4ihin haasteisiin?\r\n2. Miten kehitt\u00e4isit kansainv\u00e4listen tutkinto-opiskelijoiden asemaa Turun KY:ss\u00e4?\r\n3. Suunnittele uusi suomalaisia opiskelijoita kansainv\u00e4listymiseen rohkaiseva tempaus\/projekti\/kampanja\/mik\u00e4 vain.\r\n4. Miten kehitt\u00e4isit Turun KY:n kehitysyhteisty\u00f6viikkoa?","_et_gb_content_width":"","footnotes":""},"class_list":["post-12452","page","type-page","status-publish","has-post-thumbnail","hentry"],"yoast_head":"<!-- This site is optimized with the Yoast SEO plugin v27.2 - https:\/\/yoast.com\/product\/yoast-seo-wordpress\/ -->\n<title>Turun KY Kansainv\u00e4listen asioiden vastaava<\/title>\n<meta name=\"robots\" content=\"index, follow, max-snippet:-1, max-image-preview:large, max-video-preview:-1\" \/>\n<link rel=\"canonical\" href=\"https:\/\/www.tuky.fi\/etusivu\/kansainvalisten-asioiden-vastaava\/\" \/>\n<meta property=\"og:locale\" content=\"fi_FI\" \/>\n<meta property=\"og:type\" content=\"article\" \/>\n<meta property=\"og:title\" content=\"Turun KY Kansainv\u00e4listen asioiden vastaava\" \/>\n<meta property=\"og:description\" content=\"In English below.Kansainv\u00e4listen asioiden vastaava \u00a0 Mit\u00e4 hallituspestiini kuuluu? Turun KY:n kansainv\u00e4listen asioiden vastaava huolehtii yhdistyksen ja sen j\u00e4senten kansainv\u00e4lisyyden yll\u00e4pit\u00e4misest\u00e4 ja kehitt\u00e4misest\u00e4. KV-vastaava on vastuussa Turun kauppakorkeakoulussa opiskelevien kansainv\u00e4listen [&hellip;]\" \/>\n<meta property=\"og:url\" content=\"https:\/\/www.tuky.fi\/etusivu\/kansainvalisten-asioiden-vastaava\/\" \/>\n<meta property=\"og:site_name\" content=\"Turun KY\" \/>\n<meta property=\"article:modified_time\" content=\"2026-04-08T11:37:28+00:00\" \/>\n<meta name=\"twitter:card\" content=\"summary_large_image\" \/>\n<meta name=\"twitter:label1\" content=\"Arvioitu lukuaika\" \/>\n\t<meta name=\"twitter:data1\" content=\"4 minuuttia\" \/>\n<script type=\"application\/ld+json\" class=\"yoast-schema-graph\">{\"@context\":\"https:\/\/schema.org\",\"@graph\":[{\"@type\":\"WebPage\",\"@id\":\"https:\/\/www.tuky.fi\/etusivu\/kansainvalisten-asioiden-vastaava\/\",\"url\":\"https:\/\/www.tuky.fi\/etusivu\/kansainvalisten-asioiden-vastaava\/\",\"name\":\"Turun KY Kansainv\u00e4listen asioiden vastaava\",\"isPartOf\":{\"@id\":\"https:\/\/www.tuky.fi\/etusivu\/#website\"},\"primaryImageOfPage\":{\"@id\":\"https:\/\/www.tuky.fi\/etusivu\/kansainvalisten-asioiden-vastaava\/#primaryimage\"},\"image\":{\"@id\":\"https:\/\/www.tuky.fi\/etusivu\/kansainvalisten-asioiden-vastaava\/#primaryimage\"},\"thumbnailUrl\":\"\",\"datePublished\":\"2014-10-27T16:12:55+00:00\",\"dateModified\":\"2026-04-08T11:37:28+00:00\",\"breadcrumb\":{\"@id\":\"https:\/\/www.tuky.fi\/etusivu\/kansainvalisten-asioiden-vastaava\/#breadcrumb\"},\"inLanguage\":\"fi\",\"potentialAction\":[{\"@type\":\"ReadAction\",\"target\":[\"https:\/\/www.tuky.fi\/etusivu\/kansainvalisten-asioiden-vastaava\/\"]}]},{\"@type\":\"ImageObject\",\"inLanguage\":\"fi\",\"@id\":\"https:\/\/www.tuky.fi\/etusivu\/kansainvalisten-asioiden-vastaava\/#primaryimage\",\"url\":\"\",\"contentUrl\":\"\"},{\"@type\":\"BreadcrumbList\",\"@id\":\"https:\/\/www.tuky.fi\/etusivu\/kansainvalisten-asioiden-vastaava\/#breadcrumb\",\"itemListElement\":[{\"@type\":\"ListItem\",\"position\":1,\"name\":\"Etusivu\",\"item\":\"https:\/\/www.tuky.fi\/etusivu\/\"},{\"@type\":\"ListItem\",\"position\":2,\"name\":\"Kansainv\u00e4listen asioiden vastaava\"}]},{\"@type\":\"WebSite\",\"@id\":\"https:\/\/www.tuky.fi\/etusivu\/#website\",\"url\":\"https:\/\/www.tuky.fi\/etusivu\/\",\"name\":\"Turun KY\",\"description\":\"TuKY\",\"publisher\":{\"@id\":\"https:\/\/www.tuky.fi\/etusivu\/#organization\"},\"alternateName\":\"TuKY\",\"potentialAction\":[{\"@type\":\"SearchAction\",\"target\":{\"@type\":\"EntryPoint\",\"urlTemplate\":\"https:\/\/www.tuky.fi\/etusivu\/?s={search_term_string}\"},\"query-input\":{\"@type\":\"PropertyValueSpecification\",\"valueRequired\":true,\"valueName\":\"search_term_string\"}}],\"inLanguage\":\"fi\"},{\"@type\":\"Organization\",\"@id\":\"https:\/\/www.tuky.fi\/etusivu\/#organization\",\"name\":\"Turun KY\",\"alternateName\":\"TuKY\",\"url\":\"https:\/\/www.tuky.fi\/etusivu\/\",\"logo\":{\"@type\":\"ImageObject\",\"inLanguage\":\"fi\",\"@id\":\"https:\/\/www.tuky.fi\/etusivu\/#\/schema\/logo\/image\/\",\"url\":\"https:\/\/www.tuky.fi\/wp-content\/uploads\/2024\/09\/TuKY-logo-kulta-1.png\",\"contentUrl\":\"https:\/\/www.tuky.fi\/wp-content\/uploads\/2024\/09\/TuKY-logo-kulta-1.png\",\"width\":1080,\"height\":1080,\"caption\":\"Turun KY\"},\"image\":{\"@id\":\"https:\/\/www.tuky.fi\/etusivu\/#\/schema\/logo\/image\/\"},\"sameAs\":[\"https:\/\/instagram.com\/turunky\",\"https:\/\/linkedin.com\/turunky\"]}]}<\/script>\n<!-- \/ Yoast SEO plugin. -->","yoast_head_json":{"title":"Turun KY Kansainv\u00e4listen asioiden vastaava","robots":{"index":"index","follow":"follow","max-snippet":"max-snippet:-1","max-image-preview":"max-image-preview:large","max-video-preview":"max-video-preview:-1"},"canonical":"https:\/\/www.tuky.fi\/etusivu\/kansainvalisten-asioiden-vastaava\/","og_locale":"fi_FI","og_type":"article","og_title":"Turun KY Kansainv\u00e4listen asioiden vastaava","og_description":"In English below.Kansainv\u00e4listen asioiden vastaava \u00a0 Mit\u00e4 hallituspestiini kuuluu? Turun KY:n kansainv\u00e4listen asioiden vastaava huolehtii yhdistyksen ja sen j\u00e4senten kansainv\u00e4lisyyden yll\u00e4pit\u00e4misest\u00e4 ja kehitt\u00e4misest\u00e4. KV-vastaava on vastuussa Turun kauppakorkeakoulussa opiskelevien kansainv\u00e4listen [&hellip;]","og_url":"https:\/\/www.tuky.fi\/etusivu\/kansainvalisten-asioiden-vastaava\/","og_site_name":"Turun KY","article_modified_time":"2026-04-08T11:37:28+00:00","twitter_card":"summary_large_image","twitter_misc":{"Arvioitu lukuaika":"4 minuuttia"},"schema":{"@context":"https:\/\/schema.org","@graph":[{"@type":"WebPage","@id":"https:\/\/www.tuky.fi\/etusivu\/kansainvalisten-asioiden-vastaava\/","url":"https:\/\/www.tuky.fi\/etusivu\/kansainvalisten-asioiden-vastaava\/","name":"Turun KY Kansainv\u00e4listen asioiden vastaava","isPartOf":{"@id":"https:\/\/www.tuky.fi\/etusivu\/#website"},"primaryImageOfPage":{"@id":"https:\/\/www.tuky.fi\/etusivu\/kansainvalisten-asioiden-vastaava\/#primaryimage"},"image":{"@id":"https:\/\/www.tuky.fi\/etusivu\/kansainvalisten-asioiden-vastaava\/#primaryimage"},"thumbnailUrl":"","datePublished":"2014-10-27T16:12:55+00:00","dateModified":"2026-04-08T11:37:28+00:00","breadcrumb":{"@id":"https:\/\/www.tuky.fi\/etusivu\/kansainvalisten-asioiden-vastaava\/#breadcrumb"},"inLanguage":"fi","potentialAction":[{"@type":"ReadAction","target":["https:\/\/www.tuky.fi\/etusivu\/kansainvalisten-asioiden-vastaava\/"]}]},{"@type":"ImageObject","inLanguage":"fi","@id":"https:\/\/www.tuky.fi\/etusivu\/kansainvalisten-asioiden-vastaava\/#primaryimage","url":"","contentUrl":""},{"@type":"BreadcrumbList","@id":"https:\/\/www.tuky.fi\/etusivu\/kansainvalisten-asioiden-vastaava\/#breadcrumb","itemListElement":[{"@type":"ListItem","position":1,"name":"Etusivu","item":"https:\/\/www.tuky.fi\/etusivu\/"},{"@type":"ListItem","position":2,"name":"Kansainv\u00e4listen asioiden vastaava"}]},{"@type":"WebSite","@id":"https:\/\/www.tuky.fi\/etusivu\/#website","url":"https:\/\/www.tuky.fi\/etusivu\/","name":"Turun KY","description":"TuKY","publisher":{"@id":"https:\/\/www.tuky.fi\/etusivu\/#organization"},"alternateName":"TuKY","potentialAction":[{"@type":"SearchAction","target":{"@type":"EntryPoint","urlTemplate":"https:\/\/www.tuky.fi\/etusivu\/?s={search_term_string}"},"query-input":{"@type":"PropertyValueSpecification","valueRequired":true,"valueName":"search_term_string"}}],"inLanguage":"fi"},{"@type":"Organization","@id":"https:\/\/www.tuky.fi\/etusivu\/#organization","name":"Turun KY","alternateName":"TuKY","url":"https:\/\/www.tuky.fi\/etusivu\/","logo":{"@type":"ImageObject","inLanguage":"fi","@id":"https:\/\/www.tuky.fi\/etusivu\/#\/schema\/logo\/image\/","url":"https:\/\/www.tuky.fi\/wp-content\/uploads\/2024\/09\/TuKY-logo-kulta-1.png","contentUrl":"https:\/\/www.tuky.fi\/wp-content\/uploads\/2024\/09\/TuKY-logo-kulta-1.png","width":1080,"height":1080,"caption":"Turun KY"},"image":{"@id":"https:\/\/www.tuky.fi\/etusivu\/#\/schema\/logo\/image\/"},"sameAs":["https:\/\/instagram.com\/turunky","https:\/\/linkedin.com\/turunky"]}]}},"lang":"fi","translations":{"fi":12452},"pll_sync_post":[],"_links":{"self":[{"href":"https:\/\/www.tuky.fi\/etusivu\/wp-json\/wp\/v2\/pages\/12452","targetHints":{"allow":["GET"]}}],"collection":[{"href":"https:\/\/www.tuky.fi\/etusivu\/wp-json\/wp\/v2\/pages"}],"about":[{"href":"https:\/\/www.tuky.fi\/etusivu\/wp-json\/wp\/v2\/types\/page"}],"author":[{"embeddable":true,"href":"https:\/\/www.tuky.fi\/etusivu\/wp-json\/wp\/v2\/users\/1"}],"replies":[{"embeddable":true,"href":"https:\/\/www.tuky.fi\/etusivu\/wp-json\/wp\/v2\/comments?post=12452"}],"version-history":[{"count":1,"href":"https:\/\/www.tuky.fi\/etusivu\/wp-json\/wp\/v2\/pages\/12452\/revisions"}],"predecessor-version":[{"id":53150,"href":"https:\/\/www.tuky.fi\/etusivu\/wp-json\/wp\/v2\/pages\/12452\/revisions\/53150"}],"wp:featuredmedia":[{"embeddable":true,"href":"https:\/\/www.tuky.fi\/etusivu\/wp-json\/"}],"wp:attachment":[{"href":"https:\/\/www.tuky.fi\/etusivu\/wp-json\/wp\/v2\/media?parent=12452"}],"curies":[{"name":"wp","href":"https:\/\/api.w.org\/{rel}","templated":true}]}}