{"id":12434,"date":"2014-10-27T12:35:05","date_gmt":"2014-10-27T10:35:05","guid":{"rendered":"http:\/\/tuky.fi\/?page_id=12434"},"modified":"2026-04-08T14:37:28","modified_gmt":"2026-04-08T11:37:28","slug":"koulutuspoliittinen-vastaava","status":"publish","type":"page","link":"https:\/\/www.tuky.fi\/etusivu\/koulutuspoliittinen-vastaava\/","title":{"rendered":"Koulutuspoliittinen vastaava"},"content":{"rendered":"<p>[et_pb_section fb_built=&#8221;1&#8243; admin_label=&#8221;section&#8221; _builder_version=&#8221;4.16&#8243; global_colors_info=&#8221;{}&#8221;][et_pb_row _builder_version=&#8221;4.27.4&#8243; _module_preset=&#8221;default&#8221;][et_pb_column _builder_version=&#8221;4.27.4&#8243; _module_preset=&#8221;default&#8221; type=&#8221;4_4&#8243;][et_pb_text _builder_version=&#8221;4.27.4&#8243; _module_preset=&#8221;default&#8221; hover_enabled=&#8221;0&#8243; sticky_enabled=&#8221;0&#8243;]<\/p>\n<p>In English below.<\/p>\n<p>[\/et_pb_text][\/et_pb_column][\/et_pb_row][et_pb_row column_structure=&#8221;3_4,1_4&#8243; _builder_version=&#8221;4.16&#8243; global_colors_info=&#8221;{}&#8221; custom_padding=&#8221;||133px|||&#8221;][et_pb_column type=&#8221;3_4&#8243; _builder_version=&#8221;4.16&#8243; custom_padding=&#8221;|||&#8221; global_colors_info=&#8221;{}&#8221; custom_padding__hover=&#8221;|||&#8221;][et_pb_text _builder_version=&#8221;4.27.4&#8243; hover_enabled=&#8221;0&#8243; global_colors_info=&#8221;{}&#8221; sticky_enabled=&#8221;0&#8243;]<\/p>\n<h1>Koulutuspoliittinen vastaava<\/h1>\n<p>&nbsp;<\/p>\n<h4><span style=\"color: #000000;\">Mit\u00e4 hallituspestiini kuuluu?<\/span><\/h4>\n<p><span style=\"color: #000000;\"><\/span><\/p>\n<p><span style=\"font-weight: 400;\">Koulutuspoliittisen vastaavan t\u00e4rkein teht\u00e4v\u00e4 on huolehtia Turun kauppakorkeakoulun opiskelijoiden opinto- ja koulutusasioiden edunvalvonnasta. Koulutuspoliittinen vastaava eli kopo vastaa kokonaisedunvalvonnasta yhdess\u00e4 sosiaalipoliittisen vastaavan kanssa, ottaa kantaa opinto- ja koulutusasioihin sek\u00e4 edustaa opiskelijoita koulun hallinnossa. Kopo kokoustaa kauppakorkeakoulun johtajiston ja laitosten henkil\u00f6kunnan kanssa s\u00e4\u00e4nn\u00f6llisesti ja pit\u00e4\u00e4 huolen, ett\u00e4 opiskelijoiden \u00e4\u00e4ni kuuluu p\u00e4\u00e4t\u00f6ksenteossa.<\/span><\/p>\n<p><span style=\"font-weight: 400;\">Kopon teht\u00e4viin kuuluu my\u00f6s yhteydenpito eri elimiss\u00e4 toimiviin hallinnon opiskelijaedustajiin eli hallopedeihin, ainej\u00e4rjest\u00f6jen kopoihin, TYYn koulutuspoliittiseen sektoriin sek\u00e4 Suomen ekonomien edustajiin, kuten Kylliin.<\/span><\/p>\n<p><span style=\"font-weight: 400;\">Kopo toimii ainej\u00e4rjest\u00f6jen kopojen apuna ja kokoustaa heid\u00e4n kanssaan s\u00e4\u00e4nn\u00f6llisesti. Lis\u00e4ksi kopo istuu Edunvalvontajaoston hallituksessa ja osallistuu jaoston toimintaan.\u00a0<\/span><\/p>\n<p><span style=\"font-weight: 400;\">Aktiivinen viestint\u00e4 koko j\u00e4senist\u00f6lle sek\u00e4 mahdollisimman monipuolisten osallistumismahdollisuuksien tarjoaminen ajankohtaisiin opintoasioihin liittyen on my\u00f6s t\u00e4rke\u00e4 osa kopotoimintaa. Kopon vastuulla on my\u00f6s Terve Mieli -kyselyn ja KYllupin valmistelu, jako ja analysointi.<\/span><\/p>\n<p><span style=\"font-weight: 400;\">Teht\u00e4v\u00e4t edellytt\u00e4v\u00e4t sitoutumista ja vastuuntuntoa, mutta tarjoavat samalla mahtavia, uusia kokemuksia sek\u00e4 kontakteja yliopistotasolla t\u00e4rkeisiin ja jopa yhteiskunnallisesti merkitt\u00e4viin sidosryhmiin. Teht\u00e4v\u00e4ss\u00e4 p\u00e4\u00e4set tutustumaan kylterikopoihin ymp\u00e4ri Suomea ja saat my\u00f6s mahdollisuuden osallistua kansallisen tason edunvalvontaan Suomen Ekonomien kautta.<\/span><span style=\"font-weight: 400;\">Mik\u00e4li sinulla on kysytt\u00e4v\u00e4\u00e4 koulutuspoliittisen vastaavan teht\u00e4v\u00e4\u00e4n liittyen, tule nyk\u00e4isem\u00e4\u00e4n hihasta tai ota yhteytt\u00e4 laittamalla s\u00e4hk\u00f6postia osoitteeseen <\/span><a href=\"mailto:kopo@tuky.fi\"><span style=\"font-weight: 400;\">kopo@tuky.fi<\/span><\/a><span style=\"font-weight: 400;\">.<\/span><\/p>\n<p><span style=\"font-weight: 400;\"><\/span><\/p>\n<h4><span style=\"color: #000000;\"><b>Kysymykset:<\/b><\/span><\/h4>\n<p><b><br \/><\/b><strong>Yleiset:<\/strong><\/p>\n<ol>\n<li><span>Nimi ja vuosikurssi:<\/span><\/li>\n<li><span>Aktiivisuutesi Turun KY:ll\u00e4 ja muut aiemmat luottamustoimet:<\/span><\/li>\n<li><span>Ensi vuoden suunnitelmasi (ts. muut mahdolliset p\u00e4\u00e4llekk\u00e4iset projektit):<\/span><\/li>\n<\/ol>\n<p><span style=\"font-weight: 400;\"><\/span><\/p>\n<p><strong>Sektorikohtaaiset:<\/strong><\/p>\n<ol>\n<li style=\"font-weight: 400;\" aria-level=\"1\"><span style=\"font-weight: 400;\">Mik\u00e4 motivoi sinua hakemaan juuri koulutuspoliittiseksi vastaavaksi? Mit\u00e4 koulutukseen liittyvi\u00e4 asioita haluaisit edist\u00e4\u00e4 toimiessasi kopona?<\/span><\/li>\n<li style=\"font-weight: 400;\" aria-level=\"1\"><span style=\"font-weight: 400;\">Koulutuspoliittisen vastaavan teht\u00e4v\u00e4 on edustaa Turun KY:n j\u00e4seni\u00e4 sek\u00e4 koulumme toimikunnissa ett\u00e4 tapaamisissa koulumme johdon kanssa. Miten rohkaisisit kuntalaisia tuomaan esiin mielipiteit\u00e4\u00e4n koulutuksellisista asioista, jotta saisit mahdollisimman kattavan kuvan heid\u00e4n n\u00e4kemyksist\u00e4\u00e4n?<\/span><\/li>\n<li style=\"font-weight: 400;\" aria-level=\"1\"><span style=\"font-weight: 400;\">Ainej\u00e4rjest\u00f6ill\u00e4 on omat koulutuspoliittiset vastaavansa, joiden vastuulla on koulutuspoliittinen edunvalvonta oman p\u00e4\u00e4aineensa sis\u00e4ll\u00e4. Mill\u00e4 tavoin tekisit yhteisty\u00f6t\u00e4 AJ-kopojen kanssa ja miten tukisit heit\u00e4 teht\u00e4v\u00e4ss\u00e4\u00e4n?<\/span><\/li>\n<li style=\"font-weight: 400;\" aria-level=\"1\"><span style=\"font-weight: 400;\">Koulutuspoliittinen vastaava toimii my\u00f6s Edunvalvontajaoston hallituksen j\u00e4senen\u00e4. Millaisena n\u00e4et koulutuspoliittisen vastaavan roolin osana EVAa?<\/span><\/li>\n<\/ol>\n<p>[\/et_pb_text][\/et_pb_column][et_pb_column type=&#8221;1_4&#8243; _builder_version=&#8221;4.16&#8243; custom_padding=&#8221;|||&#8221; global_colors_info=&#8221;{}&#8221; custom_padding__hover=&#8221;|||&#8221;][et_pb_team_member name=&#8221;Markus Miilunpalo&#8221; position=&#8221;Koulutuspoliittinen vastaava&#8221; image_url=&#8221;https:\/\/www.tuky.fi\/wp-content\/uploads\/2025\/03\/Markus-Miilunpalo-scaled.jpg&#8221; _builder_version=&#8221;4.27.4&#8243; header_text_color=&#8221;#000000&#8243; hover_enabled=&#8221;0&#8243; global_colors_info=&#8221;{}&#8221; sticky_enabled=&#8221;0&#8243;]<\/p>\n<p>kopo@tuky.fi<\/p>\n<p>[\/et_pb_team_member][\/et_pb_column][\/et_pb_row][et_pb_row column_structure=&#8221;3_4,1_4&#8243; _builder_version=&#8221;4.16&#8243; global_colors_info=&#8221;{}&#8221;][et_pb_column type=&#8221;3_4&#8243; _builder_version=&#8221;4.16&#8243; custom_padding=&#8221;|||&#8221; global_colors_info=&#8221;{}&#8221; custom_padding__hover=&#8221;|||&#8221;][et_pb_text _builder_version=&#8221;4.27.4&#8243; global_colors_info=&#8221;{}&#8221;]<\/p>\n<h1>Head of Educational Affairs<\/h1>\n<p>&nbsp;<\/p>\n<h4><span style=\"color: #000000;\">What does my board position include?<\/span><\/h4>\n<p><span style=\"color: #000000;\"><\/span><\/p>\n<p><span style=\"font-weight: 400;\">The primary responsibility of the Head of Educational Affairs<\/span><span style=\"font-weight: 400;\">\u00a0(known in Finnish as <\/span><i><span style=\"font-weight: 400;\">koulutuspoliittinen vastaava<\/span><\/i><span style=\"font-weight: 400;\"> or <\/span><i><span style=\"font-weight: 400;\">kopo<\/span><\/i><span style=\"font-weight: 400;\">) is to ensure the advocacy of Turku School of Economics students\u2019 interests in matters related to studies and education. The kopo is in charge of general academic advocacy together with the social policy representative, takes a stand on educational and study-related issues, and represents students in the school\u2019s administrative bodies. The kopo meets regularly with the school\u2019s management and de<\/span><\/p>\n<p><span style=\"font-weight: 400;\">partmental staff, ensuring that the students\u2019 voice is heard in decision-making.<\/span><\/p>\n<p><span style=\"font-weight: 400;\">The kopo\u2019s duties also include maintaining contact with student representatives in administration (<\/span><i><span style=\"font-weight: 400;\">hallopeds<\/span><\/i><span style=\"font-weight: 400;\">), academic affairs representatives of subject organizations, the academic affairs sector of the student union of the university of Turku (TYY), and representatives of <\/span><i><span style=\"font-weight: 400;\">Suomen Ekonomit<\/span><\/i><span style=\"font-weight: 400;\">, such as the local Kylli representative.<\/span><\/p>\n<p><span style=\"font-weight: 400;\">The kopo supports and collaborates closely with the subject organizations\u2019 kopos and holds regular meetings with them. In addition, the kopo serves as a member of the board of the advocacy committee (<\/span><i><span style=\"font-weight: 400;\">Edunvalvontajaosto<\/span><\/i><span style=\"font-weight: 400;\">) and participates actively in its work.<\/span><\/p>\n<p><span style=\"font-weight: 400;\">Active communication with all members and providing diverse opportunities for participation in current academic issues are also an important part of the kopo\u2019s work. The kopo is responsible for preparing, distributing, and analyzing the <\/span><b>Terve Mieli<\/b><span style=\"font-weight: 400;\"> and <\/span><b>KYlluppi<\/b><span style=\"font-weight: 400;\"> surveys.<\/span><\/p>\n<p><span style=\"font-weight: 400;\">The position requires commitment and a strong sense of responsibility but also offers valuable new experiences and connections with key university-level and even nationally significant stakeholders. The role also provides opportunities to network with other business student kopos across Finland and to participate in national-level advocacy through the Suomen Ekonomit.<\/span><\/p>\n<p><span style=\"font-weight: 400;\">If you have any questions regarding the academic affairs representative position, feel free to come talk to me or send an email to <\/span><b>kopo@tuky.fi<\/b><span style=\"font-weight: 400;\">.<\/span><\/p>\n<p><span style=\"font-weight: 400;\"><\/span><\/p>\n<h4><span style=\"color: #000000;\"><b>Questions:<\/b><\/span><\/h4>\n<p><b><br \/><\/b><strong>General:<\/strong><\/p>\n<ol>\n<li><span>Your name and class? <\/span><\/li>\n<li><span>Your activity within Turun KY and other previous positions of trust:<\/span><\/li>\n<li><span>Your plans for the upcoming year (i.e. any other potential overlapping projects):<\/span><\/li>\n<\/ol>\n<p><span style=\"font-weight: 400;\"><\/span><\/p>\n<p><strong>Sector-specific:<\/strong><\/p>\n<ol>\n<li style=\"font-weight: 400;\" aria-level=\"1\"><span style=\"font-weight: 400;\">What motivates you to apply for the position of Academic Affairs Representative? What educational or study-related matters would you like to promote as kopo?<\/span><span style=\"font-weight: 400;\"><br \/><\/span><\/li>\n<li style=\"font-weight: 400;\" aria-level=\"1\"><span style=\"font-weight: 400;\">The Academic Affairs Representative represents Turun KY\u2019s members both in school committees and in meetings with the school\u2019s management. How would you encourage members to share their opinions on educational matters to gain a comprehensive understanding of their perspectives?<\/span><span style=\"font-weight: 400;\"><br \/><\/span><\/li>\n<li style=\"font-weight: 400;\" aria-level=\"1\"><span style=\"font-weight: 400;\">Each subject organization has its own academic affairs representative responsible for advocacy within their major. How would you collaborate with the subject organization kopos and support them in their work?<\/span><span style=\"font-weight: 400;\"><br \/><\/span><\/li>\n<li style=\"font-weight: 400;\" aria-level=\"1\"><span style=\"font-weight: 400;\">The Academic Affairs Representative also serves as a member of the Advocacy Committee\u2019s Board. How do you view the kopo\u2019s role within EVA?<\/span><span style=\"font-weight: 400;\"><\/span><\/li>\n<\/ol>\n<p>[\/et_pb_text][\/et_pb_column][et_pb_column type=&#8221;1_4&#8243; _builder_version=&#8221;4.16&#8243; custom_padding=&#8221;|||&#8221; global_colors_info=&#8221;{}&#8221; custom_padding__hover=&#8221;|||&#8221;][et_pb_team_member name=&#8221;Markus Miilunpalo&#8221; position=&#8221;Head of Educational Affairs&#8221; image_url=&#8221;https:\/\/www.tuky.fi\/wp-content\/uploads\/2025\/03\/Markus-Miilunpalo-scaled.jpg&#8221; _builder_version=&#8221;4.27.4&#8243; header_text_color=&#8221;#000000&#8243; global_colors_info=&#8221;{}&#8221;]<\/p>\n<p>kopo@tuky.fi<\/p>\n<p>[\/et_pb_team_member][\/et_pb_column][\/et_pb_row][\/et_pb_section]<\/p>\n","protected":false},"excerpt":{"rendered":"<p>In English below.Koulutuspoliittinen vastaava &nbsp; Mit\u00e4 hallituspestiini kuuluu? Koulutuspoliittisen vastaavan t\u00e4rkein teht\u00e4v\u00e4 on huolehtia Turun kauppakorkeakoulun opiskelijoiden opinto- ja koulutusasioiden edunvalvonnasta. Koulutuspoliittinen vastaava eli kopo vastaa kokonaisedunvalvonnasta yhdess\u00e4 sosiaalipoliittisen vastaavan [&hellip;]<\/p>\n","protected":false},"author":1,"featured_media":16130,"parent":0,"menu_order":4,"comment_status":"open","ping_status":"closed","template":"","meta":{"_et_pb_use_builder":"on","_et_pb_old_content":"\u00a0\r\n\r\n[caption id=\"attachment_17135\" align=\"aligncenter\" width=\"230\"]<img class=\"wp-image-17135\" src=\"http:\/\/turunky.fi\/wordpress\/wp-content\/uploads\/2016\/01\/Oulaa-796x1024.jpg\" alt=\"Oulaa\" width=\"230\" height=\"296\" \/> Oula Huttunen[\/caption]\r\n\r\n\u00a0\r\n\r\n<strong>Mit\u00e4 hallituspestiini kuuluu?<\/strong>\r\n\r\nKoulutuspoliittisen vastaavan teht\u00e4v\u00e4kentt\u00e4\u00e4n kuuluu Turun kauppakorkeakoulussa opiskelevien opinto- ja koulutusasioiden edunvalvonta ja edist\u00e4minen. Kopovastaava edustaa opiskelijoita hallinnossa, koordinoi kokonaisedunvalvontaa ja ottaa kantaa opinto- ja koulutusasioihin. H\u00e4n kokoustaa kauppakorkeakoulun johtajiston, opintotoimiston ja laitosten henkil\u00f6kunnan kanssa s\u00e4\u00e4nn\u00f6llisesti ja pit\u00e4\u00e4 huolen, ett\u00e4 opiskelijoiden \u00e4\u00e4ni kuuluu meit\u00e4 koskevassa p\u00e4\u00e4t\u00f6ksenteossa. Kopo on yhteydess\u00e4 eri elimiss\u00e4 toimiviin hallopedeihin (hallinnon opiskelijaedustajat), ainej\u00e4rjest\u00f6jen kopoihin, TYYn koulutuspoliittiseen sektoriin sek\u00e4 Suomen ekonomien edustajiin kopoasioista. Eritt\u00e4in t\u00e4rke\u00e4 osa kopoa on my\u00f6s aktiivinen viestint\u00e4 koko j\u00e4senist\u00f6lle sek\u00e4 mahdollisimman monipuolinen osallistumismahdollisuuksien antaminen kaikille kommentoida ja osallistua heit\u00e4 koskevaan p\u00e4\u00e4t\u00f6ksentekoon ja ajankohtaisiin opintoasioihin kauppakorkeakoululla.\r\n\r\nMik\u00e4li sinulla on kysytt\u00e4v\u00e4\u00e4 hallituspestiini liittyen, voit laittaa s\u00e4hk\u00f6postia osoitteeseen\u00a0<a href=\"mailto:kopo@tuky.fi\">kopo@tuky.fi<\/a>.\r\n\r\n[separator]\r\n\r\n<strong>Kysymykset:<\/strong>\r\n\r\nYleiset:\r\n\r\n1. Nimi ja vuosikurssi\r\n2. Aktiivisuutesi Turun KY:ll\u00e4 ja muut aiemmat luottamustoimet?\r\n3. Ensi vuoden suunnitelmasi\u00a0(ts. muut mahdolliset p\u00e4\u00e4llekk\u00e4iset projektit)\r\n\r\nSektorikohtaiset:\r\n\r\n1. Kerro aikaisemmasta edunvalvontakokemuksestasi.\r\n2. Kerro omasta mielest\u00e4si Turun KY:n kolme t\u00e4rkeint\u00e4 koulutuspoliittista haastetta t\u00e4ll\u00e4 hetkell\u00e4.\r\n3. Miten tekisit koulutuspolitiikasta koko j\u00e4senist\u00f6n asian?\r\n4. Miten parantaisit opiskelijoiden ja TuKKK:n henkil\u00f6kunnan v\u00e4lisi\u00e4 suhteita ja vuorovaikutusta?","_et_gb_content_width":"","footnotes":""},"class_list":["post-12434","page","type-page","status-publish","has-post-thumbnail","hentry"],"yoast_head":"<!-- This site is optimized with the Yoast SEO plugin v27.2 - https:\/\/yoast.com\/product\/yoast-seo-wordpress\/ -->\n<title>Turun KY Koulutuspoliittinen vastaava<\/title>\n<meta name=\"robots\" content=\"index, follow, max-snippet:-1, max-image-preview:large, max-video-preview:-1\" \/>\n<link rel=\"canonical\" href=\"https:\/\/www.tuky.fi\/etusivu\/koulutuspoliittinen-vastaava\/\" \/>\n<meta property=\"og:locale\" content=\"fi_FI\" \/>\n<meta property=\"og:type\" content=\"article\" \/>\n<meta property=\"og:title\" content=\"Turun KY Koulutuspoliittinen vastaava\" \/>\n<meta property=\"og:description\" content=\"In English below.Koulutuspoliittinen vastaava &nbsp; Mit\u00e4 hallituspestiini kuuluu? Koulutuspoliittisen vastaavan t\u00e4rkein teht\u00e4v\u00e4 on huolehtia Turun kauppakorkeakoulun opiskelijoiden opinto- ja koulutusasioiden edunvalvonnasta. Koulutuspoliittinen vastaava eli kopo vastaa kokonaisedunvalvonnasta yhdess\u00e4 sosiaalipoliittisen vastaavan [&hellip;]\" \/>\n<meta property=\"og:url\" content=\"https:\/\/www.tuky.fi\/etusivu\/koulutuspoliittinen-vastaava\/\" \/>\n<meta property=\"og:site_name\" content=\"Turun KY\" \/>\n<meta property=\"article:modified_time\" content=\"2026-04-08T11:37:28+00:00\" \/>\n<meta name=\"twitter:card\" content=\"summary_large_image\" \/>\n<meta name=\"twitter:label1\" content=\"Arvioitu lukuaika\" \/>\n\t<meta name=\"twitter:data1\" content=\"5 minuuttia\" \/>\n<script type=\"application\/ld+json\" class=\"yoast-schema-graph\">{\"@context\":\"https:\/\/schema.org\",\"@graph\":[{\"@type\":\"WebPage\",\"@id\":\"https:\/\/www.tuky.fi\/etusivu\/koulutuspoliittinen-vastaava\/\",\"url\":\"https:\/\/www.tuky.fi\/etusivu\/koulutuspoliittinen-vastaava\/\",\"name\":\"Turun KY Koulutuspoliittinen vastaava\",\"isPartOf\":{\"@id\":\"https:\/\/www.tuky.fi\/etusivu\/#website\"},\"primaryImageOfPage\":{\"@id\":\"https:\/\/www.tuky.fi\/etusivu\/koulutuspoliittinen-vastaava\/#primaryimage\"},\"image\":{\"@id\":\"https:\/\/www.tuky.fi\/etusivu\/koulutuspoliittinen-vastaava\/#primaryimage\"},\"thumbnailUrl\":\"\",\"datePublished\":\"2014-10-27T10:35:05+00:00\",\"dateModified\":\"2026-04-08T11:37:28+00:00\",\"breadcrumb\":{\"@id\":\"https:\/\/www.tuky.fi\/etusivu\/koulutuspoliittinen-vastaava\/#breadcrumb\"},\"inLanguage\":\"fi\",\"potentialAction\":[{\"@type\":\"ReadAction\",\"target\":[\"https:\/\/www.tuky.fi\/etusivu\/koulutuspoliittinen-vastaava\/\"]}]},{\"@type\":\"ImageObject\",\"inLanguage\":\"fi\",\"@id\":\"https:\/\/www.tuky.fi\/etusivu\/koulutuspoliittinen-vastaava\/#primaryimage\",\"url\":\"\",\"contentUrl\":\"\"},{\"@type\":\"BreadcrumbList\",\"@id\":\"https:\/\/www.tuky.fi\/etusivu\/koulutuspoliittinen-vastaava\/#breadcrumb\",\"itemListElement\":[{\"@type\":\"ListItem\",\"position\":1,\"name\":\"Etusivu\",\"item\":\"https:\/\/www.tuky.fi\/etusivu\/\"},{\"@type\":\"ListItem\",\"position\":2,\"name\":\"Koulutuspoliittinen vastaava\"}]},{\"@type\":\"WebSite\",\"@id\":\"https:\/\/www.tuky.fi\/etusivu\/#website\",\"url\":\"https:\/\/www.tuky.fi\/etusivu\/\",\"name\":\"Turun KY\",\"description\":\"TuKY\",\"publisher\":{\"@id\":\"https:\/\/www.tuky.fi\/etusivu\/#organization\"},\"alternateName\":\"TuKY\",\"potentialAction\":[{\"@type\":\"SearchAction\",\"target\":{\"@type\":\"EntryPoint\",\"urlTemplate\":\"https:\/\/www.tuky.fi\/etusivu\/?s={search_term_string}\"},\"query-input\":{\"@type\":\"PropertyValueSpecification\",\"valueRequired\":true,\"valueName\":\"search_term_string\"}}],\"inLanguage\":\"fi\"},{\"@type\":\"Organization\",\"@id\":\"https:\/\/www.tuky.fi\/etusivu\/#organization\",\"name\":\"Turun KY\",\"alternateName\":\"TuKY\",\"url\":\"https:\/\/www.tuky.fi\/etusivu\/\",\"logo\":{\"@type\":\"ImageObject\",\"inLanguage\":\"fi\",\"@id\":\"https:\/\/www.tuky.fi\/etusivu\/#\/schema\/logo\/image\/\",\"url\":\"https:\/\/www.tuky.fi\/wp-content\/uploads\/2024\/09\/TuKY-logo-kulta-1.png\",\"contentUrl\":\"https:\/\/www.tuky.fi\/wp-content\/uploads\/2024\/09\/TuKY-logo-kulta-1.png\",\"width\":1080,\"height\":1080,\"caption\":\"Turun KY\"},\"image\":{\"@id\":\"https:\/\/www.tuky.fi\/etusivu\/#\/schema\/logo\/image\/\"},\"sameAs\":[\"https:\/\/instagram.com\/turunky\",\"https:\/\/linkedin.com\/turunky\"]}]}<\/script>\n<!-- \/ Yoast SEO plugin. -->","yoast_head_json":{"title":"Turun KY Koulutuspoliittinen vastaava","robots":{"index":"index","follow":"follow","max-snippet":"max-snippet:-1","max-image-preview":"max-image-preview:large","max-video-preview":"max-video-preview:-1"},"canonical":"https:\/\/www.tuky.fi\/etusivu\/koulutuspoliittinen-vastaava\/","og_locale":"fi_FI","og_type":"article","og_title":"Turun KY Koulutuspoliittinen vastaava","og_description":"In English below.Koulutuspoliittinen vastaava &nbsp; Mit\u00e4 hallituspestiini kuuluu? Koulutuspoliittisen vastaavan t\u00e4rkein teht\u00e4v\u00e4 on huolehtia Turun kauppakorkeakoulun opiskelijoiden opinto- ja koulutusasioiden edunvalvonnasta. Koulutuspoliittinen vastaava eli kopo vastaa kokonaisedunvalvonnasta yhdess\u00e4 sosiaalipoliittisen vastaavan [&hellip;]","og_url":"https:\/\/www.tuky.fi\/etusivu\/koulutuspoliittinen-vastaava\/","og_site_name":"Turun KY","article_modified_time":"2026-04-08T11:37:28+00:00","twitter_card":"summary_large_image","twitter_misc":{"Arvioitu lukuaika":"5 minuuttia"},"schema":{"@context":"https:\/\/schema.org","@graph":[{"@type":"WebPage","@id":"https:\/\/www.tuky.fi\/etusivu\/koulutuspoliittinen-vastaava\/","url":"https:\/\/www.tuky.fi\/etusivu\/koulutuspoliittinen-vastaava\/","name":"Turun KY Koulutuspoliittinen vastaava","isPartOf":{"@id":"https:\/\/www.tuky.fi\/etusivu\/#website"},"primaryImageOfPage":{"@id":"https:\/\/www.tuky.fi\/etusivu\/koulutuspoliittinen-vastaava\/#primaryimage"},"image":{"@id":"https:\/\/www.tuky.fi\/etusivu\/koulutuspoliittinen-vastaava\/#primaryimage"},"thumbnailUrl":"","datePublished":"2014-10-27T10:35:05+00:00","dateModified":"2026-04-08T11:37:28+00:00","breadcrumb":{"@id":"https:\/\/www.tuky.fi\/etusivu\/koulutuspoliittinen-vastaava\/#breadcrumb"},"inLanguage":"fi","potentialAction":[{"@type":"ReadAction","target":["https:\/\/www.tuky.fi\/etusivu\/koulutuspoliittinen-vastaava\/"]}]},{"@type":"ImageObject","inLanguage":"fi","@id":"https:\/\/www.tuky.fi\/etusivu\/koulutuspoliittinen-vastaava\/#primaryimage","url":"","contentUrl":""},{"@type":"BreadcrumbList","@id":"https:\/\/www.tuky.fi\/etusivu\/koulutuspoliittinen-vastaava\/#breadcrumb","itemListElement":[{"@type":"ListItem","position":1,"name":"Etusivu","item":"https:\/\/www.tuky.fi\/etusivu\/"},{"@type":"ListItem","position":2,"name":"Koulutuspoliittinen vastaava"}]},{"@type":"WebSite","@id":"https:\/\/www.tuky.fi\/etusivu\/#website","url":"https:\/\/www.tuky.fi\/etusivu\/","name":"Turun KY","description":"TuKY","publisher":{"@id":"https:\/\/www.tuky.fi\/etusivu\/#organization"},"alternateName":"TuKY","potentialAction":[{"@type":"SearchAction","target":{"@type":"EntryPoint","urlTemplate":"https:\/\/www.tuky.fi\/etusivu\/?s={search_term_string}"},"query-input":{"@type":"PropertyValueSpecification","valueRequired":true,"valueName":"search_term_string"}}],"inLanguage":"fi"},{"@type":"Organization","@id":"https:\/\/www.tuky.fi\/etusivu\/#organization","name":"Turun KY","alternateName":"TuKY","url":"https:\/\/www.tuky.fi\/etusivu\/","logo":{"@type":"ImageObject","inLanguage":"fi","@id":"https:\/\/www.tuky.fi\/etusivu\/#\/schema\/logo\/image\/","url":"https:\/\/www.tuky.fi\/wp-content\/uploads\/2024\/09\/TuKY-logo-kulta-1.png","contentUrl":"https:\/\/www.tuky.fi\/wp-content\/uploads\/2024\/09\/TuKY-logo-kulta-1.png","width":1080,"height":1080,"caption":"Turun KY"},"image":{"@id":"https:\/\/www.tuky.fi\/etusivu\/#\/schema\/logo\/image\/"},"sameAs":["https:\/\/instagram.com\/turunky","https:\/\/linkedin.com\/turunky"]}]}},"lang":"fi","translations":{"fi":12434},"pll_sync_post":[],"_links":{"self":[{"href":"https:\/\/www.tuky.fi\/etusivu\/wp-json\/wp\/v2\/pages\/12434","targetHints":{"allow":["GET"]}}],"collection":[{"href":"https:\/\/www.tuky.fi\/etusivu\/wp-json\/wp\/v2\/pages"}],"about":[{"href":"https:\/\/www.tuky.fi\/etusivu\/wp-json\/wp\/v2\/types\/page"}],"author":[{"embeddable":true,"href":"https:\/\/www.tuky.fi\/etusivu\/wp-json\/wp\/v2\/users\/1"}],"replies":[{"embeddable":true,"href":"https:\/\/www.tuky.fi\/etusivu\/wp-json\/wp\/v2\/comments?post=12434"}],"version-history":[{"count":1,"href":"https:\/\/www.tuky.fi\/etusivu\/wp-json\/wp\/v2\/pages\/12434\/revisions"}],"predecessor-version":[{"id":53151,"href":"https:\/\/www.tuky.fi\/etusivu\/wp-json\/wp\/v2\/pages\/12434\/revisions\/53151"}],"wp:featuredmedia":[{"embeddable":true,"href":"https:\/\/www.tuky.fi\/etusivu\/wp-json\/"}],"wp:attachment":[{"href":"https:\/\/www.tuky.fi\/etusivu\/wp-json\/wp\/v2\/media?parent=12434"}],"curies":[{"name":"wp","href":"https:\/\/api.w.org\/{rel}","templated":true}]}}